{"id":12001,"date":"2023-01-06T11:41:57","date_gmt":"2023-01-06T11:41:57","guid":{"rendered":"https:\/\/kraftlager.lv\/lv\/?post_type=product&#038;p=12001"},"modified":"2025-01-10T12:11:37","modified_gmt":"2025-01-10T12:11:37","slug":"victorian-stila-dvielu-zavetajs-914x535","status":"publish","type":"product","link":"https:\/\/kraftlager.lv\/lv\/products\/victorian-stila-dvielu-zavetajs-914x535\/","title":{"rendered":"Victorian Stila Dvie\u013cu \u017d\u0101v\u0113t\u0101js 914&#215;535"},"content":{"rendered":"<p>Ang\u013cu stila VICTORIAN dvie\u013cu \u017e\u0101v\u0113t\u0101js lieliski ieder\u0113sies vannasistab\u0101, virtuv\u0113 vai istab\u0101, viedojot vintage stila dizainu telp\u0101s. Apkures piesl\u0113gums izveidots radiatora k\u0101j\u0101s, kas \u013cauj piesl\u0113gumu radiatoram izveidot gan no sienas, gan no gr\u012bdas. Radiatora apkures peisl\u0113gums 1\/2 (21mm) puscolla (venti\u013ci neietilpst radiatora komplekt\u0101cij\u0101).<\/p>\n<p><span class=\"Y2IQFc\" lang=\"lv\"> Maks. Darba spiediens 6 bar <\/span><\/p>\n<p><span class=\"Y2IQFc\" lang=\"lv\">Maks. Darba temperat\u016bra 80 \u00b0C <\/span><\/p>\n<p><span class=\"Y2IQFc\" lang=\"lv\">Jauda &#8211; (vati\/kw) 198 W <\/span><\/p>\n<p><span class=\"Y2IQFc\" lang=\"lv\">Produkta augstums 914 mm <\/span><\/p>\n<p><span class=\"Y2IQFc\" lang=\"lv\">Produkta veids Dvie\u013cu radiators <\/span><\/p>\n<p><span class=\"Y2IQFc\" lang=\"lv\">Produkta platums 535 mm <\/span><\/p>\n<p><span class=\"Y2IQFc\" lang=\"lv\">Komplekt\u0101 ietilpst radiatora kron\u0161teini Radiatora p\u0101rkl\u0101jums un apdare ar hrom\u0113tu p\u0101rkl\u0101jumu Kop\u0113jais produkta svars 6,4 kg Att\u0101lums no sienas l\u012bdz centram (standarta kron\u0161teins) 118 mm<\/span><\/p>\n","protected":false},"excerpt":{"rendered":"<p>Ang\u013cu stila VICTORIAN dvie\u013cu \u017e\u0101v\u0113t\u0101js lieliski ieder\u0113sies vannasistab\u0101, virtuv\u0113 vai istab\u0101, viedojot vintage stila dizainu telp\u0101s. Apkures piesl\u0113gums izveidots radiatora k\u0101j\u0101s, kas \u013cauj piesl\u0113gumu radiatoram izveidot gan no sienas, gan no gr\u012bdas. Radiatora apkures peisl\u0113gums 1\/2 (21mm) puscolla (venti\u013ci neietilpst radiatora komplekt\u0101cij\u0101). Maks. Darba spiediens 6 bar Maks. Darba temperat\u016bra 80 \u00b0C Jauda &#8211; (vati\/kw) [&hellip;]<\/p>\n","protected":false},"featured_media":12002,"comment_status":"closed","ping_status":"closed","template":"","meta":{"inline_featured_image":false,"_uf_show_specific_survey":0,"_uf_disable_surveys":false},"product_brand":[],"product_cat":[2439],"product_tag":[464,2050,2475,404,436,2476,2046,249,2053,2486],"class_list":{"0":"post-12001","1":"product","2":"type-product","3":"status-publish","4":"has-post-thumbnail","6":"product_cat-dvielu-zavetaji","7":"product_tag-cena-dvielu-zavetajs","8":"product_tag-cena-leta-radiators-vertikals","9":"product_tag-designer-radiators","10":"product_tag-dizaina-radiators","11":"product_tag-dvielu-radiators","12":"product_tag-exclusive-radiators","13":"product_tag-radiators-vertikals-akcija","14":"product_tag-radiators","15":"product_tag-2053","16":"product_tag-2486","19":"first","20":"instock","21":"sale","22":"featured","23":"taxable","24":"shipping-taxable","25":"purchasable","26":"product-type-simple"},"_links":{"self":[{"href":"https:\/\/kraftlager.lv\/lv\/wp-json\/wp\/v2\/product\/12001","targetHints":{"allow":["GET"]}}],"collection":[{"href":"https:\/\/kraftlager.lv\/lv\/wp-json\/wp\/v2\/product"}],"about":[{"href":"https:\/\/kraftlager.lv\/lv\/wp-json\/wp\/v2\/types\/product"}],"replies":[{"embeddable":true,"href":"https:\/\/kraftlager.lv\/lv\/wp-json\/wp\/v2\/comments?post=12001"}],"wp:featuredmedia":[{"embeddable":true,"href":"https:\/\/kraftlager.lv\/lv\/wp-json\/wp\/v2\/media\/12002"}],"wp:attachment":[{"href":"https:\/\/kraftlager.lv\/lv\/wp-json\/wp\/v2\/media?parent=12001"}],"wp:term":[{"taxonomy":"product_brand","embeddable":true,"href":"https:\/\/kraftlager.lv\/lv\/wp-json\/wp\/v2\/product_brand?post=12001"},{"taxonomy":"product_cat","embeddable":true,"href":"https:\/\/kraftlager.lv\/lv\/wp-json\/wp\/v2\/product_cat?post=12001"},{"taxonomy":"product_tag","embeddable":true,"href":"https:\/\/kraftlager.lv\/lv\/wp-json\/wp\/v2\/product_tag?post=12001"}],"curies":[{"name":"wp","href":"https:\/\/api.w.org\/{rel}","templated":true}]}}