{"id":12205,"date":"2022-02-14T15:40:26","date_gmt":"2022-02-14T15:40:26","guid":{"rendered":"https:\/\/kraftlager.lv\/lv\/?post_type=product&#038;p=12205"},"modified":"2024-08-06T15:07:34","modified_gmt":"2024-08-06T15:07:34","slug":"antracita-vertikalais-radiators-1800x445","status":"publish","type":"product","link":"https:\/\/kraftlager.lv\/lv\/products\/antracita-vertikalais-radiators-1800x445\/","title":{"rendered":"Antrac\u012bta kr\u0101sas vertik\u0101lais dizaina radiators 1800&#215;600"},"content":{"rendered":"<p>Antrac\u012bta kr\u0101sas vertik\u0101lais\/horizont\u0101lais t\u0113rauda radiators ar izm\u0113riem 1800x600mm, radiators piel\u0101gojams uzst\u0101d\u012b\u0161anai gan vertik\u0101li, gan horizont\u0101li.<\/p>\n<p>Galven\u0101 dizaina radiatoru at\u0161\u0137ir\u012bba, starp standarta radiatoru ir t\u0101 vienm\u0113r\u012bg\u0101 siltumatdeve, nesadedzinot telpas gaisu (siltum\u016bra princips).<\/p>\n<p>Tam ir skaists, augstas kvalit\u0101tes epoks\u012bda kr\u0101sas p\u0101rkl\u0101jums<br \/>\nIzgatavots no t\u0113rauda un metin\u0101ts ar l\u0101zeru, lai izveidotu perfektu bez\u0161uvju apdari<\/p>\n<p>&nbsp;<\/p>\n<p>&nbsp;<\/p>\n","protected":false},"excerpt":{"rendered":"<p>Antrac\u012bta kr\u0101sas vertik\u0101lais\/horizont\u0101lais t\u0113rauda radiators ar izm\u0113riem 1800x600mm, radiators piel\u0101gojams uzst\u0101d\u012b\u0161anai gan vertik\u0101li, gan horizont\u0101li. Galven\u0101 dizaina radiatoru at\u0161\u0137ir\u012bba, starp standarta radiatoru ir t\u0101 vienm\u0113r\u012bg\u0101 siltumatdeve, nesadedzinot telpas gaisu (siltum\u016bra princips). Tam ir skaists, augstas kvalit\u0101tes epoks\u012bda kr\u0101sas p\u0101rkl\u0101jums Izgatavots no t\u0113rauda un metin\u0101ts ar l\u0101zeru, lai izveidotu perfektu bez\u0161uvju apdari &nbsp; &nbsp;<\/p>\n","protected":false},"featured_media":12206,"comment_status":"closed","ping_status":"closed","template":"","meta":{"inline_featured_image":false,"_uf_show_specific_survey":0,"_uf_disable_surveys":false},"product_brand":[],"product_cat":[128],"product_tag":[452,453,454],"class_list":{"0":"post-12205","1":"product","2":"type-product","3":"status-publish","4":"has-post-thumbnail","6":"product_cat-radiatori","7":"product_tag-cuguna-tipa-dizaina-radiators","8":"product_tag-grafita-krasas-dizaina-radiatros-vertikals","9":"product_tag-melns-dizaina-vertikals-radiatros","12":"first","13":"outofstock","14":"sale","15":"taxable","16":"shipping-taxable","17":"purchasable","18":"product-type-simple"},"_links":{"self":[{"href":"https:\/\/kraftlager.lv\/lv\/wp-json\/wp\/v2\/product\/12205","targetHints":{"allow":["GET"]}}],"collection":[{"href":"https:\/\/kraftlager.lv\/lv\/wp-json\/wp\/v2\/product"}],"about":[{"href":"https:\/\/kraftlager.lv\/lv\/wp-json\/wp\/v2\/types\/product"}],"replies":[{"embeddable":true,"href":"https:\/\/kraftlager.lv\/lv\/wp-json\/wp\/v2\/comments?post=12205"}],"wp:featuredmedia":[{"embeddable":true,"href":"https:\/\/kraftlager.lv\/lv\/wp-json\/wp\/v2\/media\/12206"}],"wp:attachment":[{"href":"https:\/\/kraftlager.lv\/lv\/wp-json\/wp\/v2\/media?parent=12205"}],"wp:term":[{"taxonomy":"product_brand","embeddable":true,"href":"https:\/\/kraftlager.lv\/lv\/wp-json\/wp\/v2\/product_brand?post=12205"},{"taxonomy":"product_cat","embeddable":true,"href":"https:\/\/kraftlager.lv\/lv\/wp-json\/wp\/v2\/product_cat?post=12205"},{"taxonomy":"product_tag","embeddable":true,"href":"https:\/\/kraftlager.lv\/lv\/wp-json\/wp\/v2\/product_tag?post=12205"}],"curies":[{"name":"wp","href":"https:\/\/api.w.org\/{rel}","templated":true}]}}