{"id":13220,"date":"2021-02-09T12:51:58","date_gmt":"2021-02-09T12:51:58","guid":{"rendered":"https:\/\/kraftlager.lv\/lv\/?post_type=product&#038;p=13220"},"modified":"2023-06-01T10:42:15","modified_gmt":"2023-06-01T10:42:15","slug":"karcher-puzzi-200-paklaju-miksto-mebelu-tiritaja-ire","status":"publish","type":"product","link":"https:\/\/kraftlager.lv\/lv\/products\/karcher-puzzi-200-paklaju-miksto-mebelu-tiritaja-ire\/","title":{"rendered":"KARCHER PUZZI 200 pakl\u0101ju, m\u012bksto m\u0113be\u013cu t\u012br\u012bt\u0101ja noma"},"content":{"rendered":"<p>KARCHER PUZZI 200 &#8211; ir profesion\u0101la m\u012bksto m\u0113be\u013cu un pakl\u0101ju uzkop\u0161anas ier\u012bce. KARCHER v\u0101rds nu jau visiem ir paz\u012bstams un tie\u0161i telpu uzkop\u0161anas zi\u0146\u0101 tas izce\u013cas visspilgt\u0101k, it \u012bpa\u0161i, ja runa iet par m\u012bksto m\u0113b\u0113\u013cu uzkop\u0161anas iek\u0101rt\u0101m, tad dro\u0161i varam teikt, ka KARCHER ir nr. 1 pasaul\u0113.<\/p>\n<p>Profesion\u0101las t\u012br\u012b\u0161anas iek\u0101rtas izmaks\u0101 d\u0101rgi, t\u0101p\u0101t d\u0101rga ir to uztur\u0113\u0161ana un t\u0101s nepiecie\u0161amas tikai p\u0101ris reizes gad\u0101, t\u0101d\u0113\u013c noteikti izdev\u012bg\u0101k t\u0101s ir \u012br\u0113t nek\u0101 k\u0101 pa\u0161am ieg\u0101d\u0101ties. KARCHER PUZZI 200 nav iz\u0146\u0113mums, tas lieliski izt\u012bra traipus no m\u012bkstaj\u0101m m\u0113b\u0113l\u0113m un pakl\u0101ja, atjaunojot to iepriek\u0161\u0113jo izskatu.<\/p>\n<p>Ja m\u0101j\u0101s neesat vien\u012bgie iem\u012btnieki, bet ar jums kop\u0101 saimnieko b\u0113rni un m\u0101jdz\u012bvnieki, tad nejau\u0161i traipi uz pakl\u0101ja vai m\u012bkstaj\u0101m m\u0113bel\u0113m ir ikdiena. \u0160\u0101d\u0101 gad\u012bjum\u0101 bez profesion\u0101las tehnikas iejauk\u0161an\u0101s p\u0101ris reizes gad\u0101 neiztikt. Ar\u012b dz\u012bvojot vienam pa\u0161am, lai cik t\u012br\u012bgi necenstos,\u00a0 m\u012bkst\u0101s virsmas uzkr\u0101j sev\u012b putek\u013cus un citus net\u012brumus, t\u0101d\u0113\u013c lielaj\u0101 pavasara t\u012br\u012b\u0161an\u0101 lieder\u012bgi ir atsvaidzin\u0101t virsmu. Tas pats attiecas uz auto saloniem, ne katrs var at\u013cauties un ne katram ir vajadz\u012bgs vest auto uz \u0137\u012bmisko salona t\u012br\u012b\u0161anu- lieliska alternat\u012bva b\u016bs KARCHER PUZZI 200.<\/p>\n<p>Prakse r\u0101da, ka m\u0101jsainiec\u012bbas parasti izv\u0113las nom\u0101t t\u012br\u012b\u0161anas iek\u0101rtu uz 2.dienakt\u012bm, pirmo dienu tiek c\u012bt\u012bgi viekta m\u0101jas uzkop\u0161ana, otro dienu tiek sakopts piem\u0101jas autoparks.<\/p>\n<p>KARCHER PUZZI 200 nomas komplekt\u0101 ietilpst &#8211; Karcher puzzi 200 t\u012br\u012b\u0161anas iek\u0101rta ar diviem uzga\u013ciem, mazais uzgalis paredz\u0113ts m\u012bksto m\u0113b\u0113\u013cu un auto salonu t\u012br\u012b\u0161anai, savuk\u0101rt lielais uzgalis uz k\u0101ta, paredz\u0113ts pakl\u0101ju t\u012br\u012b\u0161anai.<\/p>\n<p>KARCHER PUZZI 200 specifik\u0101cija &#8211;<\/p>\n<ul>\n<li>Jauda &#8211; 1250w<\/li>\n<li>Max. ies\u016bk\u0161anas jauda &#8211; 220.milib\u0101ri<\/li>\n<li>T\u012br\u0101\/net\u012br\u0101 \u016bdens tvertne &#8211; 10\/9 litri<\/li>\n<li>Svars &#8211; 12.1 kg<\/li>\n<\/ul>\n<p>KARCHER PUZZI 200 nomas izmaksas (cen\u0101 iek\u013cauts pvn)-<\/p>\n<ul>\n<li>1.diena noma &#8211; <strong>25.00<\/strong> eiro<\/li>\n<li>2.dienas noma &#8211;<strong> 42.00<\/strong> eiro<\/li>\n<li>1.ned\u0113\u013ca noma &#8211; <strong>100.00<\/strong> eiro<\/li>\n<li>1.m\u0113nesis noma &#8211; <strong>250.00<\/strong> eiro<\/li>\n<\/ul>\n<p>Svar\u012bgi atcer\u0113ties- ide\u0101lam rezult\u0101tam KARCHER PUZZI 200 t\u012br\u012b\u0161anas iek\u0101rtu ieteicams lietot kop\u0101 ar or\u0123in\u0101lajiem KARCHER uzkop\u0161anas l\u012bdzek\u013ciem\/tablet\u0113m.<\/p>\n<p>&nbsp;<\/p>\n","protected":false},"excerpt":{"rendered":"<p>KARCHER PUZZI 200 &#8211; ir profesion\u0101la m\u012bksto m\u0113be\u013cu un pakl\u0101ju uzkop\u0161anas ier\u012bce. KARCHER v\u0101rds nu jau visiem ir paz\u012bstams un tie\u0161i telpu uzkop\u0161anas zi\u0146\u0101 tas izce\u013cas visspilgt\u0101k, it \u012bpa\u0161i, ja runa iet par m\u012bksto m\u0113b\u0113\u013cu uzkop\u0161anas iek\u0101rt\u0101m, tad dro\u0161i varam teikt, ka KARCHER ir nr. 1 pasaul\u0113. Profesion\u0101las t\u012br\u012b\u0161anas iek\u0101rtas izmaks\u0101 d\u0101rgi, t\u0101p\u0101t d\u0101rga ir [&hellip;]<\/p>\n","protected":false},"featured_media":13235,"comment_status":"closed","ping_status":"closed","template":"","meta":{"inline_featured_image":false,"_uf_show_specific_survey":0,"_uf_disable_surveys":false},"product_brand":[],"product_cat":[140],"product_tag":[246,248,247,252],"class_list":{"0":"post-13220","1":"product","2":"type-product","3":"status-publish","4":"has-post-thumbnail","6":"product_cat-noma","7":"product_tag-ire","8":"product_tag-miksto-mebelu-tiritajs","9":"product_tag-paklaju-tiritajs","10":"product_tag-tehnikas-noma","13":"first","14":"instock","15":"taxable","16":"shipping-taxable","17":"purchasable","18":"product-type-simple"},"_links":{"self":[{"href":"https:\/\/kraftlager.lv\/lv\/wp-json\/wp\/v2\/product\/13220","targetHints":{"allow":["GET"]}}],"collection":[{"href":"https:\/\/kraftlager.lv\/lv\/wp-json\/wp\/v2\/product"}],"about":[{"href":"https:\/\/kraftlager.lv\/lv\/wp-json\/wp\/v2\/types\/product"}],"replies":[{"embeddable":true,"href":"https:\/\/kraftlager.lv\/lv\/wp-json\/wp\/v2\/comments?post=13220"}],"wp:featuredmedia":[{"embeddable":true,"href":"https:\/\/kraftlager.lv\/lv\/wp-json\/wp\/v2\/media\/13235"}],"wp:attachment":[{"href":"https:\/\/kraftlager.lv\/lv\/wp-json\/wp\/v2\/media?parent=13220"}],"wp:term":[{"taxonomy":"product_brand","embeddable":true,"href":"https:\/\/kraftlager.lv\/lv\/wp-json\/wp\/v2\/product_brand?post=13220"},{"taxonomy":"product_cat","embeddable":true,"href":"https:\/\/kraftlager.lv\/lv\/wp-json\/wp\/v2\/product_cat?post=13220"},{"taxonomy":"product_tag","embeddable":true,"href":"https:\/\/kraftlager.lv\/lv\/wp-json\/wp\/v2\/product_tag?post=13220"}],"curies":[{"name":"wp","href":"https:\/\/api.w.org\/{rel}","templated":true}]}}