{"id":13242,"date":"2021-02-10T10:21:16","date_gmt":"2021-02-10T10:21:16","guid":{"rendered":"https:\/\/kraftlager.lv\/lv\/?post_type=product&#038;p=13242"},"modified":"2025-08-27T06:55:25","modified_gmt":"2025-08-27T06:55:25","slug":"master-dh-752-mitruma-savaceja-noma","status":"publish","type":"product","link":"https:\/\/kraftlager.lv\/lv\/products\/master-dh-752-mitruma-savaceja-noma\/","title":{"rendered":"MASTER DH 752 mitruma sav\u0101c\u0113ja noma"},"content":{"rendered":"<p>Veicot remontdarbus vai likvid\u0113jot negad\u012bjuma sekas, noteikti neiztikt bez mitruma sav\u0101c\u0113ja b\u016bvobjekt\u0101. L\u0113ni \u017e\u016bsto\u0161as sienas, mitras telpas, tas viss pal\u0113nina b\u016bvniec\u012bbas processu, ar \u0161o probl\u0113mu veikli tiks gal\u0101 MASTER DH 752 mitruma sav\u0101c\u0113js.<\/p>\n<p>MASTER DH 752 specifik\u0101cija<\/p>\n<ul>\n<li>Gaisa pal\u016bsma &#8211;\u00a0350 m3\/h<\/li>\n<li>Jauda &#8211; 900w<\/li>\n<li>Ietilp\u012bba &#8211;\u00a0 46,7 l \/ 24 h<\/li>\n<li>Tvertnes ietilp\u012bba &#8211; 5,7 l<\/li>\n<\/ul>\n<p>MASTER DH 752 nomas izmaksas\u00a0 (cenas ar pvn)-<\/p>\n<ul>\n<li>1.diena noma &#8211; 11.00 eiro<\/li>\n<li>1.ned\u0113\u013ca noma &#8211; 50.00 eiro<\/li>\n<li>1. m\u0113nesis noma &#8211; 160.00 eiro<\/li>\n<\/ul>\n","protected":false},"excerpt":{"rendered":"<p>Veicot remontdarbus vai likvid\u0113jot negad\u012bjuma sekas, noteikti neiztikt bez mitruma sav\u0101c\u0113ja b\u016bvobjekt\u0101. L\u0113ni \u017e\u016bsto\u0161as sienas, mitras telpas, tas viss pal\u0113nina b\u016bvniec\u012bbas processu, ar \u0161o probl\u0113mu veikli tiks gal\u0101 MASTER DH 752 mitruma sav\u0101c\u0113js. MASTER DH 752 specifik\u0101cija Gaisa pal\u016bsma &#8211;\u00a0350 m3\/h Jauda &#8211; 900w Ietilp\u012bba &#8211;\u00a0 46,7 l \/ 24 h Tvertnes ietilp\u012bba &#8211; 5,7 [&hellip;]<\/p>\n","protected":false},"featured_media":13243,"comment_status":"closed","ping_status":"closed","template":"","meta":{"inline_featured_image":false,"_uf_show_specific_survey":0,"_uf_disable_surveys":false},"product_brand":[],"product_cat":[140],"product_tag":[246,253,252],"class_list":{"0":"post-13242","1":"product","2":"type-product","3":"status-publish","4":"has-post-thumbnail","6":"product_cat-noma","7":"product_tag-ire","8":"product_tag-mitruma-savacejs","9":"product_tag-tehnikas-noma","12":"first","13":"outofstock","14":"taxable","15":"shipping-taxable","16":"purchasable","17":"product-type-simple"},"_links":{"self":[{"href":"https:\/\/kraftlager.lv\/lv\/wp-json\/wp\/v2\/product\/13242","targetHints":{"allow":["GET"]}}],"collection":[{"href":"https:\/\/kraftlager.lv\/lv\/wp-json\/wp\/v2\/product"}],"about":[{"href":"https:\/\/kraftlager.lv\/lv\/wp-json\/wp\/v2\/types\/product"}],"replies":[{"embeddable":true,"href":"https:\/\/kraftlager.lv\/lv\/wp-json\/wp\/v2\/comments?post=13242"}],"wp:featuredmedia":[{"embeddable":true,"href":"https:\/\/kraftlager.lv\/lv\/wp-json\/wp\/v2\/media\/13243"}],"wp:attachment":[{"href":"https:\/\/kraftlager.lv\/lv\/wp-json\/wp\/v2\/media?parent=13242"}],"wp:term":[{"taxonomy":"product_brand","embeddable":true,"href":"https:\/\/kraftlager.lv\/lv\/wp-json\/wp\/v2\/product_brand?post=13242"},{"taxonomy":"product_cat","embeddable":true,"href":"https:\/\/kraftlager.lv\/lv\/wp-json\/wp\/v2\/product_cat?post=13242"},{"taxonomy":"product_tag","embeddable":true,"href":"https:\/\/kraftlager.lv\/lv\/wp-json\/wp\/v2\/product_tag?post=13242"}],"curies":[{"name":"wp","href":"https:\/\/api.w.org\/{rel}","templated":true}]}}