{"id":13260,"date":"2021-02-10T14:43:33","date_gmt":"2021-02-10T14:43:33","guid":{"rendered":"https:\/\/kraftlager.lv\/lv\/?post_type=product&#038;p=13260"},"modified":"2025-04-23T13:01:11","modified_gmt":"2025-04-23T13:01:11","slug":"bosch-grl-500hv-rotejosais-lazeris-noma","status":"publish","type":"product","link":"https:\/\/kraftlager.lv\/lv\/products\/bosch-grl-500hv-rotejosais-lazeris-noma\/","title":{"rendered":"BOSCH GRL 500HV rot\u0113jo\u0161ais l\u0101zeris"},"content":{"rendered":"<p>BOSCH GRL 500HV rot\u0113jo\u0161ais l\u0101zeris ar uztv\u0113r\u0113ju, bez \u0161\u0101da instrumenta m\u016bsdienu b\u016bv\u0113s neiztikt, specifika GLR 500 HV l\u0101zerim ir t\u0101 darb\u012bbas r\u0101dius, parsvar\u0101 izmantojams \u0101ra apst\u0101k\u013cos b\u016bvju pamatu vai seguma l\u012bme\u0146a noteik\u0161anai un preciz\u0113\u0161anai. L\u0101zera stars BOSCH GRL 500hv l\u0101zerim dod precizit\u0101ti l\u012bdz milimetram 10 &#8211; 250 m (ar l\u0101zera starojuma uztv\u0113r\u0113ju).<\/p>\n<p>&nbsp;<\/p>\n<p>BOSCH GRL 500HV rot\u0113jo\u0161\u0101 l\u0101zera specifik\u0101cija &#8211;<\/p>\n<table id=\"product-attribute-specs-table\" class=\"data table additional-attributes\">\n<tbody>\n<tr>\n<th class=\"col label\" scope=\"row\">Z\u012bmols<\/th>\n<td class=\"col data\" data-th=\"Z\u012bmols\">Bosch<\/td>\n<\/tr>\n<tr>\n<th class=\"col label\" scope=\"row\">M\u0113rinstrumenta tips<\/th>\n<td class=\"col data\" data-th=\"M\u0113rinstrumenta tips\">Rot\u0101cijas l\u0101zers<\/td>\n<\/tr>\n<tr>\n<th class=\"col label\" scope=\"row\">L\u0101zera diode<\/th>\n<td class=\"col data\" data-th=\"L\u0101zera diode\">635 nm, <1 mW<\/td>\n<\/tr>\n<tr>\n<th class=\"col label\" scope=\"row\">L\u0101zera klase<\/th>\n<td class=\"col data\" data-th=\"L\u0101zera klase\">2<\/td>\n<\/tr>\n<tr>\n<th class=\"col label\" scope=\"row\">Darba diapazons<\/th>\n<td class=\"col data\" data-th=\"Darba diapazons\">10 &#8211; 250 m (ar l\u0101zera starojuma uztv\u0113r\u0113ju)<\/td>\n<\/tr>\n<tr>\n<th class=\"col label\" scope=\"row\">Precizit\u0101te<\/th>\n<td class=\"col data\" data-th=\"Precizit\u0101te\">H \u00b1 0.05 mm\/m, V \u00b1 0.1 mm\/m<\/td>\n<\/tr>\n<tr>\n<th class=\"col label\" scope=\"row\">L\u012bme\u0146a izl\u012bdzin\u0101\u0161anas diapazons<\/th>\n<td class=\"col data\" data-th=\"L\u012bme\u0146a izl\u012bdzin\u0101\u0161anas diapazons\">\u00b18.5% (\u00b15\u00b0)<\/td>\n<\/tr>\n<tr>\n<th class=\"col label\" scope=\"row\">Stat\u012bva v\u012btne<\/th>\n<td class=\"col data\" data-th=\"Stat\u012bva v\u012btne\">5\/8&#8243;<\/td>\n<\/tr>\n<tr>\n<th class=\"col label\" scope=\"row\">Akumulators<\/th>\n<td class=\"col data\" data-th=\"Akumulators\">4 x 7.4 V<\/td>\n<\/tr>\n<tr>\n<th class=\"col label\" scope=\"row\">Izm\u0113ri<\/th>\n<td class=\"col data\" data-th=\"Izm\u0113ri\">217 x 194 mm<\/td>\n<\/tr>\n<tr>\n<th class=\"col label\" scope=\"row\">Svars<\/th>\n<td class=\"col data\" data-th=\"Svars\">2.3 kg<\/td>\n<\/tr>\n<tr>\n<th class=\"col label\" scope=\"row\"><\/th>\n<td class=\"col data\" data-th=\"Garantija\"><\/td>\n<\/tr>\n<\/tbody>\n<\/table>\n<p>BOSCH GRL 500HV rot\u0113jo\u0161\u0101 l\u0101zera nomas maksas izcenojumi (cen\u0101 iek\u013cauts PVN)<\/p>\n<ul>\n<li>1.diena noma &#8211; 16.00 eiro<\/li>\n<li>1.ned\u0113\u013cas noma &#8211; 75.00 eiro<\/li>\n<li>1.m\u0113ne\u0161a noma &#8211; 225.00 eiro<\/li>\n<\/ul>\n","protected":false},"excerpt":{"rendered":"<p>BOSCH GRL 500HV rot\u0113jo\u0161ais l\u0101zeris ar uztv\u0113r\u0113ju, bez \u0161\u0101da instrumenta m\u016bsdienu b\u016bv\u0113s neiztikt, specifika GLR 500 HV l\u0101zerim ir t\u0101 darb\u012bbas r\u0101dius, parsvar\u0101 izmantojams \u0101ra apst\u0101k\u013cos b\u016bvju pamatu vai seguma l\u012bme\u0146a noteik\u0161anai un preciz\u0113\u0161anai. L\u0101zera stars BOSCH GRL 500hv l\u0101zerim dod precizit\u0101ti l\u012bdz milimetram 10 &#8211; 250 m (ar l\u0101zera starojuma uztv\u0113r\u0113ju). &nbsp; BOSCH GRL [&hellip;]<\/p>\n","protected":false},"featured_media":13262,"comment_status":"closed","ping_status":"closed","template":"","meta":{"inline_featured_image":false,"_uf_show_specific_survey":0,"_uf_disable_surveys":false},"product_brand":[],"product_cat":[140],"product_tag":[246,255,252],"class_list":{"0":"post-13260","1":"product","2":"type-product","3":"status-publish","4":"has-post-thumbnail","6":"product_cat-noma","7":"product_tag-ire","8":"product_tag-lazera-limenradis","9":"product_tag-tehnikas-noma","12":"first","13":"instock","14":"taxable","15":"shipping-taxable","16":"purchasable","17":"product-type-simple"},"_links":{"self":[{"href":"https:\/\/kraftlager.lv\/lv\/wp-json\/wp\/v2\/product\/13260","targetHints":{"allow":["GET"]}}],"collection":[{"href":"https:\/\/kraftlager.lv\/lv\/wp-json\/wp\/v2\/product"}],"about":[{"href":"https:\/\/kraftlager.lv\/lv\/wp-json\/wp\/v2\/types\/product"}],"replies":[{"embeddable":true,"href":"https:\/\/kraftlager.lv\/lv\/wp-json\/wp\/v2\/comments?post=13260"}],"wp:featuredmedia":[{"embeddable":true,"href":"https:\/\/kraftlager.lv\/lv\/wp-json\/wp\/v2\/media\/13262"}],"wp:attachment":[{"href":"https:\/\/kraftlager.lv\/lv\/wp-json\/wp\/v2\/media?parent=13260"}],"wp:term":[{"taxonomy":"product_brand","embeddable":true,"href":"https:\/\/kraftlager.lv\/lv\/wp-json\/wp\/v2\/product_brand?post=13260"},{"taxonomy":"product_cat","embeddable":true,"href":"https:\/\/kraftlager.lv\/lv\/wp-json\/wp\/v2\/product_cat?post=13260"},{"taxonomy":"product_tag","embeddable":true,"href":"https:\/\/kraftlager.lv\/lv\/wp-json\/wp\/v2\/product_tag?post=13260"}],"curies":[{"name":"wp","href":"https:\/\/api.w.org\/{rel}","templated":true}]}}