{"id":15743,"date":"2021-08-20T09:00:42","date_gmt":"2021-08-20T09:00:42","guid":{"rendered":"https:\/\/kraftlager.lv\/lv\/?post_type=product&#038;p=15743"},"modified":"2024-07-10T15:52:37","modified_gmt":"2024-07-10T15:52:37","slug":"kudox-5060235348983-dvielu-radiators","status":"publish","type":"product","link":"https:\/\/kraftlager.lv\/lv\/products\/kudox-5060235348983-dvielu-radiators\/","title":{"rendered":"Kudox 5060235348983 dvie\u013cu radiators \u200e115 x 500 x 1200 cm"},"content":{"rendered":"<p>Kudox 5060235348983 dvie\u013cu radiators<\/p>\n<pre id=\"tw-target-text\" class=\"tw-data-text tw-text-large tw-ta\" dir=\"ltr\" data-placeholder=\"Translation\"><span class=\"Y2IQFc\" lang=\"lv\">Tehniskas deta\u013cas\r\nRa\u017eot\u0101js \u200eKudox\r\nDa\u013cas numurs \u200e5060235348983\r\nProdukta izm\u0113ri \u200e115 x 500 x 1200 cm; 10,6 kilogrami\r\nPreces mode\u013ca numurs \u200e5060235348983\r\nKr\u0101sa hrom\u0113ta\r\nPreces iepakojuma daudzums \u200e1\r\nGabalu skaits \u200e1\r\nM\u0113r\u012b\u0161anas sist\u0113ma metriska\r\nIek\u013cautie komponenti \u200e Dvie\u013cu \u017e\u0101v\u0113t\u0101js; Kron\u0161teinu komplekts; Ciets sienas stiprin\u0101juma komplekts; Tuk\u0161s spraudnis; Gaisa ventil\u0101cijas aizb\u0101znis; Instrukciju rokasgr\u0101mata\r\nNepiecie\u0161amas baterijas? N\u0113\r\nPreces svars \u200e10,6 kg<\/span><\/pre>\n","protected":false},"excerpt":{"rendered":"<p>Kudox 5060235348983 dvie\u013cu radiators Tehniskas deta\u013cas Ra\u017eot\u0101js \u200eKudox Da\u013cas numurs \u200e5060235348983 Produkta izm\u0113ri \u200e115 x 500 x 1200 cm; 10,6 kilogrami Preces mode\u013ca numurs \u200e5060235348983 Kr\u0101sa hrom\u0113ta Preces iepakojuma daudzums \u200e1 Gabalu skaits \u200e1 M\u0113r\u012b\u0161anas sist\u0113ma metriska Iek\u013cautie komponenti \u200e Dvie\u013cu \u017e\u0101v\u0113t\u0101js; Kron\u0161teinu komplekts; Ciets sienas stiprin\u0101juma komplekts; Tuk\u0161s spraudnis; Gaisa ventil\u0101cijas aizb\u0101znis; Instrukciju rokasgr\u0101mata [&hellip;]<\/p>\n","protected":false},"featured_media":15744,"comment_status":"closed","ping_status":"closed","template":"","meta":{"inline_featured_image":false,"_uf_show_specific_survey":0,"_uf_disable_surveys":false},"product_brand":[],"product_cat":[2439],"product_tag":[149,249],"class_list":{"0":"post-15743","1":"product","2":"type-product","3":"status-publish","4":"has-post-thumbnail","6":"product_cat-dvielu-zavetaji","7":"product_tag-b-klase","8":"product_tag-radiators","11":"first","12":"outofstock","13":"sale","14":"taxable","15":"shipping-taxable","16":"purchasable","17":"product-type-simple"},"_links":{"self":[{"href":"https:\/\/kraftlager.lv\/lv\/wp-json\/wp\/v2\/product\/15743","targetHints":{"allow":["GET"]}}],"collection":[{"href":"https:\/\/kraftlager.lv\/lv\/wp-json\/wp\/v2\/product"}],"about":[{"href":"https:\/\/kraftlager.lv\/lv\/wp-json\/wp\/v2\/types\/product"}],"replies":[{"embeddable":true,"href":"https:\/\/kraftlager.lv\/lv\/wp-json\/wp\/v2\/comments?post=15743"}],"wp:featuredmedia":[{"embeddable":true,"href":"https:\/\/kraftlager.lv\/lv\/wp-json\/wp\/v2\/media\/15744"}],"wp:attachment":[{"href":"https:\/\/kraftlager.lv\/lv\/wp-json\/wp\/v2\/media?parent=15743"}],"wp:term":[{"taxonomy":"product_brand","embeddable":true,"href":"https:\/\/kraftlager.lv\/lv\/wp-json\/wp\/v2\/product_brand?post=15743"},{"taxonomy":"product_cat","embeddable":true,"href":"https:\/\/kraftlager.lv\/lv\/wp-json\/wp\/v2\/product_cat?post=15743"},{"taxonomy":"product_tag","embeddable":true,"href":"https:\/\/kraftlager.lv\/lv\/wp-json\/wp\/v2\/product_tag?post=15743"}],"curies":[{"name":"wp","href":"https:\/\/api.w.org\/{rel}","templated":true}]}}