{"id":16457,"date":"2021-11-16T13:50:44","date_gmt":"2021-11-16T13:50:44","guid":{"rendered":"https:\/\/kraftlager.lv\/lv\/?post_type=product&#038;p=16457"},"modified":"2025-09-25T10:26:19","modified_gmt":"2025-09-25T10:26:19","slug":"blyss-lilium-udens-dvielu-zavetajs-900x400","status":"publish","type":"product","link":"https:\/\/kraftlager.lv\/lv\/products\/blyss-lilium-udens-dvielu-zavetajs-900x400\/","title":{"rendered":"BLYSS Lilium \u016bdens dvie\u013cu \u017e\u0101v\u0113t\u0101js 900&#215;400"},"content":{"rendered":"<p>BLYSS \u016bdens dvie\u013cu \u017e\u0101v\u0113t\u0101js 900&#215;400<\/p>\n<p>Materi\u0101ls: t\u0113rauds<\/p>\n<p>Kr\u0101sa: balts<\/p>\n<p>Forma: izliekts<\/p>\n<p>Jauda: 456W<\/p>\n<p>Piem\u0113rots centr\u0101l\u0101s apkures sist\u0113m\u0101m<\/p>\n<p>Radiatoru ir iesp\u0113jams nokr\u0101sot jums v\u0113lam\u0101 kr\u0101sas ton\u012b.<\/p>\n","protected":false},"excerpt":{"rendered":"<p>BLYSS \u016bdens dvie\u013cu \u017e\u0101v\u0113t\u0101js 900&#215;400 Materi\u0101ls: t\u0113rauds Kr\u0101sa: balts Forma: izliekts Jauda: 456W Piem\u0113rots centr\u0101l\u0101s apkures sist\u0113m\u0101m Radiatoru ir iesp\u0113jams nokr\u0101sot jums v\u0113lam\u0101 kr\u0101sas ton\u012b.<\/p>\n","protected":false},"featured_media":16458,"comment_status":"closed","ping_status":"closed","template":"","meta":{"inline_featured_image":false,"_uf_show_specific_survey":0,"_uf_disable_surveys":false},"product_brand":[],"product_cat":[2439],"product_tag":[464,2050,2475,404,436,435,2476,2046,2053,2486],"class_list":{"0":"post-16457","1":"product","2":"type-product","3":"status-publish","4":"has-post-thumbnail","6":"product_cat-dvielu-zavetaji","7":"product_tag-cena-dvielu-zavetajs","8":"product_tag-cena-leta-radiators-vertikals","9":"product_tag-designer-radiators","10":"product_tag-dizaina-radiators","11":"product_tag-dvielu-radiators","12":"product_tag-dvielu-zavetajs","13":"product_tag-exclusive-radiators","14":"product_tag-radiators-vertikals-akcija","15":"product_tag-2053","16":"product_tag-2486","19":"first","20":"outofstock","21":"sale","22":"taxable","23":"shipping-taxable","24":"purchasable","25":"product-type-simple"},"_links":{"self":[{"href":"https:\/\/kraftlager.lv\/lv\/wp-json\/wp\/v2\/product\/16457","targetHints":{"allow":["GET"]}}],"collection":[{"href":"https:\/\/kraftlager.lv\/lv\/wp-json\/wp\/v2\/product"}],"about":[{"href":"https:\/\/kraftlager.lv\/lv\/wp-json\/wp\/v2\/types\/product"}],"replies":[{"embeddable":true,"href":"https:\/\/kraftlager.lv\/lv\/wp-json\/wp\/v2\/comments?post=16457"}],"wp:featuredmedia":[{"embeddable":true,"href":"https:\/\/kraftlager.lv\/lv\/wp-json\/wp\/v2\/media\/16458"}],"wp:attachment":[{"href":"https:\/\/kraftlager.lv\/lv\/wp-json\/wp\/v2\/media?parent=16457"}],"wp:term":[{"taxonomy":"product_brand","embeddable":true,"href":"https:\/\/kraftlager.lv\/lv\/wp-json\/wp\/v2\/product_brand?post=16457"},{"taxonomy":"product_cat","embeddable":true,"href":"https:\/\/kraftlager.lv\/lv\/wp-json\/wp\/v2\/product_cat?post=16457"},{"taxonomy":"product_tag","embeddable":true,"href":"https:\/\/kraftlager.lv\/lv\/wp-json\/wp\/v2\/product_tag?post=16457"}],"curies":[{"name":"wp","href":"https:\/\/api.w.org\/{rel}","templated":true}]}}