{"id":16665,"date":"2023-06-28T11:38:25","date_gmt":"2023-06-28T11:38:25","guid":{"rendered":"https:\/\/kraftlager.lv\/lv\/?post_type=product&#038;p=16665"},"modified":"2024-08-06T15:08:11","modified_gmt":"2024-08-06T15:08:11","slug":"avoca-klassiskais","status":"publish","type":"product","link":"https:\/\/kraftlager.lv\/lv\/products\/avoca-klassiskais\/","title":{"rendered":"Acova dizaina 2 kolonnu radiators (balts) 600 X 812MM"},"content":{"rendered":"<p><strong>Acova dizaina 2 kolonnu radiators (balts) 600 X 812MM<\/strong><\/p>\n<p>Acova Classic Column radiators ir m\u016b\u017e\u012bgs klasisks dizains, kas ir ide\u0101li piem\u0113rots gan laikmet\u012bgam, gan m\u016bsdien\u012bgam interjeram. Vienl\u012bdz m\u0101j\u0101s modern\u0101 vid\u0113 vai tradicion\u0101l\u0101s m\u0101j\u0101s. Acova Classic ir t\u0113rauda cauru\u013cveida kolonnas, kas patie\u0161\u0101m pie\u0161\u0137ir radiatoram tradicion\u0101lu, ta\u010du pievilc\u012bgu izskatu. \u0160is modelis ir balt\u0101 kr\u0101s\u0101, lai nodro\u0161in\u0101tu senatn\u012bgu un t\u012bru izskatu.<\/p>\n<p>Tam ir skaists, augstas kvalit\u0101tes epoks\u012bda kr\u0101sas p\u0101rkl\u0101jums<br \/>\nIzgatavots no t\u0113rauda un metin\u0101ts ar l\u0101zeru, lai izveidotu perfektu bez\u0161uvju apdari<\/p>\n<p>Galven\u0101 dizaina radiatoru at\u0161\u0137ir\u012bba, starp standarta radiatoru ir t\u0101 vienm\u0113r\u012bg\u0101 siltumatdeve, nesadedzinot telpas gaisu (siltum\u016bra princips).<\/p>\n<p>&nbsp;<\/p>\n<p><strong>Uzman\u012bbu<\/strong> &#8211; Radiatora komplekt\u0101cij\u0101 iek\u013cauti ar\u012b radiatora sienas stiprin\u0101jumi.<\/p>\n<p>&nbsp;<\/p>\n<pre id=\"tw-target-text\" class=\"tw-data-text tw-text-large tw-ta\" dir=\"ltr\" data-placeholder=\"Translation\"><span class=\"Y2IQFc\" lang=\"lv\">\r\nMaks. Darba spiediens -10 bar\r\nMaks. Darba temperat\u016bra -110 \u00b0C\r\nPiesl\u0113gums - Horizont\u0101li\r\nKr\u0101sa - Balta\r\nJauda pie 50\u00b0C - 770 w\r\nRadiatora augstums -600 mm\r\nRadiatora platums - 812 mm\r\nKop\u0113jais produkta svars 17,0 kg\r\nSist\u0113ma piem\u0113rota centr\u0101l\u0101s apkures sist\u0113m\u0101m.\r\n<\/span><\/pre>\n","protected":false},"excerpt":{"rendered":"<p>Acova dizaina 2 kolonnu radiators (balts) 600 X 812MM Acova Classic Column radiators ir m\u016b\u017e\u012bgs klasisks dizains, kas ir ide\u0101li piem\u0113rots gan laikmet\u012bgam, gan m\u016bsdien\u012bgam interjeram. Vienl\u012bdz m\u0101j\u0101s modern\u0101 vid\u0113 vai tradicion\u0101l\u0101s m\u0101j\u0101s. Acova Classic ir t\u0113rauda cauru\u013cveida kolonnas, kas patie\u0161\u0101m pie\u0161\u0137ir radiatoram tradicion\u0101lu, ta\u010du pievilc\u012bgu izskatu. \u0160is modelis ir balt\u0101 kr\u0101s\u0101, lai nodro\u0161in\u0101tu senatn\u012bgu [&hellip;]<\/p>\n","protected":false},"featured_media":16668,"comment_status":"closed","ping_status":"closed","template":"","meta":{"inline_featured_image":false,"_uf_show_specific_survey":0,"_uf_disable_surveys":false},"product_brand":[],"product_cat":[128],"product_tag":[149,473,452,404,472,796],"class_list":{"0":"post-16665","1":"product","2":"type-product","3":"status-publish","4":"has-post-thumbnail","6":"product_cat-radiatori","7":"product_tag-b-klase","8":"product_tag-cuguna-radiators","9":"product_tag-cuguna-tipa-dizaina-radiators","10":"product_tag-dizaina-radiators","11":"product_tag-kolonnu-radiators","12":"product_tag-radiatori","15":"first","16":"outofstock","17":"sale","18":"taxable","19":"shipping-taxable","20":"purchasable","21":"product-type-simple"},"_links":{"self":[{"href":"https:\/\/kraftlager.lv\/lv\/wp-json\/wp\/v2\/product\/16665","targetHints":{"allow":["GET"]}}],"collection":[{"href":"https:\/\/kraftlager.lv\/lv\/wp-json\/wp\/v2\/product"}],"about":[{"href":"https:\/\/kraftlager.lv\/lv\/wp-json\/wp\/v2\/types\/product"}],"replies":[{"embeddable":true,"href":"https:\/\/kraftlager.lv\/lv\/wp-json\/wp\/v2\/comments?post=16665"}],"wp:featuredmedia":[{"embeddable":true,"href":"https:\/\/kraftlager.lv\/lv\/wp-json\/wp\/v2\/media\/16668"}],"wp:attachment":[{"href":"https:\/\/kraftlager.lv\/lv\/wp-json\/wp\/v2\/media?parent=16665"}],"wp:term":[{"taxonomy":"product_brand","embeddable":true,"href":"https:\/\/kraftlager.lv\/lv\/wp-json\/wp\/v2\/product_brand?post=16665"},{"taxonomy":"product_cat","embeddable":true,"href":"https:\/\/kraftlager.lv\/lv\/wp-json\/wp\/v2\/product_cat?post=16665"},{"taxonomy":"product_tag","embeddable":true,"href":"https:\/\/kraftlager.lv\/lv\/wp-json\/wp\/v2\/product_tag?post=16665"}],"curies":[{"name":"wp","href":"https:\/\/api.w.org\/{rel}","templated":true}]}}