{"id":17138,"date":"2023-01-13T11:50:35","date_gmt":"2023-01-13T11:50:35","guid":{"rendered":"https:\/\/kraftlager.lv\/lv\/?post_type=product&#038;p=17138"},"modified":"2024-08-06T15:27:10","modified_gmt":"2024-08-06T15:27:10","slug":"acova-3-kollonu-radiators-600x812mm-melns-ral-9011-2","status":"publish","type":"product","link":"https:\/\/kraftlager.lv\/lv\/products\/acova-3-kollonu-radiators-600x812mm-melns-ral-9011-2\/","title":{"rendered":"Acova 3 Kolonnu Radiators 600x812mm (Graf\u012bta mat\u0113ts)"},"content":{"rendered":"<p>Acova 3 Kolonnu Radiators 600x812mm (Graf\u012bta mat\u0113ts)<\/p>\n<p>Acova Classic Column radiators ir m\u016b\u017e\u012bgs klasisks dizains, kas ir ide\u0101li piem\u0113rots gan laikmet\u012bgam, gan m\u016bsdien\u012bgam interjeram. Vienl\u012bdz m\u0101j\u0101s modern\u0101 vid\u0113 vai tradicion\u0101l\u0101s m\u0101j\u0101s. Acova Classic ir t\u0113rauda cauru\u013cveida kolonnas, kas patie\u0161\u0101m pie\u0161\u0137ir radiatoram tradicion\u0101lu, ta\u010du pievilc\u012bgu izskatu. \u0160is modelis ir graf\u012bta kr\u0101s\u0101, lai nodro\u0161in\u0101tu senatn\u012bgu un t\u012bru izskatu.<\/p>\n<p>Tam ir skaists, augstas kvalit\u0101tes epoks\u012bda kr\u0101sas p\u0101rkl\u0101jums<br \/>\nIzgatavots no t\u0113rauda un metin\u0101ts ar l\u0101zeru, lai izveidotu perfektu bez\u0161uvju apdari<\/p>\n<p>Galven\u0101 dizaina radiatoru at\u0161\u0137ir\u012bba, starp standarta radiatoru ir t\u0101 vienm\u0113r\u012bg\u0101 siltumatdeve, nesadedzinot telpas gaisu (siltum\u016bra princips).<\/p>\n<p>Radiatora komplekt\u0101 iek\u013cauti stiprin\u0101jumi pie sienas.<\/p>\n<p>&nbsp;<\/p>\n<pre id=\"tw-target-text\" class=\"tw-data-text tw-text-large tw-ta\" dir=\"ltr\" data-placeholder=\"Translation\"><span class=\"Y2IQFc\" lang=\"lv\">Maks. Darba spiediens -10 bar\r\nMaks. Darba temperat\u016bra -110 \u00b0C\r\nPiesl\u0113gums - Horizont\u0101li\r\nKr\u0101sa - antrac\u012bts\r\nJauda pie 50\u00b0C - 792 w\r\nRadiatora augstums -600 mm\r\nRadiatora platums - 812 mm\r\nKop\u0113jais produkta svars 23,8 kg\r\nSist\u0113ma piem\u0113rota centr\u0101l\u0101s apkures sist\u0113m\u0101m.<\/span><\/pre>\n<pre id=\"tw-target-text\" class=\"tw-data-text tw-text-large tw-ta\" dir=\"ltr\" data-placeholder=\"Translation\"><span class=\"Y2IQFc\" lang=\"lv\">\u00a0<\/span><\/pre>\n","protected":false},"excerpt":{"rendered":"<p>Acova 3 Kolonnu Radiators 600x812mm (Graf\u012bta mat\u0113ts) Acova Classic Column radiators ir m\u016b\u017e\u012bgs klasisks dizains, kas ir ide\u0101li piem\u0113rots gan laikmet\u012bgam, gan m\u016bsdien\u012bgam interjeram. Vienl\u012bdz m\u0101j\u0101s modern\u0101 vid\u0113 vai tradicion\u0101l\u0101s m\u0101j\u0101s. Acova Classic ir t\u0113rauda cauru\u013cveida kolonnas, kas patie\u0161\u0101m pie\u0161\u0137ir radiatoram tradicion\u0101lu, ta\u010du pievilc\u012bgu izskatu. \u0160is modelis ir graf\u012bta kr\u0101s\u0101, lai nodro\u0161in\u0101tu senatn\u012bgu un t\u012bru [&hellip;]<\/p>\n","protected":false},"featured_media":17139,"comment_status":"open","ping_status":"closed","template":"","meta":{"inline_featured_image":false,"_uf_show_specific_survey":0,"_uf_disable_surveys":false},"product_brand":[],"product_cat":[128],"product_tag":[544,480,453,545,543],"class_list":{"0":"post-17138","1":"product","2":"type-product","3":"status-publish","4":"has-post-thumbnail","6":"product_cat-radiatori","7":"product_tag-cena-dizaina-radiators","8":"product_tag-cena-melns-radiators","9":"product_tag-grafita-krasas-dizaina-radiatros-vertikals","10":"product_tag-grafita-matets-radiators-pirkt","11":"product_tag-pirkt-grafita-krasas-radiators","14":"first","15":"outofstock","16":"sale","17":"featured","18":"taxable","19":"shipping-taxable","20":"purchasable","21":"product-type-simple"},"_links":{"self":[{"href":"https:\/\/kraftlager.lv\/lv\/wp-json\/wp\/v2\/product\/17138","targetHints":{"allow":["GET"]}}],"collection":[{"href":"https:\/\/kraftlager.lv\/lv\/wp-json\/wp\/v2\/product"}],"about":[{"href":"https:\/\/kraftlager.lv\/lv\/wp-json\/wp\/v2\/types\/product"}],"replies":[{"embeddable":true,"href":"https:\/\/kraftlager.lv\/lv\/wp-json\/wp\/v2\/comments?post=17138"}],"wp:featuredmedia":[{"embeddable":true,"href":"https:\/\/kraftlager.lv\/lv\/wp-json\/wp\/v2\/media\/17139"}],"wp:attachment":[{"href":"https:\/\/kraftlager.lv\/lv\/wp-json\/wp\/v2\/media?parent=17138"}],"wp:term":[{"taxonomy":"product_brand","embeddable":true,"href":"https:\/\/kraftlager.lv\/lv\/wp-json\/wp\/v2\/product_brand?post=17138"},{"taxonomy":"product_cat","embeddable":true,"href":"https:\/\/kraftlager.lv\/lv\/wp-json\/wp\/v2\/product_cat?post=17138"},{"taxonomy":"product_tag","embeddable":true,"href":"https:\/\/kraftlager.lv\/lv\/wp-json\/wp\/v2\/product_tag?post=17138"}],"curies":[{"name":"wp","href":"https:\/\/api.w.org\/{rel}","templated":true}]}}