{"id":17156,"date":"2022-04-21T11:10:01","date_gmt":"2022-04-21T11:10:01","guid":{"rendered":"https:\/\/kraftlager.lv\/lv\/?post_type=product&#038;p=17156"},"modified":"2024-08-06T15:19:18","modified_gmt":"2024-08-06T15:19:18","slug":"acova-2-kolonu-vertikalais-dizaina-radiators-2000x398","status":"publish","type":"product","link":"https:\/\/kraftlager.lv\/lv\/products\/acova-2-kolonu-vertikalais-dizaina-radiators-2000x398\/","title":{"rendered":"Acova 2 Kolonnu Vertik\u0101lais Dizaina Radiators 2000\u00d7398 (melns\/mat\u0113ts)"},"content":{"rendered":"<p>Acova 2 Kolonnu Vertik\u0101lais Dizaina Radiators 2000\u00d7398 (melns\/mat\u0113ts)<\/p>\n<p>Acova Classic Column radiators ir m\u016b\u017e\u012bgs klasisks dizains, kas ir ide\u0101li piem\u0113rots gan laikmet\u012bgam, gan m\u016bsdien\u012bgam interjeram. Vienl\u012bdz m\u0101j\u0101s modern\u0101 vid\u0113 vai tradicion\u0101l\u0101s m\u0101j\u0101s. Acova Classic ir t\u0113rauda cauru\u013cveida kolonnas, kas patie\u0161\u0101m pie\u0161\u0137ir radiatoram tradicion\u0101lu, ta\u010du pievilc\u012bgu izskatu. \u0160is modelis ir meln\u0101 kr\u0101s\u0101, lai nodro\u0161in\u0101tu senatn\u012bgu un t\u012bru izskatu.<\/p>\n<p>Tam ir skaists, augstas kvalit\u0101tes epoks\u012bda kr\u0101sas p\u0101rkl\u0101jums<br \/>\nIzgatavots no t\u0113rauda un metin\u0101ts ar l\u0101zeru, lai izveidotu perfektu bez\u0161uvju apdari<\/p>\n<p>Radiatoriem komplekt\u0101cij\u0101 ietilpst stiprin\u0101jumi sienas.<\/p>\n<pre id=\"tw-target-text\" class=\"tw-data-text tw-text-large tw-ta\" dir=\"ltr\" data-placeholder=\"Translation\"><span class=\"Y2IQFc\" lang=\"lv\">Siltuma jauda \u2013 50\u00a0\u00b0C 1104W\r\nMateri\u0101ls T\u0113rauds\r\nKolonnu skaits 2\r\nProdukta augstums 2000mm\r\nProdukta svars 24kg\r\nProdukta platums 398mm\r\nProdukta dzi\u013cums 62mm\r\nStandarts BS EN 442\r\nNo sienas l\u012bdz centram (ar standarta kron\u0161teinu) 54 mm\r\nBTU 3767BTU\r\nRadiatora tips Kolonna<\/span><\/pre>\n","protected":false},"excerpt":{"rendered":"<p>Acova 2 Kolonnu Vertik\u0101lais Dizaina Radiators 2000\u00d7398 (melns\/mat\u0113ts) Acova Classic Column radiators ir m\u016b\u017e\u012bgs klasisks dizains, kas ir ide\u0101li piem\u0113rots gan laikmet\u012bgam, gan m\u016bsdien\u012bgam interjeram. Vienl\u012bdz m\u0101j\u0101s modern\u0101 vid\u0113 vai tradicion\u0101l\u0101s m\u0101j\u0101s. Acova Classic ir t\u0113rauda cauru\u013cveida kolonnas, kas patie\u0161\u0101m pie\u0161\u0137ir radiatoram tradicion\u0101lu, ta\u010du pievilc\u012bgu izskatu. \u0160is modelis ir meln\u0101 kr\u0101s\u0101, lai nodro\u0161in\u0101tu senatn\u012bgu un [&hellip;]<\/p>\n","protected":false},"featured_media":17157,"comment_status":"closed","ping_status":"closed","template":"","meta":{"inline_featured_image":false,"_uf_show_specific_survey":0,"_uf_disable_surveys":false},"product_brand":[],"product_cat":[128],"product_tag":[547,479,481],"class_list":{"0":"post-17156","1":"product","2":"type-product","3":"status-publish","4":"has-post-thumbnail","6":"product_cat-radiatori","7":"product_tag-cena-melnam-radiatoram","8":"product_tag-melns-dizaina-radiators","9":"product_tag-pirkt-melns-radiators-apkures","12":"first","13":"outofstock","14":"sale","15":"taxable","16":"shipping-taxable","17":"purchasable","18":"product-type-simple"},"_links":{"self":[{"href":"https:\/\/kraftlager.lv\/lv\/wp-json\/wp\/v2\/product\/17156","targetHints":{"allow":["GET"]}}],"collection":[{"href":"https:\/\/kraftlager.lv\/lv\/wp-json\/wp\/v2\/product"}],"about":[{"href":"https:\/\/kraftlager.lv\/lv\/wp-json\/wp\/v2\/types\/product"}],"replies":[{"embeddable":true,"href":"https:\/\/kraftlager.lv\/lv\/wp-json\/wp\/v2\/comments?post=17156"}],"wp:featuredmedia":[{"embeddable":true,"href":"https:\/\/kraftlager.lv\/lv\/wp-json\/wp\/v2\/media\/17157"}],"wp:attachment":[{"href":"https:\/\/kraftlager.lv\/lv\/wp-json\/wp\/v2\/media?parent=17156"}],"wp:term":[{"taxonomy":"product_brand","embeddable":true,"href":"https:\/\/kraftlager.lv\/lv\/wp-json\/wp\/v2\/product_brand?post=17156"},{"taxonomy":"product_cat","embeddable":true,"href":"https:\/\/kraftlager.lv\/lv\/wp-json\/wp\/v2\/product_cat?post=17156"},{"taxonomy":"product_tag","embeddable":true,"href":"https:\/\/kraftlager.lv\/lv\/wp-json\/wp\/v2\/product_tag?post=17156"}],"curies":[{"name":"wp","href":"https:\/\/api.w.org\/{rel}","templated":true}]}}