{"id":18978,"date":"2022-10-28T10:44:10","date_gmt":"2022-10-28T10:44:10","guid":{"rendered":"https:\/\/kraftlager.lv\/lv\/product\/tt-topdon-termokamera-itc629-termokamera-ar-220-x-160-ir-izskirtspeju-precizitate-20-%e2%84%83-450-%e2%84%83-redzes-lauks-35-x-26-4-emisijas-limena-iestatijumi-6\/"},"modified":"2025-03-08T12:58:02","modified_gmt":"2025-03-08T12:58:02","slug":"tt-topdon-termokamera-itc629-termokamera-ar-220-x-160-ir-izskirtspeju-precizitate-20-%e2%84%83-450-%e2%84%83-redzes-lauks-35-x-26-4-emisijas-limena-iestatijumi-6","status":"publish","type":"product","link":"https:\/\/kraftlager.lv\/lv\/products\/tt-topdon-termokamera-itc629-termokamera-ar-220-x-160-ir-izskirtspeju-precizitate-20-%e2%84%83-450-%e2%84%83-redzes-lauks-35-x-26-4-emisijas-limena-iestatijumi-6\/","title":{"rendered":"TT TOPDON termokamera ITC629, termokameras noma"},"content":{"rendered":"<p>&nbsp;<\/p>\n<hr \/>\n<p><b>TT TOPDON termokamera ITC629, termokamera ar 220 x 160 IR iz\u0161\u0137irtsp\u0113ju, precizit\u0101te &#8211; 20 \u2103 &#8211; 450 \u2103, redzes lauks 35 \u00d7 26\u00b0, 4 emisijas pak\u0101pes iestat\u012bjumi, 6<\/b><\/p>\n<ul>\n<li>Jaun\u0101k\u0101 tehnolo\u0123ija un jauda: TOPDON termokamera atpaz\u012bst vismaz\u0101k\u0101s temperat\u016bras at\u0161\u0137ir\u012bbas 0,07 \u2103 un pied\u0101v\u0101 vair\u0101k nek\u0101 300 000 temperat\u016bras m\u0113r\u012bjumu punktu. Temperat\u016bras m\u0113r\u012b\u0161ana no -20\u00b0C l\u012bdz 450\u00b0C ar precizit\u0101ti \u00b1 2\u00b0C! TOPDON termokamera ar iz\u0161\u0137irtsp\u0113ju 220 x 160 pikse\u013ci nodro\u0161ina izcilus un asus att\u0113lus!<\/li>\n<li>Gatavs lieto\u0161anai bez iepriek\u0161\u0113jas apstr\u0101des: TOPDON termokamera autom\u0101tiski par\u0101da karst\u0101ko un v\u0113s\u0101ko punktu un pal\u012bdz \u0101tri atkl\u0101t v\u0101j\u0101s vietas. Pateicoties pilna izm\u0113ra 3,2&#8243; TFT ekr\u0101nam un viegli lietojamai navig\u0101cijas sist\u0113mai, vad\u012bba un anal\u012bze ir pavisam vienk\u0101r\u0161a. Var p\u0101rsl\u0113gt ar\u012b uz v\u0101cu valodu, iek\u013cauta ieb\u016bv\u0113ta litija baterija, nep\u0101rtrauktas darb\u012bbas laiks 3 stundas.<\/li>\n<li>Pielietojuma jomas: TOPDON termokameras temperat\u016bras iz\u0161\u0137irtsp\u0113ja palielin\u0101s, jo tiek izmantoti dzes\u0113ti infrasarkanie detektori! Milit\u0101rajiem, med\u012bbu, ugunsdz\u0113s\u012bbas, r\u016bpniec\u012bbas un ra\u017eo\u0161anas, k\u0101 ar\u012b vesel\u012bbas aizsardz\u012bbas m\u0113r\u0137iem! ITC629 termokamera atvieglo probl\u0113mu nov\u0113r\u0161anu automa\u0161\u012bn\u0101 un darbn\u012bc\u0101. Turkl\u0101t ITC629 ir noder\u012bgs dz\u012bvu b\u016bt\u0146u noteik\u0161anai un konstrukciju anal\u012bzei b\u016bvniec\u012bb\u0101.<\/li>\n<li>5 kr\u0101su paletes un regul\u0113jams emisijas l\u012bmenis: 5 main\u012bgas kr\u0101su paletes (piem\u0113ram, kr\u0101su palete &#8220;varav\u012bksne&#8221;, &#8220;dzelzs&#8221;, &#8220;pel\u0113ki to\u0146i&#8221; u. c.) var izv\u0113l\u0113ties tie\u0161i termokamer\u0101, kas ir \u013coti piem\u0113rota augstam siltuma kontrastam un temperat\u016bras at\u0161\u0137ir\u012bbu noteik\u0161anai! Regul\u0113jama emisijas pak\u0101pe no 0,01 l\u012bdz 1,00 ar 4 objektu m\u0113r\u012b\u0161anas re\u017e\u012bmiem. Lai var\u0113tu re\u0123istr\u0113t pareizu temperat\u016bru un diagnostic\u0113t procesa k\u013c\u016bdas, ir \u013coti svar\u012bgi pareizi iestat\u012bt emisijas pak\u0101pi!<\/li>\n<li>Termoventrisko ier\u012b\u010du priek\u0161roc\u012bba ir t\u0101, ka (savva\u013cas) siltuma avotus var atrast nekav\u0113joties. At\u0161\u0137ir\u012bb\u0101 no nakts redzam\u012bbas ier\u012bc\u0113m t\u0101s ir autonomas. Ier\u012bces darbojas p\u0113c temperat\u016bras starp\u012bbas principa. T\u0101p\u0113c \u0161\u012bs ier\u012bces var izmantot ar\u012b dienas laik\u0101 vai migl\u0101.<\/li>\n<\/ul>\n<p>&nbsp;<\/p>\n<hr \/>\n<p>P\u0101rskats:<\/p>\n<ul>\n<li>Z\u012bmols TT TOPDON<\/li>\n<li>Izstr\u0101d\u0101juma izm\u0113ri D x platums x augstums 33 x 30 x 13 cm<\/li>\n<li>Ekr\u0101na izm\u0113rs 3,2 collas<\/li>\n<\/ul>\n<p>Papildu inform\u0101cija:<\/p>\n<ul>\n<li>Baterijas: 1 litija jonu (iek\u013cauts komplekt\u0101)<\/li>\n<li>Ra\u017eot\u0101ja da\u013cas numurs ITC629<\/li>\n<li>TOPDON OEM da\u013cas numurs ITC629<\/li>\n<li>Vienuma svars 890 g<\/li>\n<li>Nepiecie\u0161ama mont\u0101\u017ea N\u0113<\/li>\n<\/ul>\n<p>&nbsp;<\/p>\n<hr \/>\n<p>Z\u012bmols: TT TOPDON<br \/>\nSvars: 0.89 KG<br \/>\nDaudzums: 1<br \/>\nIzm\u0113rs: 33 x 30 x 13 cm<\/p>\n<hr \/>\n<p>&nbsp;<\/p>\n<hr \/>\n<p><b>TT TOPDON \u0442\u0435\u043f\u043b\u043e\u0432\u0438\u0437\u0438\u043e\u043d\u043d\u0430\u044f \u043a\u0430\u043c\u0435\u0440\u0430 ITC629, \u0442\u0435\u043f\u043b\u043e\u0432\u0438\u0437\u0438\u043e\u043d\u043d\u0430\u044f \u043a\u0430\u043c\u0435\u0440\u0430 \u0441 \u0440\u0430\u0437\u0440\u0435\u0448\u0435\u043d\u0438\u0435\u043c 220 x 160 \u0418\u041a, \u0442\u043e\u0447\u043d\u043e\u0441\u0442\u044c &#8211; 20 \u2103 &#8211; 450 \u2103, \u043f\u043e\u043b\u0435 \u0437\u0440\u0435\u043d\u0438\u044f 35 \u00d7 26\u00b0, 4 \u043d\u0430\u0441\u0442\u0440\u043e\u0439\u043a\u0438 \u0441\u0442\u0435\u043f\u0435\u043d\u0438 \u0438\u0437\u043b\u0443\u0447\u0435\u043d\u0438\u044f, 6<\/b><\/p>\n<ul>\n<li>\u0421\u043e\u0432\u0440\u0435\u043c\u0435\u043d\u043d\u0430\u044f \u0438 \u043c\u043e\u0449\u043d\u0430\u044f: \u0442\u0435\u043f\u043b\u043e\u0432\u0438\u0437\u0438\u043e\u043d\u043d\u0430\u044f \u043a\u0430\u043c\u0435\u0440\u0430 TOPDON \u0440\u0430\u0441\u043f\u043e\u0437\u043d\u0430\u0435\u0442 \u043c\u0430\u043b\u0435\u0439\u0448\u0443\u044e \u0440\u0430\u0437\u043d\u0438\u0446\u0443 \u0442\u0435\u043c\u043f\u0435\u0440\u0430\u0442\u0443\u0440 \u0432 0,07 \u2103 \u0438 \u043f\u0440\u0435\u0434\u043b\u0430\u0433\u0430\u0435\u0442 \u0431\u043e\u043b\u0435\u0435 300 000 \u0442\u043e\u0447\u0435\u043a \u0438\u0437\u043c\u0435\u0440\u0435\u043d\u0438\u044f \u0442\u0435\u043c\u043f\u0435\u0440\u0430\u0442\u0443\u0440\u044b. \u0418\u0437\u043c\u0435\u0440\u044f\u0439\u0442\u0435 \u0434\u0438\u0430\u043f\u0430\u0437\u043e\u043d \u0442\u0435\u043c\u043f\u0435\u0440\u0430\u0442\u0443\u0440 \u043e\u0442 -20\u00b0C \u0434\u043e 450\u00b0C \u0441 \u0442\u043e\u0447\u043d\u043e\u0441\u0442\u044c\u044e \u00b1 2\u00b0C! \u0411\u043b\u0430\u0433\u043e\u0434\u0430\u0440\u044f \u0440\u0430\u0437\u0440\u0435\u0448\u0435\u043d\u0438\u044e 220 x 160 \u043f\u0438\u043a\u0441\u0435\u043b\u0435\u0439 \u0442\u0435\u043f\u043b\u043e\u0432\u0438\u0437\u0438\u043e\u043d\u043d\u0430\u044f \u043a\u0430\u043c\u0435\u0440\u0430 TOPDON \u043e\u0431\u0435\u0441\u043f\u0435\u0447\u0438\u0432\u0430\u0435\u0442 \u044f\u0440\u043a\u0438\u0435 \u0438 \u0447\u0435\u0442\u043a\u0438\u0435 \u0438\u0437\u043e\u0431\u0440\u0430\u0436\u0435\u043d\u0438\u044f!<\/li>\n<li>\u0413\u043e\u0442\u043e\u0432 \u043a \u0438\u0441\u043f\u043e\u043b\u044c\u0437\u043e\u0432\u0430\u043d\u0438\u044e \u0431\u0435\u0437 \u043f\u0440\u0435\u0434\u0432\u0430\u0440\u0438\u0442\u0435\u043b\u044c\u043d\u043e\u0439 \u043e\u0431\u0440\u0430\u0431\u043e\u0442\u043a\u0438: \u0422\u0435\u043f\u043b\u043e\u0432\u0430\u044f \u043a\u0430\u043c\u0435\u0440\u0430 TOPDON \u0430\u0432\u0442\u043e\u043c\u0430\u0442\u0438\u0447\u0435\u0441\u043a\u0438 \u043e\u0442\u043e\u0431\u0440\u0430\u0436\u0430\u0435\u0442 \u0441\u0430\u043c\u0443\u044e \u0433\u043e\u0440\u044f\u0447\u0443\u044e \u0438 \u0441\u0430\u043c\u0443\u044e \u0445\u043e\u043b\u043e\u0434\u043d\u0443\u044e \u0442\u043e\u0447\u043a\u0443 \u0438 \u043f\u043e\u043c\u043e\u0433\u0430\u0435\u0442 \u0431\u044b\u0441\u0442\u0440\u043e \u043e\u0431\u043d\u0430\u0440\u0443\u0436\u0438\u0442\u044c \u0441\u043b\u0430\u0431\u044b\u0435 \u043c\u0435\u0441\u0442\u0430. \u0411\u043b\u0430\u0433\u043e\u0434\u0430\u0440\u044f \u043f\u043e\u043b\u043d\u043e\u0440\u0430\u0437\u043c\u0435\u0440\u043d\u043e\u043c\u0443 3,2-\u0434\u044e\u0439\u043c\u043e\u0432\u043e\u043c\u0443 TFT-\u044d\u043a\u0440\u0430\u043d\u0443 \u0438 \u043f\u0440\u043e\u0441\u0442\u043e\u0439 \u0432 \u0438\u0441\u043f\u043e\u043b\u044c\u0437\u043e\u0432\u0430\u043d\u0438\u0438 \u043d\u0430\u0432\u0438\u0433\u0430\u0446\u0438\u043e\u043d\u043d\u043e\u0439 \u0441\u0438\u0441\u0442\u0435\u043c\u0435 \u0443\u043f\u0440\u0430\u0432\u043b\u0435\u043d\u0438\u0435 \u0438 \u0430\u043d\u0430\u043b\u0438\u0437 &#8211; \u044d\u0442\u043e \u0434\u0435\u0442\u0441\u043a\u0430\u044f \u0437\u0430\u0431\u0430\u0432\u0430. \u041c\u043e\u0436\u043d\u043e \u0442\u0430\u043a\u0436\u0435 \u043f\u0435\u0440\u0435\u043a\u043b\u044e\u0447\u0438\u0442\u044c \u043d\u0430 \u043d\u0435\u043c\u0435\u0446\u043a\u0438\u0439 \u044f\u0437\u044b\u043a, \u0432 \u043a\u043e\u043c\u043f\u043b\u0435\u043a\u0442\u0435 \u0412\u0441\u0442\u0440\u043e\u0435\u043d\u043d\u0430\u044f \u043b\u0438\u0442\u0438\u0435\u0432\u0430\u044f \u0431\u0430\u0442\u0430\u0440\u0435\u044f, \u0432\u0440\u0435\u043c\u044f \u043d\u0435\u043f\u0440\u0435\u0440\u044b\u0432\u043d\u043e\u0439 \u0440\u0430\u0431\u043e\u0442\u044b 3 \u0447\u0430\u0441\u0430.<\/li>\n<li>\u041e\u0431\u043b\u0430\u0441\u0442\u0438 \u043f\u0440\u0438\u043c\u0435\u043d\u0435\u043d\u0438\u044f: \u0422\u0435\u043c\u043f\u0435\u0440\u0430\u0442\u0443\u0440\u043d\u043e\u0435 \u0440\u0430\u0437\u0440\u0435\u0448\u0435\u043d\u0438\u0435 \u0442\u0435\u043f\u043b\u043e\u0432\u0438\u0437\u0438\u043e\u043d\u043d\u043e\u0439 \u043a\u0430\u043c\u0435\u0440\u044b TOPDON \u0443\u0432\u0435\u043b\u0438\u0447\u0438\u0432\u0430\u0435\u0442\u0441\u044f \u0431\u043b\u0430\u0433\u043e\u0434\u0430\u0440\u044f \u0438\u0441\u043f\u043e\u043b\u044c\u0437\u043e\u0432\u0430\u043d\u0438\u044e \u043e\u0445\u043b\u0430\u0436\u0434\u0430\u0435\u043c\u044b\u0445 \u0438\u043d\u0444\u0440\u0430\u043a\u0440\u0430\u0441\u043d\u044b\u0445 \u0434\u0435\u0442\u0435\u043a\u0442\u043e\u0440\u043e\u0432! \u0414\u043b\u044f \u0432\u043e\u0435\u043d\u043d\u044b\u0445, \u043e\u0445\u043e\u0442\u044b, \u043f\u043e\u0436\u0430\u0440\u043e\u0442\u0443\u0448\u0435\u043d\u0438\u044f, \u043f\u0440\u043e\u043c\u044b\u0448\u043b\u0435\u043d\u043d\u043e\u0441\u0442\u0438 \u0438 \u043f\u0440\u043e\u0438\u0437\u0432\u043e\u0434\u0441\u0442\u0432\u0430, \u0430 \u0442\u0430\u043a\u0436\u0435 \u0434\u043b\u044f \u0437\u0434\u043e\u0440\u043e\u0432\u044c\u044f! \u0422\u0435\u043f\u043b\u043e\u0432\u0438\u0437\u0438\u043e\u043d\u043d\u0430\u044f \u043a\u0430\u043c\u0435\u0440\u0430 ITC629 \u043e\u0431\u043b\u0435\u0433\u0447\u0430\u0435\u0442 \u0440\u0430\u0431\u043e\u0442\u0443 \u043f\u043e \u0443\u0441\u0442\u0440\u0430\u043d\u0435\u043d\u0438\u044e \u043d\u0435\u0438\u0441\u043f\u0440\u0430\u0432\u043d\u043e\u0441\u0442\u0435\u0439 \u0432 \u0430\u0432\u0442\u043e\u043c\u043e\u0431\u0438\u043b\u0435 \u0438 \u0432 \u043c\u0430\u0441\u0442\u0435\u0440\u0441\u043a\u043e\u0439. \u041a\u0440\u043e\u043c\u0435 \u0442\u043e\u0433\u043e, ITC629 \u043f\u043e\u043b\u0435\u0437\u0435\u043d \u0434\u043b\u044f \u043e\u0431\u043d\u0430\u0440\u0443\u0436\u0435\u043d\u0438\u044f \u0436\u0438\u0432\u044b\u0445 \u0441\u0443\u0449\u0435\u0441\u0442\u0432 \u0438 \u0441\u0442\u0440\u0443\u043a\u0442\u0443\u0440\u043d\u043e\u0433\u043e \u0430\u043d\u0430\u043b\u0438\u0437\u0430 \u0432 \u0441\u0442\u0440\u043e\u0438\u0442\u0435\u043b\u044c\u0441\u0442\u0432\u0435.<\/li>\n<li>5 \u0446\u0432\u0435\u0442\u043e\u0432\u044b\u0445 \u043f\u0430\u043b\u0438\u0442\u0440 \u0438 \u0440\u0435\u0433\u0443\u043b\u0438\u0440\u0443\u0435\u043c\u044b\u0439 \u0443\u0440\u043e\u0432\u0435\u043d\u044c \u0438\u0437\u043b\u0443\u0447\u0435\u043d\u0438\u044f: 5 \u0438\u0437\u043c\u0435\u043d\u044f\u0435\u043c\u044b\u0445 \u0446\u0432\u0435\u0442\u043e\u0432\u044b\u0445 \u043f\u0430\u043b\u0438\u0442\u0440 (\u043d\u0430\u043f\u0440\u0438\u043c\u0435\u0440, \u0446\u0432\u0435\u0442\u043e\u0432\u0430\u044f \u043f\u0430\u043b\u0438\u0442\u0440\u0430 &#8220;\u0440\u0430\u0434\u0443\u0433\u0430&#8221;, &#8220;\u0436\u0435\u043b\u0435\u0437\u043e&#8221;, &#8220;\u043e\u0442\u0442\u0435\u043d\u043a\u0438 \u0441\u0435\u0440\u043e\u0433\u043e&#8221; \u0438 \u0442.\u0434.) \u043c\u043e\u0433\u0443\u0442 \u0431\u044b\u0442\u044c \u0432\u044b\u0431\u0440\u0430\u043d\u044b \u043d\u0435\u043f\u043e\u0441\u0440\u0435\u0434\u0441\u0442\u0432\u0435\u043d\u043d\u043e \u043d\u0430 \u0442\u0435\u043f\u043b\u043e\u0432\u0438\u0437\u0438\u043e\u043d\u043d\u043e\u0439 \u043a\u0430\u043c\u0435\u0440\u0435, \u0447\u0442\u043e \u043e\u0447\u0435\u043d\u044c \u0443\u0434\u043e\u0431\u043d\u043e \u0434\u043b\u044f \u0432\u044b\u0441\u043e\u043a\u043e\u0433\u043e \u0442\u0435\u043f\u043b\u043e\u0432\u043e\u0433\u043e \u043a\u043e\u043d\u0442\u0440\u0430\u0441\u0442\u0430 \u0438 \u0432\u044b\u044f\u0432\u043b\u0435\u043d\u0438\u044f \u0440\u0430\u0437\u043d\u0438\u0446\u044b \u0442\u0435\u043c\u043f\u0435\u0440\u0430\u0442\u0443\u0440! \u0420\u0435\u0433\u0443\u043b\u0438\u0440\u0443\u0435\u043c\u0430\u044f \u0441\u0442\u0435\u043f\u0435\u043d\u044c \u044d\u043c\u0438\u0441\u0441\u0438\u0438 \u043e\u0442 0,01 \u0434\u043e 1,00 \u0441 4 \u0440\u0435\u0436\u0438\u043c\u0430\u043c\u0438 \u0438\u0437\u043c\u0435\u0440\u0435\u043d\u0438\u044f \u043e\u0431\u044a\u0435\u043a\u0442\u043e\u0432. \u041f\u0440\u0430\u0432\u0438\u043b\u044c\u043d\u0430\u044f \u0443\u0441\u0442\u0430\u043d\u043e\u0432\u043a\u0430 \u0441\u0442\u0435\u043f\u0435\u043d\u0438 \u044d\u043c\u0438\u0441\u0441\u0438\u0438 \u043e\u0447\u0435\u043d\u044c \u0432\u0430\u0436\u043d\u0430 \u0434\u043b\u044f \u0440\u0435\u0433\u0438\u0441\u0442\u0440\u0430\u0446\u0438\u0438 \u043f\u0440\u0430\u0432\u0438\u043b\u044c\u043d\u043e\u0439 \u0442\u0435\u043c\u043f\u0435\u0440\u0430\u0442\u0443\u0440\u044b \u0438 \u0434\u0438\u0430\u0433\u043d\u043e\u0441\u0442\u0438\u043a\u0438 \u043e\u0448\u0438\u0431\u043e\u043a \u0432 \u043f\u0440\u043e\u0446\u0435\u0441\u0441\u0435!<\/li>\n<li>\u041f\u0440\u0435\u0438\u043c\u0443\u0449\u0435\u0441\u0442\u0432\u043e \u0442\u0435\u0440\u043c\u043e\u0432\u0435\u043d\u0442\u0438\u043b\u044f\u0446\u0438\u043e\u043d\u043d\u044b\u0445 \u0443\u0441\u0442\u0440\u043e\u0439\u0441\u0442\u0432 \u0437\u0430\u043a\u043b\u044e\u0447\u0430\u0435\u0442\u0441\u044f \u0432 \u0442\u043e\u043c, \u0447\u0442\u043e (\u0434\u0438\u043a\u0438\u0435) \u0438\u0441\u0442\u043e\u0447\u043d\u0438\u043a\u0438 \u0442\u0435\u043f\u043b\u0430 \u043c\u043e\u0433\u0443\u0442 \u0431\u044b\u0442\u044c \u043d\u0430\u0439\u0434\u0435\u043d\u044b \u043d\u0435\u043c\u0435\u0434\u043b\u0435\u043d\u043d\u043e. \u0412 \u043e\u0442\u043b\u0438\u0447\u0438\u0435 \u043e\u0442 \u043f\u0440\u0438\u0431\u043e\u0440\u043e\u0432 \u043d\u043e\u0447\u043d\u043e\u0433\u043e \u0432\u0438\u0434\u0435\u043d\u0438\u044f, \u043e\u043d\u0438 \u044f\u0432\u043b\u044f\u044e\u0442\u0441\u044f \u0430\u0432\u0442\u043e\u043d\u043e\u043c\u043d\u044b\u043c\u0438. \u0423\u0441\u0442\u0440\u043e\u0439\u0441\u0442\u0432\u0430 \u0440\u0430\u0431\u043e\u0442\u0430\u044e\u0442 \u043f\u043e \u043f\u0440\u0438\u043d\u0446\u0438\u043f\u0443 \u0440\u0430\u0437\u043d\u0438\u0446\u044b \u0442\u0435\u043c\u043f\u0435\u0440\u0430\u0442\u0443\u0440. \u041f\u043e\u044d\u0442\u043e\u043c\u0443 \u0432\u044b \u043c\u043e\u0436\u0435\u0442\u0435 \u0438\u0441\u043f\u043e\u043b\u044c\u0437\u043e\u0432\u0430\u0442\u044c \u044d\u0442\u0438 \u0443\u0441\u0442\u0440\u043e\u0439\u0441\u0442\u0432\u0430 \u0434\u0430\u0436\u0435 \u0434\u043d\u0435\u043c \u0438\u043b\u0438 \u0432 \u0442\u0443\u043c\u0430\u043d\u0435.<\/li>\n<\/ul>\n<p>&nbsp;<\/p>\n<hr \/>\n<p>\u041e\u0431\u0437\u043e\u0440:<\/p>\n<ul>\n<li>\u041c\u0430\u0440\u043a\u0430 TT TOPDON<\/li>\n<li>\u0420\u0430\u0437\u043c\u0435\u0440\u044b \u043f\u0440\u0435\u0434\u043c\u0435\u0442\u0430 \u0414 \u0445 \u0428 \u0445 \u0412 33 \u0445 30 \u0445 13 \u0441\u043c<\/li>\n<li>\u0420\u0430\u0437\u043c\u0435\u0440 \u044d\u043a\u0440\u0430\u043d\u0430 3,2 \u0434\u044e\u0439\u043c\u0430<\/li>\n<\/ul>\n<p>\u0414\u043e\u043f\u043e\u043b\u043d\u0438\u0442\u0435\u043b\u044c\u043d\u0430\u044f \u0438\u043d\u0444\u043e\u0440\u043c\u0430\u0446\u0438\u044f:<\/p>\n<ul>\n<li>\u0411\u0430\u0442\u0430\u0440\u0435\u0438: 1 \u043b\u0438\u0442\u0438\u0439-\u0438\u043e\u043d\u043d\u044b\u0439 (\u0432\u0445\u043e\u0434\u0438\u0442 \u0432 \u043a\u043e\u043c\u043f\u043b\u0435\u043a\u0442)<\/li>\n<li>\u041d\u043e\u043c\u0435\u0440 \u0434\u0435\u0442\u0430\u043b\u0438 \u043f\u0440\u043e\u0438\u0437\u0432\u043e\u0434\u0438\u0442\u0435\u043b\u044f ITC629<\/li>\n<li>TOPDON \u041d\u043e\u043c\u0435\u0440 \u043e\u0440\u0438\u0433\u0438\u043d\u0430\u043b\u044c\u043d\u043e\u0439 \u0434\u0435\u0442\u0430\u043b\u0438 ITC629<\/li>\n<li>\u0412\u0435\u0441 \u0438\u0437\u0434\u0435\u043b\u0438\u044f 890 \u0433<\/li>\n<li>\u0422\u0440\u0435\u0431\u0443\u0435\u0442\u0441\u044f \u043c\u043e\u043d\u0442\u0430\u0436 \u041d\u0435\u0442<\/li>\n<\/ul>\n<p>&nbsp;<\/p>\n<hr \/>\n<p>\u041c\u0430\u0440\u043a\u0430: TT TOPDON<br \/>\n\u0412\u0435\u0441: 0,89 \u043a\u0433<br \/>\n\u041a\u043e\u043b-\u0432\u043e: 1<br \/>\n\u0420\u0430\u0437\u043c\u0435\u0440: 33 x 30 x 13 \u0441\u043c.<\/p>\n<hr \/>\n<p>&nbsp;<\/p>\n","protected":false},"excerpt":{"rendered":"<p>&nbsp; TT TOPDON termokamera ITC629, termokamera ar 220 x 160 IR iz\u0161\u0137irtsp\u0113ju, precizit\u0101te &#8211; 20 \u2103 &#8211; 450 \u2103, redzes lauks 35 \u00d7 26\u00b0, 4 emisijas pak\u0101pes iestat\u012bjumi, 6 Jaun\u0101k\u0101 tehnolo\u0123ija un jauda: TOPDON termokamera atpaz\u012bst vismaz\u0101k\u0101s temperat\u016bras at\u0161\u0137ir\u012bbas 0,07 \u2103 un pied\u0101v\u0101 vair\u0101k nek\u0101 300 000 temperat\u016bras m\u0113r\u012bjumu punktu. Temperat\u016bras m\u0113r\u012b\u0161ana no -20\u00b0C l\u012bdz [&hellip;]<\/p>\n","protected":false},"featured_media":18971,"comment_status":"closed","ping_status":"closed","template":"","meta":{"inline_featured_image":false,"_uf_show_specific_survey":0,"_uf_disable_surveys":false},"product_brand":[],"product_cat":[140],"product_tag":[148,690],"class_list":{"0":"post-18978","1":"product","2":"type-product","3":"status-publish","4":"has-post-thumbnail","6":"product_cat-noma","7":"product_tag-a-klase","8":"product_tag-termokamera","11":"first","12":"instock","13":"taxable","14":"shipping-taxable","15":"purchasable","16":"product-type-simple"},"_links":{"self":[{"href":"https:\/\/kraftlager.lv\/lv\/wp-json\/wp\/v2\/product\/18978","targetHints":{"allow":["GET"]}}],"collection":[{"href":"https:\/\/kraftlager.lv\/lv\/wp-json\/wp\/v2\/product"}],"about":[{"href":"https:\/\/kraftlager.lv\/lv\/wp-json\/wp\/v2\/types\/product"}],"replies":[{"embeddable":true,"href":"https:\/\/kraftlager.lv\/lv\/wp-json\/wp\/v2\/comments?post=18978"}],"wp:featuredmedia":[{"embeddable":true,"href":"https:\/\/kraftlager.lv\/lv\/wp-json\/wp\/v2\/media\/18971"}],"wp:attachment":[{"href":"https:\/\/kraftlager.lv\/lv\/wp-json\/wp\/v2\/media?parent=18978"}],"wp:term":[{"taxonomy":"product_brand","embeddable":true,"href":"https:\/\/kraftlager.lv\/lv\/wp-json\/wp\/v2\/product_brand?post=18978"},{"taxonomy":"product_cat","embeddable":true,"href":"https:\/\/kraftlager.lv\/lv\/wp-json\/wp\/v2\/product_cat?post=18978"},{"taxonomy":"product_tag","embeddable":true,"href":"https:\/\/kraftlager.lv\/lv\/wp-json\/wp\/v2\/product_tag?post=18978"}],"curies":[{"name":"wp","href":"https:\/\/api.w.org\/{rel}","templated":true}]}}