{"id":19544,"date":"2023-01-04T11:53:09","date_gmt":"2023-01-04T11:53:09","guid":{"rendered":"https:\/\/kraftlager.lv\/lv\/?post_type=product&#038;p=19544"},"modified":"2023-02-01T11:43:31","modified_gmt":"2023-02-01T11:43:31","slug":"flormasta-radiators-t-21-1600-x-600mm","status":"publish","type":"product","link":"https:\/\/kraftlager.lv\/lv\/products\/flormasta-radiators-t-21-1600-x-600mm\/","title":{"rendered":"FLORMASTA radiators T-21 600 x 1600mm"},"content":{"rendered":"<p>FLORMASTA premium klases radiatori ar ra\u017eot\u0101ja 15.gadu garantiju. T-21 tipa radiatoru s\u0113rija aiz\u0146em maz\u0101k vietas no sienas, tikai minim\u0101li zaud\u0113jot savu siltumadevi sal\u012bdzin\u0101jum\u0101 ar 22 tipa radiatoru s\u0113riju.<\/p>\n<p>Piem\u0113rs &#8211; 21.tipa radiatoru biezums 60mm, savuk\u0101rt 22.tipa radiatoru biezums b\u016bs jau 100.mm, \u0161is variants \u013coti labi noder \u0161aur\u0101s viet\u0101s, zem maza tipa palodz\u0113m kur svar\u012bgi pan\u0101k liel\u0101ku telpas plat\u012bbu, neaizpildot to ar liekiem elementiem.<\/p>\n<p>Siltumatdeves piem\u0113rs 1.m2 radiatora plaknes sal\u012bdzin\u0101jumam 21.tipa radiatoram ar 22.tipa radiatoru s\u0113riju &#8211; 1.m2 liela 21.tipa radiatoru siltumatdeves jauda b\u016bs 2200.watti, savuk\u0101rt 1.m2 liela 22.tipa radiatoru siltumatdeves jauda b\u016bs 2600.watti, t\u0101tad radiatora siltumatdeves jaudas at\u0161\u0137ir\u012bba starp 21. tipa un 22.tipa radiatoru uz 1.m2 lielu radiatora plakni b\u016bs &#8211; 400.watti.<\/p>\n<p>Ra\u017eot\u0101js &#8211; FLORMASTA<\/p>\n<p>Izm\u0113rs &#8211; 600 x 1600 mm<\/p>\n<p>Piesl\u0113gums &#8211; s\u0101nu<\/p>\n<p>Jauda T50\u00b0C &#8211; 2138.w<\/p>\n<p>Preces svars &#8211; 44.09 kg<\/p>\n<p>&nbsp;<\/p>\n<p>Pirms preces ieg\u0101des sazin\u0101ties ar p\u0101rdev\u0113ju, par preces pieejam\u012bbu, preces iepakojumu vai citiem jaut\u0101jumiem.<\/p>\n","protected":false},"excerpt":{"rendered":"<p>FLORMASTA premium klases radiatori ar ra\u017eot\u0101ja 15.gadu garantiju. T-21 tipa radiatoru s\u0113rija aiz\u0146em maz\u0101k vietas no sienas, tikai minim\u0101li zaud\u0113jot savu siltumadevi sal\u012bdzin\u0101jum\u0101 ar 22 tipa radiatoru s\u0113riju. Piem\u0113rs &#8211; 21.tipa radiatoru biezums 60mm, savuk\u0101rt 22.tipa radiatoru biezums b\u016bs jau 100.mm, \u0161is variants \u013coti labi noder \u0161aur\u0101s viet\u0101s, zem maza tipa palodz\u0113m kur svar\u012bgi pan\u0101k [&hellip;]<\/p>\n","protected":false},"featured_media":19545,"comment_status":"closed","ping_status":"closed","template":"","meta":{"inline_featured_image":false,"_uf_show_specific_survey":0,"_uf_disable_surveys":false},"product_brand":[],"product_cat":[128],"product_tag":[731,733,732],"class_list":{"0":"post-19544","1":"product","2":"type-product","3":"status-publish","4":"has-post-thumbnail","6":"product_cat-radiatori","7":"product_tag-21-tipa-radiatori","8":"product_tag-radiatori-akcija","9":"product_tag-standarta-radiatori","12":"first","13":"outofstock","14":"sale","15":"taxable","16":"shipping-taxable","17":"purchasable","18":"product-type-simple"},"_links":{"self":[{"href":"https:\/\/kraftlager.lv\/lv\/wp-json\/wp\/v2\/product\/19544","targetHints":{"allow":["GET"]}}],"collection":[{"href":"https:\/\/kraftlager.lv\/lv\/wp-json\/wp\/v2\/product"}],"about":[{"href":"https:\/\/kraftlager.lv\/lv\/wp-json\/wp\/v2\/types\/product"}],"replies":[{"embeddable":true,"href":"https:\/\/kraftlager.lv\/lv\/wp-json\/wp\/v2\/comments?post=19544"}],"wp:featuredmedia":[{"embeddable":true,"href":"https:\/\/kraftlager.lv\/lv\/wp-json\/wp\/v2\/media\/19545"}],"wp:attachment":[{"href":"https:\/\/kraftlager.lv\/lv\/wp-json\/wp\/v2\/media?parent=19544"}],"wp:term":[{"taxonomy":"product_brand","embeddable":true,"href":"https:\/\/kraftlager.lv\/lv\/wp-json\/wp\/v2\/product_brand?post=19544"},{"taxonomy":"product_cat","embeddable":true,"href":"https:\/\/kraftlager.lv\/lv\/wp-json\/wp\/v2\/product_cat?post=19544"},{"taxonomy":"product_tag","embeddable":true,"href":"https:\/\/kraftlager.lv\/lv\/wp-json\/wp\/v2\/product_tag?post=19544"}],"curies":[{"name":"wp","href":"https:\/\/api.w.org\/{rel}","templated":true}]}}