{"id":19577,"date":"2023-01-04T14:18:23","date_gmt":"2023-01-04T14:18:23","guid":{"rendered":"https:\/\/kraftlager.lv\/lv\/?post_type=product&#038;p=19577"},"modified":"2023-01-06T14:47:08","modified_gmt":"2023-01-06T14:47:08","slug":"flormasta-radiators-t-22-700-x-1000mm","status":"publish","type":"product","link":"https:\/\/kraftlager.lv\/lv\/products\/flormasta-radiators-t-22-700-x-1000mm\/","title":{"rendered":"FLORMASTA Radiators T-22 700 X 1000mm"},"content":{"rendered":"<p>FLORMASTA premium klases radiatori ar ra\u017eot\u0101ja 15.gadu garantiju.\u00a0 Flormasta 22. tipa radiatori standarta 100mm biezum\u0101, ar div\u0101m sildo\u0161aj\u0101m plakn\u0113m un div\u0101m lame\u013cu k\u0101rt\u0101m nodro\u0161inot lielisku siltumatdevi.<\/p>\n<p>Ra\u017eot\u0101js \u2013 FLORMASTA<\/p>\n<p>Izm\u0113rs \u2013 700 x 1000mm<\/p>\n<p>Piesl\u0113gums \u2013 s\u0101nu<\/p>\n<p>Jauda T50\u00b0C \u2013 1932 W<\/p>\n<p>Preces svars \u2013 39.76 kg<\/p>\n<p>Pirms preces ieg\u0101des sazin\u0101ties ar p\u0101rdev\u0113ju, par preces pieejam\u012bbu, preces iepakojumu vai citiem jaut\u0101jumiem.<\/p>\n","protected":false},"excerpt":{"rendered":"<p>FLORMASTA premium klases radiatori ar ra\u017eot\u0101ja 15.gadu garantiju.\u00a0 Flormasta 22. tipa radiatori standarta 100mm biezum\u0101, ar div\u0101m sildo\u0161aj\u0101m plakn\u0113m un div\u0101m lame\u013cu k\u0101rt\u0101m nodro\u0161inot lielisku siltumatdevi. Ra\u017eot\u0101js \u2013 FLORMASTA Izm\u0113rs \u2013 700 x 1000mm Piesl\u0113gums \u2013 s\u0101nu Jauda T50\u00b0C \u2013 1932 W Preces svars \u2013 39.76 kg Pirms preces ieg\u0101des sazin\u0101ties ar p\u0101rdev\u0113ju, par preces [&hellip;]<\/p>\n","protected":false},"featured_media":19567,"comment_status":"closed","ping_status":"closed","template":"","meta":{"inline_featured_image":false,"_uf_show_specific_survey":0,"_uf_disable_surveys":false},"product_brand":[],"product_cat":[128],"product_tag":[735,732,734],"class_list":{"0":"post-19577","1":"product","2":"type-product","3":"status-publish","4":"has-post-thumbnail","6":"product_cat-radiatori","7":"product_tag-klasiskie-radiatori","8":"product_tag-standarta-radiatori","9":"product_tag-t22-tipa-radiatori","12":"first","13":"outofstock","14":"sale","15":"taxable","16":"shipping-taxable","17":"purchasable","18":"product-type-simple"},"_links":{"self":[{"href":"https:\/\/kraftlager.lv\/lv\/wp-json\/wp\/v2\/product\/19577","targetHints":{"allow":["GET"]}}],"collection":[{"href":"https:\/\/kraftlager.lv\/lv\/wp-json\/wp\/v2\/product"}],"about":[{"href":"https:\/\/kraftlager.lv\/lv\/wp-json\/wp\/v2\/types\/product"}],"replies":[{"embeddable":true,"href":"https:\/\/kraftlager.lv\/lv\/wp-json\/wp\/v2\/comments?post=19577"}],"wp:featuredmedia":[{"embeddable":true,"href":"https:\/\/kraftlager.lv\/lv\/wp-json\/wp\/v2\/media\/19567"}],"wp:attachment":[{"href":"https:\/\/kraftlager.lv\/lv\/wp-json\/wp\/v2\/media?parent=19577"}],"wp:term":[{"taxonomy":"product_brand","embeddable":true,"href":"https:\/\/kraftlager.lv\/lv\/wp-json\/wp\/v2\/product_brand?post=19577"},{"taxonomy":"product_cat","embeddable":true,"href":"https:\/\/kraftlager.lv\/lv\/wp-json\/wp\/v2\/product_cat?post=19577"},{"taxonomy":"product_tag","embeddable":true,"href":"https:\/\/kraftlager.lv\/lv\/wp-json\/wp\/v2\/product_tag?post=19577"}],"curies":[{"name":"wp","href":"https:\/\/api.w.org\/{rel}","templated":true}]}}