{"id":20296,"date":"2023-01-10T12:20:33","date_gmt":"2023-01-10T12:20:33","guid":{"rendered":"https:\/\/kraftlager.lv\/lv\/?post_type=product&#038;p=20296"},"modified":"2023-01-19T14:46:04","modified_gmt":"2023-01-19T14:46:04","slug":"ximax-oceanus-dizaina-radiators-1800-x-445mm","status":"publish","type":"product","link":"https:\/\/kraftlager.lv\/lv\/products\/ximax-oceanus-dizaina-radiators-1800-x-445mm\/","title":{"rendered":"XIMAX OCEANUS Dizaina Radiators 1800 X 445mm"},"content":{"rendered":"<p>Ximax OCEANUS antrac\u012bta kr\u0101sas dizaina radiators, ar izm\u0113riem 1800 x 445 mm. Paredz\u0113ts izmanto\u0161anai gan vertik\u0101li, gan\u00a0 horizont\u0101li.<\/p>\n<p>Ra\u017eot\u0101js \u2013 ximax<\/p>\n<p>Modelis \u2013 OCEANUS<\/p>\n<p>Jauda T50\u00b0C \u2013 884 W<\/p>\n<p>Kr\u0101sa \u2013 antrac\u012bta<\/p>\n<p>Izm\u0113ri \u2013 1800 x 445 mm<\/p>\n<p>Materi\u0101ls \u2013 t\u0113rauds \/ pulverkr\u0101sa<\/p>\n","protected":false},"excerpt":{"rendered":"<p>Ximax OCEANUS antrac\u012bta kr\u0101sas dizaina radiators, ar izm\u0113riem 1800 x 445 mm. Paredz\u0113ts izmanto\u0161anai gan vertik\u0101li, gan\u00a0 horizont\u0101li. Ra\u017eot\u0101js \u2013 ximax Modelis \u2013 OCEANUS Jauda T50\u00b0C \u2013 884 W Kr\u0101sa \u2013 antrac\u012bta Izm\u0113ri \u2013 1800 x 445 mm Materi\u0101ls \u2013 t\u0113rauds \/ pulverkr\u0101sa<\/p>\n","protected":false},"featured_media":20297,"comment_status":"closed","ping_status":"closed","template":"","meta":{"inline_featured_image":false,"_uf_show_specific_survey":0,"_uf_disable_surveys":false},"product_brand":[],"product_cat":[128],"product_tag":[249,807],"class_list":{"0":"post-20296","1":"product","2":"type-product","3":"status-publish","4":"has-post-thumbnail","6":"product_cat-radiatori","7":"product_tag-radiators","8":"product_tag-vertikals-dizaina-radiators","11":"first","12":"outofstock","13":"sale","14":"taxable","15":"shipping-taxable","16":"purchasable","17":"product-type-simple"},"_links":{"self":[{"href":"https:\/\/kraftlager.lv\/lv\/wp-json\/wp\/v2\/product\/20296","targetHints":{"allow":["GET"]}}],"collection":[{"href":"https:\/\/kraftlager.lv\/lv\/wp-json\/wp\/v2\/product"}],"about":[{"href":"https:\/\/kraftlager.lv\/lv\/wp-json\/wp\/v2\/types\/product"}],"replies":[{"embeddable":true,"href":"https:\/\/kraftlager.lv\/lv\/wp-json\/wp\/v2\/comments?post=20296"}],"wp:featuredmedia":[{"embeddable":true,"href":"https:\/\/kraftlager.lv\/lv\/wp-json\/wp\/v2\/media\/20297"}],"wp:attachment":[{"href":"https:\/\/kraftlager.lv\/lv\/wp-json\/wp\/v2\/media?parent=20296"}],"wp:term":[{"taxonomy":"product_brand","embeddable":true,"href":"https:\/\/kraftlager.lv\/lv\/wp-json\/wp\/v2\/product_brand?post=20296"},{"taxonomy":"product_cat","embeddable":true,"href":"https:\/\/kraftlager.lv\/lv\/wp-json\/wp\/v2\/product_cat?post=20296"},{"taxonomy":"product_tag","embeddable":true,"href":"https:\/\/kraftlager.lv\/lv\/wp-json\/wp\/v2\/product_tag?post=20296"}],"curies":[{"name":"wp","href":"https:\/\/api.w.org\/{rel}","templated":true}]}}