{"id":28751,"date":"2023-12-01T13:52:56","date_gmt":"2023-12-01T13:52:56","guid":{"rendered":"https:\/\/kraftlager.lv\/lv\/?post_type=product&#038;p=28751"},"modified":"2025-09-24T13:01:00","modified_gmt":"2025-09-24T13:01:00","slug":"500-x-650-mm-horizontals-radiators-krasa-balts","status":"publish","type":"product","link":"https:\/\/kraftlager.lv\/lv\/products\/500-x-650-mm-horizontals-radiators-krasa-balts\/","title":{"rendered":"3 kolonnu horizont\u0101ls radiators 500 x 650 mm , kr\u0101sa &#8211; balts"},"content":{"rendered":"<h3>3 kolonnu horizont\u0101ls radiators 500 x 650 mm , kr\u0101sa &#8211; balts<\/h3>\n<table width=\"303\">\n<tbody>\n<tr>\n<td width=\"166\"><strong>SPECIFIK\u0100CIJA<\/strong><\/td>\n<td width=\"137\"><\/td>\n<\/tr>\n<tr>\n<td><\/td>\n<td><\/td>\n<\/tr>\n<tr>\n<td>Kolonnu skaits<\/td>\n<td>3 kolonnas<\/td>\n<\/tr>\n<tr>\n<td>Kr\u0101sa<\/td>\n<td>9010 pure white<\/td>\n<\/tr>\n<tr>\n<td>Piesl\u0113gums<\/td>\n<td>\u00bd s\u0101na<\/td>\n<\/tr>\n<tr>\n<td>Augstums<\/td>\n<td>500.mm<\/td>\n<\/tr>\n<tr>\n<td>Platums<\/td>\n<td>650 mm<\/td>\n<\/tr>\n<tr>\n<td>Darba spiediens<\/td>\n<td>10.b\u0101ri<\/td>\n<\/tr>\n<tr>\n<td>Jauda kW<\/td>\n<td>767.2 watti<\/td>\n<\/tr>\n<tr>\n<td>Materi\u0101ls<\/td>\n<td>t\u0113rauds<\/td>\n<\/tr>\n<tr>\n<td>P\u0101rkl\u0101jums<\/td>\n<td>Pulverkr\u0101sa<\/td>\n<\/tr>\n<tr>\n<td>Garantija<\/td>\n<td>10. gadi<\/td>\n<\/tr>\n<\/tbody>\n<\/table>\n<p>Milano, Acova r\u016bpn\u012bcas kolonnu t\u0113rauda radiatori ar izteiktu dizainu un lielisku kvalit\u0101ti, tie ieder\u0113sies jebkura stila telpas interjer\u0101, atg\u0101dinot \u010duguna tipa radiatorus. T\u0113rauda radiatoru izgatavo\u0161an\u0101 izmantota l\u0101zermetin\u0101\u0161a, sniedz prec\u012bzu savienojuma \u0161uvi un garant\u0113 radiatora ilgm\u016b\u017e\u012bbu. Radiatora p\u0101rkl\u0101jumam tiek izmantota pulverkr\u0101sa, kas nodro\u0161ina lielisku kr\u0101sas notur\u012bbu ar\u012b uzst\u0101dot radiatoru mitr\u0101s telp\u0101s. Radiatori m\u016bsu <strong>KRAFTLAGER<\/strong> noliktav\u0101 pieejami div\u0101s kr\u0101s\u0101s &#8211; balti un antrac\u012bta (tum\u0161i pel\u0113ki). Ja neviena no \u0161\u012bm klasiskaj\u0101m kr\u0101s\u0101m tom\u0113r klientu neuzrun\u0101, pie mums iesp\u0113jams ar\u012b radiatoru p\u0101rkr\u0101sot p\u0113c j\u016bsu izv\u0113l\u0113ta to\u0146a.<\/p>\n<p><img decoding=\"async\" class=\"size-medium wp-image-28283 aligncenter\" src=\"https:\/\/kraftlager.lv\/wp-content\/uploads\/2023\/11\/rad-krasas-300x110.jpg\" alt=\"\" width=\"300\" height=\"110\" srcset=\"https:\/\/kraftlager.lv\/wp-content\/uploads\/2023\/11\/rad-krasas-300x110.jpg 300w, https:\/\/kraftlager.lv\/wp-content\/uploads\/2023\/11\/rad-krasas-600x220.jpg 600w, https:\/\/kraftlager.lv\/wp-content\/uploads\/2023\/11\/rad-krasas-768x282.jpg 768w, https:\/\/kraftlager.lv\/wp-content\/uploads\/2023\/11\/rad-krasas.jpg 960w\" sizes=\"(max-width: 300px) 100vw, 300px\" \/><\/p>\n<p><strong>Radiatori pieejami izm\u0113ros<\/strong>, 300-1800.mm augstum\u0101 un 600-1400.mm platum\u0101. Radiatori iedal\u0101s ar\u012b p\u0113c kolonnu skaita &#8211; 2,3 un 4 kolonnu radiatori. Radiatori ar 2 kolonn\u0101m b\u016bs \u0161aur\u0101ki un cie\u0161\u0101k piegul\u0113s sienai, savuk\u0101rt, radiatori ar 4 kolonn\u0101m b\u016bs plat\u0101ki, vair\u0101k izvirz\u012bsies no sienas. J\u0101\u0146em v\u0113r\u0101 ka, jo vair\u0101k kolonnu, jo liel\u0101ka b\u016bs radiatoru siltumatdeve. Ja sal\u012bdzin\u0101m 22 tipa standarta radiatorus ar kolonnu radiatoriem, tad pie t\u0101diem pa\u0161iem radiatora gabar\u012btiem un siltumatdeves vienl\u012bdz\u012bgs b\u016bs 3 kolonnu tipa radiators.<\/p>\n<p><img fetchpriority=\"high\" decoding=\"async\" class=\"wp-image-28279 aligncenter\" src=\"https:\/\/kraftlager.lv\/wp-content\/uploads\/2023\/11\/radiatoru-kolonnu-skaits-300x282.png\" alt=\"\" width=\"239\" height=\"225\" srcset=\"https:\/\/kraftlager.lv\/wp-content\/uploads\/2023\/11\/radiatoru-kolonnu-skaits-300x282.png 300w, https:\/\/kraftlager.lv\/wp-content\/uploads\/2023\/11\/radiatoru-kolonnu-skaits.png 523w\" sizes=\"(max-width: 239px) 100vw, 239px\" \/><\/p>\n<p><strong>K\u0101 apr\u0113\u0137in\u0101t niepiecie\u0161amo radiatora jaudu?<\/strong><\/p>\n<p>Izv\u0113loties radiatorus, standarta klients vair\u0101k vad\u0101s p\u0113c radiatora stila un kr\u0101sas, bie\u017ei piemirstot pa\u0161u galveno- radiatora siltumatdevi. Cik tad jaud\u012bgu radiatoru izv\u0113l\u0113ties? \u0160is jaut\u0101jums bie\u017ei izskan noliktav\u0101 <strong>KRAFTLAGER.<\/strong><br \/>\nPie\u0146emot, ka m\u016bsu telpa b\u016btu 10 m2 liela ar standarta griestu augstumu 2,6metri, pie \u0161\u0101diem telpas parametriem b\u016btu niepiecie\u0161ami 100W uz vienu telpas kvadr\u0101tmetru, t\u0101tad radiators ar 1000W siltumatdevi.<\/p>\n<p>Atk\u0101pes :<br \/>\n<strong>Telpa priv\u0101tm\u0101jas otraj\u0101 st\u0101v\u0101<\/strong> &#8211; Ja telpa atrodas priv\u0101tm\u0101jas otraj\u0101 st\u0101v\u0101, pirmaj\u0101 st\u0101v\u0101 eso\u0161ais siltums, ce\u013coties uz aug\u0161u, da\u013c\u0113ji saslida ar\u012b \u0113kas otro st\u0101vu (iz\u0146emot daudz\u012bvok\u013cu \u0113kas). Pamatojoties uz to, uz 10m2 lielu telpu b\u016btu niepiecie\u0161ami tikai 70 W, t\u0101tad b\u016btu vajadz\u012bgs 700 W liels radiators.<br \/>\n<strong>Siltums\u016bknis<\/strong> &#8211; Ja apkures veids nesp\u0113j nodro\u0161in\u0101t 50. gr\u0101du lielu temperat\u016bru sist\u0113m\u0101, k\u0101 tas ir siltums\u016bk\u0146iem, kuri nodro\u0161ina tikai 30. gr\u0101dus lielu temperat\u016bru, uz 10 m2 b\u016btu nepiecie\u0161ams 1800 W liels radiators.<br \/>\n<strong>Pas\u012bv\u0101 m\u0101ja<\/strong> &#8211; Pas\u012bv\u0101 m\u0101ja izce\u013cas ar augstu energoefektivit\u0101ti (liels siltin\u0101jums, moderna ventil\u0101cijas sist\u0113ma utt).\u00a0 \u0160eit parasti vajadz\u012bgo radiatoru jaudu jau b\u016bs apre\u0137in\u0101jis projekt\u0113t\u0101js, ta\u010du pieredze r\u0101da, kad tie standart\u0101 b\u016bs 50 W uz vienu telpas m2. T\u0101tad nepiecie\u0161am\u0101 radiatora jauda b\u016bs 500 W.<br \/>\n<strong>Augsti griesti<\/strong> &#8211; Ja telp\u0101s griestu augstums p\u0101rsniedz 2,6 metrus, tad vajadz\u012bg\u0101 radiatora jauda tiek apr\u0113\u0137in\u0101ta p\u0113c telpas kubikmetriem m3, uz vienu telpas m3 b\u016btu vajadz\u012bgi 40 W siltumatdeve.<br \/>\n<strong>Lieli logi<\/strong> &#8211; Ja telp\u0101 atrodas lieli logi, tiem siltumefektivit\u0101te b\u016bs maz\u0101ka k\u0101 sien\u0101m (iz\u0146emot \u013coti inovat\u012bvus risin\u0101jumus, ta\u010du ar\u012b tiem ar laiku var zust energoefektivit\u0101te). Pie\u0146emot, ka m\u016bsu telpas viena siena ir kl\u0101ta ar logiem, 10.m2 lielai telpai pie standarta apr\u0113\u0137ina pieliekam kl\u0101t 30%, t\u0101tad radiatora nepiecie\u0161am\u0101 jauda b\u016btu 1300 W.<\/p>\n<p><strong>Piez\u012bme<\/strong> &#8211; Ja m\u016bsu m\u0101jas siltumavots ir ciet\u0101 kurin\u0101m\u0101 katls (granulas utt), tad, izv\u0113loties radiatoru ar mazliet zem\u0101ku jaudu nek\u0101 nepiecie\u0161ams, pasaules gals nenotiks. Radiatoru siltumatdeve tiek apr\u0113\u0137in\u0101ta izejot no 50. gr\u0101du temperat\u016bras, ja ar\u012b k\u0101d\u0101 augst\u0101k\u0101 ziemas dien\u0101 j\u016btam diskompfortu, mums vienm\u0113r ir iesp\u0113ja palielin\u0101t apkures sist\u0113mas temperat\u016bru.<\/p>\n<p><img decoding=\"async\" class=\"size-medium wp-image-28293 aligncenter\" src=\"https:\/\/kraftlager.lv\/wp-content\/uploads\/2023\/11\/noliktavas-attels-kraftlager-radiatori-300x296.jpg\" alt=\"\" width=\"300\" height=\"296\" srcset=\"https:\/\/kraftlager.lv\/wp-content\/uploads\/2023\/11\/noliktavas-attels-kraftlager-radiatori-300x296.jpg 300w, https:\/\/kraftlager.lv\/wp-content\/uploads\/2023\/11\/noliktavas-attels-kraftlager-radiatori-100x100.jpg 100w, https:\/\/kraftlager.lv\/wp-content\/uploads\/2023\/11\/noliktavas-attels-kraftlager-radiatori-600x591.jpg 600w, https:\/\/kraftlager.lv\/wp-content\/uploads\/2023\/11\/noliktavas-attels-kraftlager-radiatori-50x50.jpg 50w, https:\/\/kraftlager.lv\/wp-content\/uploads\/2023\/11\/noliktavas-attels-kraftlager-radiatori.jpg 768w\" sizes=\"(max-width: 300px) 100vw, 300px\" \/><\/p>\n<p>&nbsp;<\/p>\n<p>Ne maz\u0101k b\u016btisks aspekts izv\u0113loties radiatorus ir t\u0101 cena. Tie\u0161i t\u0101d\u0113\u013c <strong>KRAFTLAGER<\/strong> noliktavu \u012bpa\u0161i ir iecien\u012bju\u0161i uz\u0146\u0113m\u0113ji un priv\u0101tie pas\u016bt\u012bt\u0101ji, kas v\u0113las ko at\u0161\u0137ir\u012bg\u0101ku par standarta tipa radiatoriem, ta\u010du par \u013coti izdev\u012bgu cenu. <strong>KRAFTLAGER<\/strong> noliktava cen\u0161as vienm\u0113r nodro\u0161in\u0101t pietiekamu pla\u0161u kl\u0101stu ar radiatoriem, kas uzreiz pieejami uz vietas, ta\u010du sakar\u0101 ar lielo piepras\u012bjumu, tas var main\u012bties ik dienas, un m\u0113s ne vienm\u0113r pasp\u0113jam atjaunot internetveikala saturu. Tad\u0113\u013c, ja ar\u012b neatradi Sev vajadz\u012bgo radiatoru m\u0101jaslap\u0101, \u013coti iesp\u0113jams vi\u0146\u0161 atrodas noliktavu plauktos. Tad\u0113\u013c uzzvani vai uzraksti mums e-pastu, vai atbrauc ciemos &#8211; <strong>Br\u012bv\u012bbas gatve 403.c R\u012bg\u0101 KRAFTLAGER<\/strong>.<\/p>\n<p>Kontakt\u0101lrunis: +371 28155819 Mat\u012bss<\/p>\n<p>Watssap +371 28155819<\/p>\n<p>E.pasts: info@kraftlager.lv<\/p>\n","protected":false},"excerpt":{"rendered":"<p>3 kolonnu horizont\u0101ls radiators 500 x 650 mm , kr\u0101sa &#8211; balts SPECIFIK\u0100CIJA Kolonnu skaits 3 kolonnas Kr\u0101sa 9010 pure white Piesl\u0113gums \u00bd s\u0101na Augstums 500.mm Platums 650 mm Darba spiediens 10.b\u0101ri Jauda kW 767.2 watti Materi\u0101ls t\u0113rauds P\u0101rkl\u0101jums Pulverkr\u0101sa Garantija 10. gadi Milano, Acova r\u016bpn\u012bcas kolonnu t\u0113rauda radiatori ar izteiktu dizainu un lielisku kvalit\u0101ti, [&hellip;]<\/p>\n","protected":false},"featured_media":31671,"comment_status":"closed","ping_status":"closed","template":"","meta":{"inline_featured_image":false,"_uf_show_specific_survey":0,"_uf_disable_surveys":false},"product_brand":[],"product_cat":[128],"product_tag":[544,2050,2480,2479,452,2474,2475,2485,2484,2476,2047,796,2048,2045,2049,2046,249,2053,2054,2035,2051,2033,2052,2028,2034],"class_list":{"0":"post-28751","1":"product","2":"type-product","3":"status-publish","4":"has-post-thumbnail","6":"product_cat-radiatori","7":"product_tag-cena-dizaina-radiators","8":"product_tag-cena-leta-radiators-vertikals","9":"product_tag-classic-radiator","10":"product_tag-column-radiator","11":"product_tag-cuguna-tipa-dizaina-radiators","12":"product_tag-design-radiators","13":"product_tag-designer-radiators","14":"product_tag-disain-vertikaalsed-radiaatorid","15":"product_tag-dizaino-vertikalus-radiatoriai","16":"product_tag-exclusive-radiators","17":"product_tag-melns-cuguna-tipa-radiators","18":"product_tag-radiatori","19":"product_tag-radiators-antracita-vertikala-tipa","20":"product_tag-radiators-antracita","21":"product_tag-radiators-cena","22":"product_tag-radiators-vertikals-akcija","23":"product_tag-radiators","24":"product_tag-2053","25":"product_tag-2054","26":"product_tag-2035","27":"product_tag-2051","28":"product_tag-2033","29":"product_tag-2052","30":"product_tag-2028","31":"product_tag-2034","34":"first","35":"outofstock","36":"sale","37":"taxable","38":"shipping-taxable","39":"purchasable","40":"product-type-simple"},"_links":{"self":[{"href":"https:\/\/kraftlager.lv\/lv\/wp-json\/wp\/v2\/product\/28751","targetHints":{"allow":["GET"]}}],"collection":[{"href":"https:\/\/kraftlager.lv\/lv\/wp-json\/wp\/v2\/product"}],"about":[{"href":"https:\/\/kraftlager.lv\/lv\/wp-json\/wp\/v2\/types\/product"}],"replies":[{"embeddable":true,"href":"https:\/\/kraftlager.lv\/lv\/wp-json\/wp\/v2\/comments?post=28751"}],"wp:featuredmedia":[{"embeddable":true,"href":"https:\/\/kraftlager.lv\/lv\/wp-json\/wp\/v2\/media\/31671"}],"wp:attachment":[{"href":"https:\/\/kraftlager.lv\/lv\/wp-json\/wp\/v2\/media?parent=28751"}],"wp:term":[{"taxonomy":"product_brand","embeddable":true,"href":"https:\/\/kraftlager.lv\/lv\/wp-json\/wp\/v2\/product_brand?post=28751"},{"taxonomy":"product_cat","embeddable":true,"href":"https:\/\/kraftlager.lv\/lv\/wp-json\/wp\/v2\/product_cat?post=28751"},{"taxonomy":"product_tag","embeddable":true,"href":"https:\/\/kraftlager.lv\/lv\/wp-json\/wp\/v2\/product_tag?post=28751"}],"curies":[{"name":"wp","href":"https:\/\/api.w.org\/{rel}","templated":true}]}}