{"id":28997,"date":"2023-12-16T12:44:58","date_gmt":"2023-12-16T12:44:58","guid":{"rendered":"https:\/\/kraftlager.lv\/lv\/?post_type=product&#038;p=28997"},"modified":"2025-09-24T12:58:54","modified_gmt":"2025-09-24T12:58:54","slug":"sealskin-senso-vanna-160x75","status":"publish","type":"product","link":"https:\/\/kraftlager.lv\/lv\/products\/sealskin-senso-vanna-160x75\/","title":{"rendered":"Sealskin Senso vanna 160&#215;75"},"content":{"rendered":"<h3>Sealskin Senso vanna 160&#215;75<\/h3>\n<p>Senso Slimfit vannas pied\u0101v\u0101 lab\u0101ko no div\u0101m pasaul\u0113m: vien\u0101 stil\u012bg\u0101 vann\u0101 apvienotas gan m\u016bsdien\u012bgas taisnas, gan \u0113rtas izliektas dizaina l\u012bnijas.<br \/>\n\u0160ai 160&#215;75 cm lielajai vannai ir plakana virsmas da\u013ca, t\u0101p\u0113c to var izmantot k\u0101 du\u0161as zonu. Ir viena ergonomiski veidota atzveltnes da\u013ca, kas atbalst\u012bs j\u016bsu muguras lejasda\u013cu, kad v\u0113l\u0113sieties baud\u012bt ilgu relaks\u0113jo\u0161u m\u0113rc\u0113\u0161anos. \u012apa\u0161i pl\u0101n\u0101 mala padara \u0161o vannu \u012bpa\u0161i stil\u012bgu un m\u016bsdien\u012bgu.<\/p>\n<p>Minim\u0101listisks un \u0113rts dizains<br \/>\nIzgatavots no 4 mm sanit\u0101r\u0101 akrila<br \/>\nAr \u012bpa\u0161i pl\u0101nu, tikai 18 mm platu malu<\/p>\n<p>&nbsp;<\/p>\n","protected":false},"excerpt":{"rendered":"<p>Sealskin Senso vanna 160&#215;75 Senso Slimfit vannas pied\u0101v\u0101 lab\u0101ko no div\u0101m pasaul\u0113m: vien\u0101 stil\u012bg\u0101 vann\u0101 apvienotas gan m\u016bsdien\u012bgas taisnas, gan \u0113rtas izliektas dizaina l\u012bnijas. \u0160ai 160&#215;75 cm lielajai vannai ir plakana virsmas da\u013ca, t\u0101p\u0113c to var izmantot k\u0101 du\u0161as zonu. Ir viena ergonomiski veidota atzveltnes da\u013ca, kas atbalst\u012bs j\u016bsu muguras lejasda\u013cu, kad v\u0113l\u0113sieties baud\u012bt ilgu [&hellip;]<\/p>\n","protected":false},"featured_media":28998,"comment_status":"closed","ping_status":"closed","template":"","meta":{"inline_featured_image":false,"_uf_show_specific_survey":0,"_uf_disable_surveys":false},"product_brand":[],"product_cat":[2440],"product_tag":[2143,2146,2142,2144],"class_list":{"0":"post-28997","1":"product","2":"type-product","3":"status-publish","4":"has-post-thumbnail","6":"product_cat-aksesuari","7":"product_tag-dizaina-vanna","8":"product_tag-iebuvejama-vanna","9":"product_tag-leta-vanna","10":"product_tag-sealskin-vanna","13":"first","14":"instock","15":"sale","16":"taxable","17":"shipping-taxable","18":"purchasable","19":"product-type-simple"},"_links":{"self":[{"href":"https:\/\/kraftlager.lv\/lv\/wp-json\/wp\/v2\/product\/28997","targetHints":{"allow":["GET"]}}],"collection":[{"href":"https:\/\/kraftlager.lv\/lv\/wp-json\/wp\/v2\/product"}],"about":[{"href":"https:\/\/kraftlager.lv\/lv\/wp-json\/wp\/v2\/types\/product"}],"replies":[{"embeddable":true,"href":"https:\/\/kraftlager.lv\/lv\/wp-json\/wp\/v2\/comments?post=28997"}],"wp:featuredmedia":[{"embeddable":true,"href":"https:\/\/kraftlager.lv\/lv\/wp-json\/wp\/v2\/media\/28998"}],"wp:attachment":[{"href":"https:\/\/kraftlager.lv\/lv\/wp-json\/wp\/v2\/media?parent=28997"}],"wp:term":[{"taxonomy":"product_brand","embeddable":true,"href":"https:\/\/kraftlager.lv\/lv\/wp-json\/wp\/v2\/product_brand?post=28997"},{"taxonomy":"product_cat","embeddable":true,"href":"https:\/\/kraftlager.lv\/lv\/wp-json\/wp\/v2\/product_cat?post=28997"},{"taxonomy":"product_tag","embeddable":true,"href":"https:\/\/kraftlager.lv\/lv\/wp-json\/wp\/v2\/product_tag?post=28997"}],"curies":[{"name":"wp","href":"https:\/\/api.w.org\/{rel}","templated":true}]}}