{"id":29092,"date":"2024-01-09T15:36:47","date_gmt":"2024-01-09T15:36:47","guid":{"rendered":"https:\/\/kraftlager.lv\/lv\/?post_type=product&#038;p=29092"},"modified":"2025-08-28T09:54:03","modified_gmt":"2025-08-28T09:54:03","slug":"cuguna-radiators-uz-kajam-770-x-660-mm","status":"publish","type":"product","link":"https:\/\/kraftlager.lv\/lv\/products\/cuguna-radiators-uz-kajam-770-x-660-mm\/","title":{"rendered":"\u010cuguna radiators uz k\u0101j\u0101m 770 x 660 mm"},"content":{"rendered":"<p>\u010cuguna radiatori mums paz\u012bsta jau izsenis, tiem ir sal\u012bdzino\u0161i liel\u0101ks kalpo\u0161anas laiks k\u0101 cita veida radiatoriem, tie izcili akulum\u0113 siltumu un protams tie lieliski izskat\u0101s, it \u012bpa\u0161i ja renov\u0113jam pirmskara laika \u0113kas. \u010cuguna radiatori gandr\u012bz vienm\u0113r tiek pied\u0101v\u0101ti nekr\u0101soti, tas t\u0101d\u0113\u013c ka \u010duguna radiatori nav ikdienas prece l\u012bdz ar to klienti ir izteikti pras\u012bgi izv\u0113loties kr\u0101sas to\u0146us \u010duguna tipa radiatoriem. \u0160\u0101dus radiatorus p\u0101rkl\u0101j ar pulverkr\u0101su p\u0113c ral kataloga izv\u0113l\u0113t\u0101 to\u0146a.<\/p>\n<p>T\u0101 k\u0101 \u010duguna tipa radiatori ir krietni smag\u0101ki par standarta tipa radiatoriem, tad ieteicams tos izv\u0113l\u0113ties ar k\u0101ji\u0146\u0101m, jo ne vienm\u0113r tiem komplekt\u0101cij\u0101 b\u016bs pieejami sienas stiprin\u0101jumi, k\u0101 ar\u012b pa\u0161ai sienai j\u0101b\u016bt ar lielu bl\u012bvumu lai nodro\u0161in\u0101tu \u010duguna radiatora svaru un tas ar laiku nenosl\u012bd\u0113tu.<\/p>\n<table width=\"303\">\n<tbody>\n<tr>\n<td width=\"166\"><strong>SPECIFIK\u0100CIJA<\/strong><\/td>\n<td width=\"137\"><\/td>\n<\/tr>\n<tr>\n<td>Pielietojums<\/td>\n<td>Apkures sist\u0113m\u0101s<\/td>\n<\/tr>\n<tr>\n<td>Sekciju skaits<\/td>\n<td>13<\/td>\n<\/tr>\n<tr>\n<td>Kr\u0101sa<\/td>\n<td>Tum\u0161i za\u013ca<\/td>\n<\/tr>\n<tr>\n<td>Piesl\u0113gums<\/td>\n<td>3\/4<\/td>\n<\/tr>\n<tr>\n<td>Augstums<\/td>\n<td>660.mm<\/td>\n<\/tr>\n<tr>\n<td>Platums<\/td>\n<td>770.mm<\/td>\n<\/tr>\n<tr>\n<td>Darba spiediens<\/td>\n<td>8.b\u0101ri<\/td>\n<\/tr>\n<tr>\n<td>Jauda kW<\/td>\n<td>1250.watti<\/td>\n<\/tr>\n<tr>\n<td>Materi\u0101ls<\/td>\n<td>\u010duguns<\/td>\n<\/tr>\n<tr>\n<td>P\u0101rkl\u0101jums<\/td>\n<td>Pulverkr\u0101sa<\/td>\n<\/tr>\n<tr>\n<td>Garantija<\/td>\n<td>20. gadi<\/td>\n<\/tr>\n<\/tbody>\n<\/table>\n","protected":false},"excerpt":{"rendered":"<p>\u010cuguna radiatori mums paz\u012bsta jau izsenis, tiem ir sal\u012bdzino\u0161i liel\u0101ks kalpo\u0161anas laiks k\u0101 cita veida radiatoriem, tie izcili akulum\u0113 siltumu un protams tie lieliski izskat\u0101s, it \u012bpa\u0161i ja renov\u0113jam pirmskara laika \u0113kas. \u010cuguna radiatori gandr\u012bz vienm\u0113r tiek pied\u0101v\u0101ti nekr\u0101soti, tas t\u0101d\u0113\u013c ka \u010duguna radiatori nav ikdienas prece l\u012bdz ar to klienti ir izteikti pras\u012bgi izv\u0113loties [&hellip;]<\/p>\n","protected":false},"featured_media":29093,"comment_status":"closed","ping_status":"closed","template":"","meta":{"inline_featured_image":false,"_uf_show_specific_survey":0,"_uf_disable_surveys":false},"product_brand":[],"product_cat":[128],"product_tag":[2161,2159,2160],"class_list":{"0":"post-29092","1":"product","2":"type-product","3":"status-publish","4":"has-post-thumbnail","6":"product_cat-radiatori","7":"product_tag-akcija-cuguna-radiators","8":"product_tag-cuguna-radiatori","9":"product_tag-cuguna-radiators-ar-kajam","12":"first","13":"outofstock","14":"sale","15":"taxable","16":"shipping-taxable","17":"purchasable","18":"product-type-simple"},"_links":{"self":[{"href":"https:\/\/kraftlager.lv\/lv\/wp-json\/wp\/v2\/product\/29092","targetHints":{"allow":["GET"]}}],"collection":[{"href":"https:\/\/kraftlager.lv\/lv\/wp-json\/wp\/v2\/product"}],"about":[{"href":"https:\/\/kraftlager.lv\/lv\/wp-json\/wp\/v2\/types\/product"}],"replies":[{"embeddable":true,"href":"https:\/\/kraftlager.lv\/lv\/wp-json\/wp\/v2\/comments?post=29092"}],"wp:featuredmedia":[{"embeddable":true,"href":"https:\/\/kraftlager.lv\/lv\/wp-json\/wp\/v2\/media\/29093"}],"wp:attachment":[{"href":"https:\/\/kraftlager.lv\/lv\/wp-json\/wp\/v2\/media?parent=29092"}],"wp:term":[{"taxonomy":"product_brand","embeddable":true,"href":"https:\/\/kraftlager.lv\/lv\/wp-json\/wp\/v2\/product_brand?post=29092"},{"taxonomy":"product_cat","embeddable":true,"href":"https:\/\/kraftlager.lv\/lv\/wp-json\/wp\/v2\/product_cat?post=29092"},{"taxonomy":"product_tag","embeddable":true,"href":"https:\/\/kraftlager.lv\/lv\/wp-json\/wp\/v2\/product_tag?post=29092"}],"curies":[{"name":"wp","href":"https:\/\/api.w.org\/{rel}","templated":true}]}}