{"id":31275,"date":"2024-09-20T10:52:32","date_gmt":"2024-09-20T10:52:32","guid":{"rendered":"https:\/\/kraftlager.lv\/lv\/?post_type=product&#038;p=31275"},"modified":"2025-02-15T12:38:01","modified_gmt":"2025-02-15T12:38:01","slug":"blyss-terauda-dvielu-zavetajs-1600x600-hroms-2","status":"publish","type":"product","link":"https:\/\/kraftlager.lv\/lv\/products\/blyss-terauda-dvielu-zavetajs-1600x600-hroms-2\/","title":{"rendered":"BLYSS t\u0113rauda dvie\u013cu \u017e\u0101v\u0113t\u0101js 1600&#215;600, hroms (izliekts)"},"content":{"rendered":"<h3>BLYSS t\u0113rauda dvie\u013cu \u017e\u0101v\u0113t\u0101js 1600&#215;600, hroms<\/h3>\n<p>Augstas kvalit\u0101tes hrom\u0113ta t\u0113rauda konstrukcija.<\/p>\n<p>Jauda: 554W<br \/>\nKomplekt\u0101 ietilpst: sienas kron\u0161teini, izpl\u016bdes v\u0101rsts un aizb\u0101\u017e\u0146i<br \/>\nIzliekta priek\u0161puse<br \/>\nPiem\u0113rots centr\u0101lapkures sist\u0113m\u0101m<\/p>\n","protected":false},"excerpt":{"rendered":"<p>BLYSS t\u0113rauda dvie\u013cu \u017e\u0101v\u0113t\u0101js 1600&#215;600, hroms Augstas kvalit\u0101tes hrom\u0113ta t\u0113rauda konstrukcija. Jauda: 554W Komplekt\u0101 ietilpst: sienas kron\u0161teini, izpl\u016bdes v\u0101rsts un aizb\u0101\u017e\u0146i Izliekta priek\u0161puse Piem\u0113rots centr\u0101lapkures sist\u0113m\u0101m<\/p>\n","protected":false},"featured_media":31276,"comment_status":"closed","ping_status":"closed","template":"","meta":{"inline_featured_image":false,"_uf_show_specific_survey":0,"_uf_disable_surveys":false},"product_brand":[],"product_cat":[2439],"product_tag":[464,2050,2475,404,436,2476,2046,2053,2486],"class_list":{"0":"post-31275","1":"product","2":"type-product","3":"status-publish","4":"has-post-thumbnail","6":"product_cat-dvielu-zavetaji","7":"product_tag-cena-dvielu-zavetajs","8":"product_tag-cena-leta-radiators-vertikals","9":"product_tag-designer-radiators","10":"product_tag-dizaina-radiators","11":"product_tag-dvielu-radiators","12":"product_tag-exclusive-radiators","13":"product_tag-radiators-vertikals-akcija","14":"product_tag-2053","15":"product_tag-2486","18":"first","19":"outofstock","20":"sale","21":"taxable","22":"shipping-taxable","23":"purchasable","24":"product-type-simple"},"_links":{"self":[{"href":"https:\/\/kraftlager.lv\/lv\/wp-json\/wp\/v2\/product\/31275","targetHints":{"allow":["GET"]}}],"collection":[{"href":"https:\/\/kraftlager.lv\/lv\/wp-json\/wp\/v2\/product"}],"about":[{"href":"https:\/\/kraftlager.lv\/lv\/wp-json\/wp\/v2\/types\/product"}],"replies":[{"embeddable":true,"href":"https:\/\/kraftlager.lv\/lv\/wp-json\/wp\/v2\/comments?post=31275"}],"wp:featuredmedia":[{"embeddable":true,"href":"https:\/\/kraftlager.lv\/lv\/wp-json\/wp\/v2\/media\/31276"}],"wp:attachment":[{"href":"https:\/\/kraftlager.lv\/lv\/wp-json\/wp\/v2\/media?parent=31275"}],"wp:term":[{"taxonomy":"product_brand","embeddable":true,"href":"https:\/\/kraftlager.lv\/lv\/wp-json\/wp\/v2\/product_brand?post=31275"},{"taxonomy":"product_cat","embeddable":true,"href":"https:\/\/kraftlager.lv\/lv\/wp-json\/wp\/v2\/product_cat?post=31275"},{"taxonomy":"product_tag","embeddable":true,"href":"https:\/\/kraftlager.lv\/lv\/wp-json\/wp\/v2\/product_tag?post=31275"}],"curies":[{"name":"wp","href":"https:\/\/api.w.org\/{rel}","templated":true}]}}