{"id":31299,"date":"2024-09-21T10:06:47","date_gmt":"2024-09-21T10:06:47","guid":{"rendered":"https:\/\/kraftlager.lv\/lv\/?post_type=product&#038;p=31299"},"modified":"2025-08-05T10:17:51","modified_gmt":"2025-08-05T10:17:51","slug":"blyss-terauda-dvielu-zavetajs-1100x450-hroms","status":"publish","type":"product","link":"https:\/\/kraftlager.lv\/lv\/products\/blyss-terauda-dvielu-zavetajs-1100x450-hroms\/","title":{"rendered":"BLYSS t\u0113rauda dvie\u013cu \u017e\u0101v\u0113t\u0101js 1100\u00d7450, hroms"},"content":{"rendered":"<p>BLYSS t\u0113rauda dvie\u013cu \u017e\u0101v\u0113t\u0101js 1100\u00d7450, hroms<\/p>\n<p>Forma: izliekts<\/p>\n<table class=\"f16ac490 eddf1b8e\">\n<tbody>\n<tr class=\"_16e35652\">\n<th class=\"_5de00b5d _58c871b0 b1bfb616 _23ee746f\">Jauda<\/th>\n<td class=\"d13cb219 _58c871b0 b1bfb616\" data-test-id=\"product-spec-value\">304W<\/td>\n<\/tr>\n<tr class=\"_16e35652\">\n<th class=\"_5de00b5d _58c871b0 b1bfb616 _23ee746f\">Kr\u0101sa<\/th>\n<td class=\"d13cb219 _58c871b0 b1bfb616\" data-test-id=\"product-spec-value\">Hroms<\/td>\n<\/tr>\n<tr class=\"_16e35652\">\n<th class=\"_5de00b5d _58c871b0 b1bfb616 _23ee746f\">Mont\u0101\u017e\u0101s tips<\/th>\n<td class=\"d13cb219 _58c871b0 b1bfb616\" data-test-id=\"product-spec-value\">Sienas<\/td>\n<\/tr>\n<tr class=\"_16e35652\">\n<th class=\"_5de00b5d _58c871b0 b1bfb616 _23ee746f\">Materi\u0101ls<\/th>\n<td class=\"d13cb219 _58c871b0 b1bfb616\" data-test-id=\"product-spec-value\">T\u0113rauds<\/td>\n<\/tr>\n<tr class=\"_16e35652\">\n<th class=\"_5de00b5d _58c871b0 b1bfb616 _23ee746f\"><\/th>\n<td class=\"d13cb219 _58c871b0 b1bfb616\" data-test-id=\"product-spec-value\"><\/td>\n<\/tr>\n<tr class=\"_16e35652\">\n<th class=\"_5de00b5d _58c871b0 b1bfb616 _23ee746f\">Augstums<\/th>\n<td class=\"d13cb219 _58c871b0 b1bfb616\" data-test-id=\"product-spec-value\">1100mm<\/td>\n<\/tr>\n<tr class=\"_16e35652\">\n<th class=\"_5de00b5d _58c871b0 b1bfb616 _23ee746f\">Platums<\/th>\n<td class=\"d13cb219 _58c871b0 b1bfb616\" data-test-id=\"product-spec-value\">450mm<\/td>\n<\/tr>\n<\/tbody>\n<\/table>\n<p>Piem\u0113rots centr\u0101l\u0101s apkures sist\u0113m\u0101m<\/p>\n","protected":false},"excerpt":{"rendered":"<p>BLYSS t\u0113rauda dvie\u013cu \u017e\u0101v\u0113t\u0101js 1100\u00d7450, hroms Forma: izliekts Jauda 304W Kr\u0101sa Hroms Mont\u0101\u017e\u0101s tips Sienas Materi\u0101ls T\u0113rauds Augstums 1100mm Platums 450mm Piem\u0113rots centr\u0101l\u0101s apkures sist\u0113m\u0101m<\/p>\n","protected":false},"featured_media":31300,"comment_status":"closed","ping_status":"closed","template":"","meta":{"inline_featured_image":false,"_uf_show_specific_survey":0,"_uf_disable_surveys":false},"product_brand":[],"product_cat":[2439],"product_tag":[464,2050,2475,404,436,2476,2046,2053,2486],"class_list":{"0":"post-31299","1":"product","2":"type-product","3":"status-publish","4":"has-post-thumbnail","6":"product_cat-dvielu-zavetaji","7":"product_tag-cena-dvielu-zavetajs","8":"product_tag-cena-leta-radiators-vertikals","9":"product_tag-designer-radiators","10":"product_tag-dizaina-radiators","11":"product_tag-dvielu-radiators","12":"product_tag-exclusive-radiators","13":"product_tag-radiators-vertikals-akcija","14":"product_tag-2053","15":"product_tag-2486","18":"first","19":"outofstock","20":"sale","21":"taxable","22":"shipping-taxable","23":"purchasable","24":"product-type-simple"},"_links":{"self":[{"href":"https:\/\/kraftlager.lv\/lv\/wp-json\/wp\/v2\/product\/31299","targetHints":{"allow":["GET"]}}],"collection":[{"href":"https:\/\/kraftlager.lv\/lv\/wp-json\/wp\/v2\/product"}],"about":[{"href":"https:\/\/kraftlager.lv\/lv\/wp-json\/wp\/v2\/types\/product"}],"replies":[{"embeddable":true,"href":"https:\/\/kraftlager.lv\/lv\/wp-json\/wp\/v2\/comments?post=31299"}],"wp:featuredmedia":[{"embeddable":true,"href":"https:\/\/kraftlager.lv\/lv\/wp-json\/wp\/v2\/media\/31300"}],"wp:attachment":[{"href":"https:\/\/kraftlager.lv\/lv\/wp-json\/wp\/v2\/media?parent=31299"}],"wp:term":[{"taxonomy":"product_brand","embeddable":true,"href":"https:\/\/kraftlager.lv\/lv\/wp-json\/wp\/v2\/product_brand?post=31299"},{"taxonomy":"product_cat","embeddable":true,"href":"https:\/\/kraftlager.lv\/lv\/wp-json\/wp\/v2\/product_cat?post=31299"},{"taxonomy":"product_tag","embeddable":true,"href":"https:\/\/kraftlager.lv\/lv\/wp-json\/wp\/v2\/product_tag?post=31299"}],"curies":[{"name":"wp","href":"https:\/\/api.w.org\/{rel}","templated":true}]}}