{"id":31339,"date":"2024-09-27T10:26:27","date_gmt":"2024-09-27T10:26:27","guid":{"rendered":"https:\/\/kraftlager.lv\/lv\/?post_type=product&#038;p=31339"},"modified":"2025-09-24T12:53:10","modified_gmt":"2025-09-24T12:53:10","slug":"vertikals-antracita-krasas-radiators-1200-x-544-duplex","status":"publish","type":"product","link":"https:\/\/kraftlager.lv\/lv\/products\/vertikals-antracita-krasas-radiators-1200-x-544-duplex\/","title":{"rendered":"Vertik\u0101ls antrac\u012bta kr\u0101sas radiators 1200 x 544 Duplex"},"content":{"rendered":"<h3>Vertik\u0101ls antrac\u012bta kr\u0101sas radiators 1200 x 544 mm. Duplex<\/h3>\n<p>HEIZWARM antrac\u012bta kr\u0101sas vertik\u0101ls dubultpane\u013cu radiators \u2013 DUPLEX, radiators izce\u013cas ar est\u0113tiska dizaina pane\u013ciem, kas gandr\u012bz piln\u012bba nokl\u0101j radiatora fas\u0101des plakni. Radiatora izteiktais dizains noteikti piesaist\u012bs uzman\u012bbu, \u0161\u0101da tipa radiators lieliski ieder\u0113sies moderna vai industri\u0101la stila interjer\u0101.<\/p>\n<p>DUPLEX radiatora plaknes veidotas dubult\u0101, nodro\u0161inot \u013coti labas jaudas attiec\u012bbu pret plakni ( radiators aiz\u0146em p\u0113c iesp\u0113jas maz\u0101ku vietu, taj\u0101 pat laik\u0101 nezaud\u0113jot radiatora jaudu, lai nodro\u0161in\u0101tu pietieko\u0161u telpas apsildi).<\/p>\n<p>\u0160\u012b tipa radiators paredz\u0113ts izmanto\u0161anai priv\u0101tm\u0101j\u0101s vai mazst\u0101vu daudz\u012bvok\u013cu apb\u016bv\u0113,\u00a0 kuru apkures darba spiediens nep\u0101rsniedz 4.b\u0101rus.<\/p>\n<table width=\"303\">\n<tbody>\n<tr>\n<td width=\"166\"><strong>SPECIFIK\u0100CIJA<\/strong><\/td>\n<td width=\"137\"><\/td>\n<\/tr>\n<tr>\n<td><\/td>\n<td><\/td>\n<\/tr>\n<tr>\n<td>Pane\u013cu skaits<\/td>\n<td>8 dubultpane\u013ci<\/td>\n<\/tr>\n<tr>\n<td>Kr\u0101sa<\/td>\n<td>7016 antrac\u012bts<\/td>\n<\/tr>\n<tr>\n<td>Piesl\u0113gums<\/td>\n<td>\u00bd s\u0101na<\/td>\n<\/tr>\n<tr>\n<td>Augstums<\/td>\n<td>1200 mm<\/td>\n<\/tr>\n<tr>\n<td>Platums<\/td>\n<td>544 mm<\/td>\n<\/tr>\n<tr>\n<td>Darba spiediens<\/td>\n<td>4.b\u0101ri<\/td>\n<\/tr>\n<tr>\n<td>Jauda kW (\u0394T 50\u00b0)<\/td>\n<td>1071 watti<\/td>\n<\/tr>\n<tr>\n<td>Materi\u0101ls<\/td>\n<td>t\u0113rauds<\/td>\n<\/tr>\n<tr>\n<td>P\u0101rkl\u0101jums<\/td>\n<td>Pulverkr\u0101sa<\/td>\n<\/tr>\n<tr>\n<td>Garantija<\/td>\n<td>10. gadi<\/td>\n<\/tr>\n<\/tbody>\n<\/table>\n<p><strong>K\u0101 tiek nor\u0101d\u012bta radiatora jauda radiatoriem \u2013 Delta 50\u00b0 (75\/65\/20) \u2013 ar Delta T 50\u00b0C noz\u012bm\u0113 75\u00b0C iepl\u016bdes \u016bdens temperat\u016bru, 65\u00b0C izpl\u016bdes \u016bdens temperat\u016bru un 20\u00b0C telpas temperat\u016bru<\/strong>.<\/p>\n<p><strong>K\u0101 apr\u0113\u0137in\u0101t nepiecie\u0161amo radiatora jaudu?<\/strong><\/p>\n<p>Izv\u0113loties radiatorus, standarta klients vair\u0101k vad\u0101s p\u0113c radiatora stila un kr\u0101sas, bie\u017ei piemirstot pa\u0161u galveno- radiatora siltumatdevi. Cik tad jaud\u012bgu radiatoru izv\u0113l\u0113ties? \u0160is jaut\u0101jums bie\u017ei izskan noliktav\u0101\u00a0<strong>KRAFTLAGER.<\/strong><br \/>\nPie\u0146emot, ka m\u016bsu telpa b\u016btu 10 m2 liela ar standarta griestu augstumu 2,6metri, pie \u0161\u0101diem telpas parametriem b\u016btu niepiecie\u0161ami 100W uz vienu telpas kvadr\u0101tmetru, t\u0101tad radiators ar 1000W siltumatdevi.<\/p>\n<p>Atk\u0101pes :<br \/>\n<strong>Telpa priv\u0101tm\u0101jas otraj\u0101 st\u0101v\u0101<\/strong>\u00a0\u2013 Ja telpa atrodas priv\u0101tm\u0101jas otraj\u0101 st\u0101v\u0101, pirmaj\u0101 st\u0101v\u0101 eso\u0161ais siltums, ce\u013coties uz aug\u0161u, da\u013c\u0113ji saslida ar\u012b \u0113kas otro st\u0101vu (iz\u0146emot daudz\u012bvok\u013cu \u0113kas). Pamatojoties uz to, uz 10m2 lielu telpu b\u016btu niepiecie\u0161ami tikai 70 W, t\u0101tad b\u016btu vajadz\u012bgs 700 W liels radiators.<br \/>\n<strong>Siltums\u016bknis<\/strong>\u00a0\u2013 Ja apkures veids nesp\u0113j nodro\u0161in\u0101t 70. gr\u0101du lielu temperat\u016bru sist\u0113m\u0101, k\u0101 tas ir siltums\u016bk\u0146iem, kuri nodro\u0161ina tikai 35. gr\u0101dus lielu temperat\u016bru, uz 10 m2 b\u016btu nepiecie\u0161ams 1800 W liels radiators.<br \/>\n<strong>Pas\u012bv\u0101 m\u0101ja<\/strong>\u00a0\u2013 Pas\u012bv\u0101 m\u0101ja izce\u013cas ar augstu energoefektivit\u0101ti (liels siltin\u0101jums, moderna ventil\u0101cijas sist\u0113ma utt).\u00a0 \u0160eit parasti vajadz\u012bgo radiatoru jaudu jau b\u016bs apre\u0137in\u0101jis projekt\u0113t\u0101js, ta\u010du pieredze r\u0101da, kad tie standart\u0101 b\u016bs 50 W uz vienu telpas m2. T\u0101tad nepiecie\u0161am\u0101 radiatora jauda b\u016bs 500 W.<br \/>\n<strong>Augsti griesti<\/strong>\u00a0\u2013 Ja telp\u0101s griestu augstums p\u0101rsniedz 2,6 metrus, tad vajadz\u012bg\u0101 radiatora jauda tiek apr\u0113\u0137in\u0101ta p\u0113c telpas kubikmetriem m3, uz vienu telpas m3 b\u016btu vajadz\u012bgi 40 W siltumatdeve.<br \/>\n<strong>Lieli logi<\/strong>\u00a0\u2013 Ja telp\u0101 atrodas lieli logi, tiem siltumefektivit\u0101te b\u016bs maz\u0101ka k\u0101 sien\u0101m (iz\u0146emot \u013coti inovat\u012bvus risin\u0101jumus, ta\u010du ar\u012b tiem ar laiku var zust energoefektivit\u0101te). Pie\u0146emot, ka m\u016bsu telpas viena siena ir kl\u0101ta ar logiem, 10.m2 lielai telpai pie standarta apr\u0113\u0137ina pieliekam kl\u0101t 30%, t\u0101tad radiatora nepiecie\u0161am\u0101 jauda b\u016btu 1300 W.<\/p>\n<p><strong>Piez\u012bme<\/strong>\u00a0\u2013 Ja m\u016bsu m\u0101jas siltumavots ir ciet\u0101 kurin\u0101m\u0101 katls (granulas utt), tad, izv\u0113loties radiatoru ar mazliet zem\u0101ku jaudu nek\u0101 nepiecie\u0161ams, pasaules gals nenotiks. Radiatoru siltumatdeve tiek apr\u0113\u0137in\u0101ta izejot no 70. gr\u0101du temperat\u016bras, ja ar\u012b k\u0101d\u0101 augst\u0101k\u0101 ziemas dien\u0101 j\u016btam diskompfortu, mums vienm\u0113r ir iesp\u0113ja palielin\u0101t apkures sist\u0113mas temperat\u016bru.<\/p>\n<p><img fetchpriority=\"high\" decoding=\"async\" class=\"size-medium wp-image-31117 aligncenter\" src=\"https:\/\/kraftlager.lv\/wp-content\/uploads\/2024\/08\/foto_rad-250x300.png\" sizes=\"(max-width: 250px) 100vw, 250px\" srcset=\"https:\/\/kraftlager.lv\/wp-content\/uploads\/2024\/08\/foto_rad-250x300.png 250w, https:\/\/kraftlager.lv\/wp-content\/uploads\/2024\/08\/foto_rad-10x12.png 10w, https:\/\/kraftlager.lv\/wp-content\/uploads\/2024\/08\/foto_rad-600x720.png 600w, https:\/\/kraftlager.lv\/wp-content\/uploads\/2024\/08\/foto_rad.png 707w\" alt=\"\" width=\"250\" height=\"300\" \/><\/p>\n<p>Ne maz\u0101k b\u016btisks aspekts izv\u0113loties radiatorus ir t\u0101 cena. Tie\u0161i t\u0101d\u0113\u013c\u00a0<strong>KRAFTLAGER<\/strong>\u00a0noliktavu \u012bpa\u0161i ir iecien\u012bju\u0161i uz\u0146\u0113m\u0113ji un priv\u0101tie pas\u016bt\u012bt\u0101ji, kas v\u0113las ko at\u0161\u0137ir\u012bg\u0101ku par standarta tipa radiatoriem, ta\u010du par \u013coti izdev\u012bgu cenu.\u00a0<strong>KRAFTLAGER<\/strong>\u00a0noliktava cen\u0161as vienm\u0113r nodro\u0161in\u0101t pietiekamu pla\u0161u kl\u0101stu ar radiatoriem, kas uzreiz pieejami uz vietas, ta\u010du sakar\u0101 ar lielo piepras\u012bjumu, tas var main\u012bties ik dienas, un m\u0113s ne vienm\u0113r pasp\u0113jam atjaunot internetveikala saturu. Tad\u0113\u013c, ja ar\u012b neatradi Sev vajadz\u012bgo radiatoru m\u0101jaslap\u0101, \u013coti iesp\u0113jams vi\u0146\u0161 atrodas noliktavu plauktos. Tad\u0113\u013c uzzvani vai uzraksti mums e-pastu, vai atbrauc ciemos \u2013\u00a0<strong>Br\u012bv\u012bbas gatve 403.c R\u012bg\u0101 KRAFTLAGER<\/strong>.<\/p>\n","protected":false},"excerpt":{"rendered":"<p>Vertik\u0101ls antrac\u012bta kr\u0101sas radiators 1200 x 544 mm. Duplex HEIZWARM antrac\u012bta kr\u0101sas vertik\u0101ls dubultpane\u013cu radiators \u2013 DUPLEX, radiators izce\u013cas ar est\u0113tiska dizaina pane\u013ciem, kas gandr\u012bz piln\u012bba nokl\u0101j radiatora fas\u0101des plakni. Radiatora izteiktais dizains noteikti piesaist\u012bs uzman\u012bbu, \u0161\u0101da tipa radiators lieliski ieder\u0113sies moderna vai industri\u0101la stila interjer\u0101. DUPLEX radiatora plaknes veidotas dubult\u0101, nodro\u0161inot \u013coti labas jaudas [&hellip;]<\/p>\n","protected":false},"featured_media":31912,"comment_status":"closed","ping_status":"closed","template":"","meta":{"inline_featured_image":false,"_uf_show_specific_survey":0,"_uf_disable_surveys":false},"product_brand":[],"product_cat":[128],"product_tag":[2449,2050,480,2474,2475,404,482,2450,2476,2478,806],"class_list":{"0":"post-31339","1":"product","2":"type-product","3":"status-publish","4":"has-post-thumbnail","6":"product_cat-radiatori","7":"product_tag-akcija-melns-radiators","8":"product_tag-cena-leta-radiators-vertikals","9":"product_tag-cena-melns-radiators","10":"product_tag-design-radiators","11":"product_tag-designer-radiators","12":"product_tag-dizaina-radiators","13":"product_tag-diziana-radiators-melns-horizontals","14":"product_tag-duplex-cena","15":"product_tag-exclusive-radiators","16":"product_tag-panel-radiators","17":"product_tag-vertikals-radiators","20":"first","21":"instock","22":"sale","23":"taxable","24":"shipping-taxable","25":"purchasable","26":"product-type-simple"},"_links":{"self":[{"href":"https:\/\/kraftlager.lv\/lv\/wp-json\/wp\/v2\/product\/31339","targetHints":{"allow":["GET"]}}],"collection":[{"href":"https:\/\/kraftlager.lv\/lv\/wp-json\/wp\/v2\/product"}],"about":[{"href":"https:\/\/kraftlager.lv\/lv\/wp-json\/wp\/v2\/types\/product"}],"replies":[{"embeddable":true,"href":"https:\/\/kraftlager.lv\/lv\/wp-json\/wp\/v2\/comments?post=31339"}],"wp:featuredmedia":[{"embeddable":true,"href":"https:\/\/kraftlager.lv\/lv\/wp-json\/wp\/v2\/media\/31912"}],"wp:attachment":[{"href":"https:\/\/kraftlager.lv\/lv\/wp-json\/wp\/v2\/media?parent=31339"}],"wp:term":[{"taxonomy":"product_brand","embeddable":true,"href":"https:\/\/kraftlager.lv\/lv\/wp-json\/wp\/v2\/product_brand?post=31339"},{"taxonomy":"product_cat","embeddable":true,"href":"https:\/\/kraftlager.lv\/lv\/wp-json\/wp\/v2\/product_cat?post=31339"},{"taxonomy":"product_tag","embeddable":true,"href":"https:\/\/kraftlager.lv\/lv\/wp-json\/wp\/v2\/product_tag?post=31339"}],"curies":[{"name":"wp","href":"https:\/\/api.w.org\/{rel}","templated":true}]}}