{"id":31416,"date":"2024-11-26T10:27:04","date_gmt":"2024-11-26T10:27:04","guid":{"rendered":"https:\/\/kraftlager.lv\/lv\/?post_type=product&#038;p=31416"},"modified":"2024-12-14T10:16:49","modified_gmt":"2024-12-14T10:16:49","slug":"divans-gulta-flic-103","status":"publish","type":"product","link":"https:\/\/kraftlager.lv\/lv\/products\/divans-gulta-flic-103\/","title":{"rendered":"D\u012bv\u0101ns gulta Flic 103"},"content":{"rendered":"<h3>D\u012bv\u0101ns gulta Flic 103<\/h3>\n<p>Kr\u0101sa: Zilgani pel\u0113ks<\/p>\n<p>Materi\u0101ls: Vel\u016brs<\/p>\n<div class=\"woocommerce-tabs wc-tabs-wrapper\">\n<div id=\"tab-description\" class=\"woocommerce-Tabs-panel woocommerce-Tabs-panel--description panel entry-content wc-tab\" role=\"tabpanel\" aria-labelledby=\"tab-title-description\">\n<p id=\"tw-target-text\" class=\"tw-data-text tw-text-large tw-ta\" dir=\"ltr\" data-placeholder=\"Translation\" data-ved=\"2ahUKEwj5_diQ3_mJAxX9BxAIHXSREHcQ3ewLegQICxAU\" aria-label=\"Translated text: Ikviens sap\u0146o par modernu, bet ar\u012b praktisku interjeru. T\u0101du, kas p\u0101rsteidz m\u016bsu viesus un izr\u0101d\u0101s praktisks, ja, piem\u0113ram, negaid\u012bti viesi v\u0113las palikt pa nakti. \u0160eit mums ir ieteikums jums: retro stila d\u012bv\u0101ns ar neparastu dizainu, interesantu formu, kuru var \u0101tri un vienk\u0101r\u0161i izloc\u012bt. Daudzi var b\u016bt pat\u012bkami p\u0101rsteigti par \u0161o m\u0113be\u013cu saimi. Tie ir retro d\u012bv\u0101ni no Flic l\u012bnijas. \u0112rts, dizainisks un \u012bpa\u0161i praktisks. T\u0101s r\u0101mis ir izgatavots no trim r\u0101mjiem, kas izgatavoti no iztur\u012bga di\u017esk\u0101bar\u017ea un sapl\u0101k\u0161\u0146a. R\u0101mji tiek tur\u0113ti kop\u0101 ar met\u0101la meh\u0101nismiem. Atzveltnes kr\u0113sls ir polster\u0113ts ar elast\u012bg\u0101m put\u0101m, kas nodro\u0161ina komfortu un labsaj\u016btu. Kr\u0101sains polster\u0113jums, moderni m\u0113be\u013cu audumi un augstas kvalit\u0101tes materi\u0101li pie\u0161\u0137ir \u0161ai m\u0113belei unik\u0101lu raksturu. \u0112rto Flick m\u012bksto d\u012bv\u0101nu, kura garums ir 100 cm, var viegli novietot viesistab\u0101 vai viesu istab\u0101. Tas viegli atrod savu vietu ar\u012b pusaud\u017ea istab\u0101. Papildus d\u012bv\u0101nam \u0161aj\u0101 m\u0113be\u013cu kolekcij\u0101 ietilpst ar\u012b atzveltnes kr\u0113sls un liel\u0101ks d\u012bv\u0101ns, kura garums ir 142 cm.\"><span class=\"Y2IQFc\" lang=\"lv\">Ikviens sap\u0146o par modernu, bet ar\u012b praktisku interjeru. T\u0101du, kas p\u0101rsteidz m\u016bsu viesus un izr\u0101d\u0101s praktisks, ja, piem\u0113ram, negaid\u012bti viesi v\u0113las palikt pa nakti. \u0160eit mums ir ieteikums jums: retro stila d\u012bv\u0101ns ar neparastu dizainu, interesantu formu, kuru var \u0101tri un vienk\u0101r\u0161i izloc\u012bt. Daudzi var b\u016bt pat\u012bkami p\u0101rsteigti par \u0161o m\u0113be\u013cu saimi. Tie ir retro d\u012bv\u0101ni no Flic l\u012bnijas. \u0112rts, dizainisks un \u012bpa\u0161i praktisks. T\u0101s r\u0101mis ir izgatavots no trim r\u0101mjiem, kas izgatavoti no iztur\u012bga di\u017esk\u0101bar\u017ea un sapl\u0101k\u0161\u0146a. R\u0101mji tiek tur\u0113ti kop\u0101 ar met\u0101la meh\u0101nismiem. Atzveltnes kr\u0113sls ir polster\u0113ts ar elast\u012bg\u0101m put\u0101m, kas nodro\u0161ina komfortu un labsaj\u016btu. Kr\u0101sains polster\u0113jums, moderni m\u0113be\u013cu audumi un augstas kvalit\u0101tes materi\u0101li pie\u0161\u0137ir \u0161ai m\u0113belei unik\u0101lu raksturu. \u0112rto Flick m\u012bksto d\u012bv\u0101nu, kura garums ir 100 cm, var viegli novietot viesistab\u0101 vai viesu istab\u0101. Tas viegli atrod savu vietu ar\u012b pusaud\u017ea istab\u0101.<\/span><\/p>\n<pre id=\"tw-target-text\" class=\"tw-data-text tw-text-large tw-ta\" dir=\"ltr\" data-placeholder=\"Translation\" data-ved=\"2ahUKEwj5_diQ3_mJAxX9BxAIHXSREHcQ3ewLegQICxAU\" aria-label=\"Translated text: Platums 103 cm Augstums 78 cm dzi\u013cums 90 cm Svars (neto) 33 kg S\u0113dek\u013ca platums 103 cm S\u0113dek\u013ca augstums 42 cm S\u0113dek\u013ca dzi\u013cums 62 cm Atzveltnes augstums 42 cm k\u0101ju augstums 13 cm Gu\u013cu virsmas platums 103 cm Gu\u013cu virsmas dzi\u013cums 182 cm Mainiet vien\u012bbas\"><span class=\"Y2IQFc\" lang=\"lv\">Platums\r\n103 cm\r\nAugstums\r\n78 cm\r\ndzi\u013cums\r\n90 cm\r\nSvars (neto)\r\n33 kg\r\nS\u0113dek\u013ca platums\r\n103 cm\r\nS\u0113dek\u013ca augstums\r\n42 cm\r\nS\u0113dek\u013ca dzi\u013cums\r\n62 cm\r\nAtzveltnes augstums\r\n42 cm\r\nk\u0101ju augstums\r\n13 cm\r\nGu\u013cu virsmas platums\r\n103 cm\r\nGu\u013cu virsmas dzi\u013cums\r\n182 cm<\/span><\/pre>\n<\/div>\n<\/div>\n<div class=\"theme-container\"><\/div>\n<p>&nbsp;<\/p>\n","protected":false},"excerpt":{"rendered":"<p>D\u012bv\u0101ns gulta Flic 103 Kr\u0101sa: Zilgani pel\u0113ks Materi\u0101ls: Vel\u016brs Ikviens sap\u0146o par modernu, bet ar\u012b praktisku interjeru. T\u0101du, kas p\u0101rsteidz m\u016bsu viesus un izr\u0101d\u0101s praktisks, ja, piem\u0113ram, negaid\u012bti viesi v\u0113las palikt pa nakti. \u0160eit mums ir ieteikums jums: retro stila d\u012bv\u0101ns ar neparastu dizainu, interesantu formu, kuru var \u0101tri un vienk\u0101r\u0161i izloc\u012bt. Daudzi var b\u016bt [&hellip;]<\/p>\n","protected":false},"featured_media":31417,"comment_status":"closed","ping_status":"closed","template":"","meta":{"inline_featured_image":false,"_uf_show_specific_survey":0,"_uf_disable_surveys":false},"product_brand":[],"product_cat":[130],"product_tag":[2119,2118,2129,2140,2498,2120],"class_list":{"0":"post-31416","1":"product","2":"type-product","3":"status-publish","4":"has-post-thumbnail","6":"product_cat-mebeles","7":"product_tag-bernu-divans","8":"product_tag-divans-gulta","9":"product_tag-ekskluzivs-divans","10":"product_tag-saliekams-divans","11":"product_tag-vienvietigs-divans","12":"product_tag-viesu-divans","15":"first","16":"outofstock","17":"sale","18":"featured","19":"taxable","20":"shipping-taxable","21":"purchasable","22":"product-type-simple"},"_links":{"self":[{"href":"https:\/\/kraftlager.lv\/lv\/wp-json\/wp\/v2\/product\/31416","targetHints":{"allow":["GET"]}}],"collection":[{"href":"https:\/\/kraftlager.lv\/lv\/wp-json\/wp\/v2\/product"}],"about":[{"href":"https:\/\/kraftlager.lv\/lv\/wp-json\/wp\/v2\/types\/product"}],"replies":[{"embeddable":true,"href":"https:\/\/kraftlager.lv\/lv\/wp-json\/wp\/v2\/comments?post=31416"}],"wp:featuredmedia":[{"embeddable":true,"href":"https:\/\/kraftlager.lv\/lv\/wp-json\/wp\/v2\/media\/31417"}],"wp:attachment":[{"href":"https:\/\/kraftlager.lv\/lv\/wp-json\/wp\/v2\/media?parent=31416"}],"wp:term":[{"taxonomy":"product_brand","embeddable":true,"href":"https:\/\/kraftlager.lv\/lv\/wp-json\/wp\/v2\/product_brand?post=31416"},{"taxonomy":"product_cat","embeddable":true,"href":"https:\/\/kraftlager.lv\/lv\/wp-json\/wp\/v2\/product_cat?post=31416"},{"taxonomy":"product_tag","embeddable":true,"href":"https:\/\/kraftlager.lv\/lv\/wp-json\/wp\/v2\/product_tag?post=31416"}],"curies":[{"name":"wp","href":"https:\/\/api.w.org\/{rel}","templated":true}]}}