{"id":31438,"date":"2024-11-26T11:21:10","date_gmt":"2024-11-26T11:21:10","guid":{"rendered":"https:\/\/kraftlager.lv\/lv\/?post_type=product&#038;p=31438"},"modified":"2024-12-05T16:02:29","modified_gmt":"2024-12-05T16:02:29","slug":"chesterfield-modern-3-vietigs-divans-ar-pufu","status":"publish","type":"product","link":"https:\/\/kraftlager.lv\/lv\/products\/chesterfield-modern-3-vietigs-divans-ar-pufu\/","title":{"rendered":"Chesterfield Modern 3 Viet\u012bgs d\u012bv\u0101ns ar pufu"},"content":{"rendered":"<h3>Chesterfield Modern 3 Viet\u012bgs d\u012bv\u0101ns ar pufu<\/h3>\n<p>Kr\u0101sa: Zilganza\u013c\u0161<\/p>\n<p>Materi\u0101ls: Vel\u016brs<\/p>\n<p>K\u0101jas: met\u0101ls\/sudrabs<\/p>\n<p id=\"tw-target-text\" class=\"tw-data-text tw-text-large tw-ta\" dir=\"ltr\" data-placeholder=\"Translation\" data-ved=\"2ahUKEwj5_diQ3_mJAxX9BxAIHXSREHcQ3ewLegQICxAU\" aria-label=\"Translated text: \u013boti \u0113rts Chesterfield Modern 3-viet\u012bgais d\u012bv\u0101ns ir univers\u0101la m\u0113bele. Tas piest\u0101v\u0113s jebkuram interjeram un jebkuram dizainam. Lai gan tas tika rad\u012bts, dom\u0101jot par retro stilu, pat m\u0113s bij\u0101m p\u0101rsteigti par apdares efektu. Chesterfield Modern 3-viet\u012bgais d\u012bv\u0101ns ir izgatavots no augst\u0101k\u0101s kvalit\u0101tes materi\u0101liem. S\u0101ksim ar audumu, viss ir pat\u012bkami pieskarties un, pateicoties t\u0101 augstajai abrazivit\u0101tes klasei, tas garant\u0113 d\u012bv\u0101na iztur\u012bbu. Pieejams da\u017e\u0101dos audumos un kr\u0101s\u0101s, kas atbilst j\u016bsu stilam un interjeram \u2013 no eleganta l\u012bdz mier\u012bg\u0101kam izskatam. S\u0113dek\u013ca spilvens ir br\u012bvi piestiprin\u0101ts. Tas ir pild\u012bts ar elast\u012bg\u0101m put\u0101m, kas noz\u012bm\u0113, ka varat piln\u012bb\u0101 atp\u016bsties un baud\u012bt atp\u016btu. Visa m\u0113bele ir maigi pacelta uz sav\u0101m form\u012bgaj\u0101m k\u0101j\u0101m. \u0112rta, step\u0113ta atzveltne izskat\u0101s unik\u0101li. Tas ir perfekti profil\u0113ts un nodro\u0161in\u0101s optim\u0101lu atbalstu j\u016bsu mugurai.\"><span class=\"Y2IQFc\" lang=\"lv\">\u013boti \u0113rts Chesterfield Modern 3-viet\u012bgais d\u012bv\u0101ns ir univers\u0101la m\u0113bele. Tas piest\u0101v\u0113s jebkuram interjeram un jebkuram dizainam. Lai gan tas tika rad\u012bts, dom\u0101jot par retro stilu, pat m\u0113s bij\u0101m p\u0101rsteigti par apdares efektu. Chesterfield Modern 3-viet\u012bgais d\u012bv\u0101ns ir izgatavots no augst\u0101k\u0101s kvalit\u0101tes materi\u0101liem. S\u0101ksim ar audumu, viss ir pat\u012bkami pieskarties un, pateicoties t\u0101 augstajai abrazivit\u0101tes klasei, tas garant\u0113 d\u012bv\u0101na iztur\u012bbu. Pieejams da\u017e\u0101dos audumos un kr\u0101s\u0101s, kas atbilst j\u016bsu stilam un interjeram \u2013 no eleganta l\u012bdz mier\u012bg\u0101kam izskatam. S\u0113dek\u013ca spilvens ir br\u012bvi piestiprin\u0101ts. Tas ir pild\u012bts ar elast\u012bg\u0101m put\u0101m, kas noz\u012bm\u0113, ka varat piln\u012bb\u0101 atp\u016bsties un baud\u012bt atp\u016btu. Visa m\u0113bele ir maigi pacelta uz sav\u0101m form\u012bgaj\u0101m k\u0101j\u0101m. \u0112rta, step\u0113ta atzveltne izskat\u0101s unik\u0101li. Tas ir perfekti profil\u0113ts un nodro\u0161in\u0101s optim\u0101lu atbalstu j\u016bsu mugurai.<\/span><\/p>\n<div class=\"product-dimensions\">\n<div class=\"dimensions-table\">\n<div class=\"dimensions-left\">\n<div class=\"dimension\"><\/div>\n<\/div>\n<\/div>\n<div id=\"units\" class=\"button fixed blue\">\n<pre id=\"tw-target-text\" class=\"tw-data-text tw-text-large tw-ta\" dir=\"ltr\" data-placeholder=\"Translation\" data-ved=\"2ahUKEwj5_diQ3_mJAxX9BxAIHXSREHcQ3ewLegQICxAU\" aria-label=\"Translated text: Svars 68 kg Platums 248 cm Augstums 74 cm Dzi\u013cums 80 cm S\u0113dek\u013ca platums 200 cm S\u0113dek\u013ca augstums 47 cm S\u0113dek\u013ca dzi\u013cums 56 cm S\u0101nu augstums 74 cm Muguras augstums 30 cm K\u0101ju augstums 17 cm\"><span class=\"Y2IQFc\" lang=\"lv\">Svars\r\n68 kg\r\nPlatums\r\n248 cm\r\nAugstums\r\n74 cm\r\nDzi\u013cums\r\n80 cm\r\nS\u0113dek\u013ca platums\r\n200 cm\r\nS\u0113dek\u013ca augstums\r\n47 cm\r\nS\u0113dek\u013ca dzi\u013cums\r\n56 cm\r\nS\u0101nu augstums\r\n74 cm\r\nMuguras augstums\r\n30 cm\r\nK\u0101ju augstums\r\n17 cm<\/span><\/pre>\n<\/div>\n<\/div>\n","protected":false},"excerpt":{"rendered":"<p>Chesterfield Modern 3 Viet\u012bgs d\u012bv\u0101ns ar pufu Kr\u0101sa: Zilganza\u013c\u0161 Materi\u0101ls: Vel\u016brs K\u0101jas: met\u0101ls\/sudrabs \u013boti \u0113rts Chesterfield Modern 3-viet\u012bgais d\u012bv\u0101ns ir univers\u0101la m\u0113bele. Tas piest\u0101v\u0113s jebkuram interjeram un jebkuram dizainam. Lai gan tas tika rad\u012bts, dom\u0101jot par retro stilu, pat m\u0113s bij\u0101m p\u0101rsteigti par apdares efektu. Chesterfield Modern 3-viet\u012bgais d\u012bv\u0101ns ir izgatavots no augst\u0101k\u0101s kvalit\u0101tes materi\u0101liem. [&hellip;]<\/p>\n","protected":false},"featured_media":31439,"comment_status":"closed","ping_status":"closed","template":"","meta":{"inline_featured_image":false,"_uf_show_specific_survey":0,"_uf_disable_surveys":false},"product_brand":[],"product_cat":[130],"product_tag":[681,964,629,2129,2133,2120],"class_list":{"0":"post-31438","1":"product","2":"type-product","3":"status-publish","4":"has-post-thumbnail","6":"product_cat-mebeles","7":"product_tag-atputas-sofa","8":"product_tag-cesterfield-divans","9":"product_tag-cesterfield-sofa","10":"product_tag-ekskluzivs-divans","11":"product_tag-ofisa-divans","12":"product_tag-viesu-divans","15":"first","16":"outofstock","17":"sale","18":"taxable","19":"shipping-taxable","20":"purchasable","21":"product-type-simple"},"_links":{"self":[{"href":"https:\/\/kraftlager.lv\/lv\/wp-json\/wp\/v2\/product\/31438","targetHints":{"allow":["GET"]}}],"collection":[{"href":"https:\/\/kraftlager.lv\/lv\/wp-json\/wp\/v2\/product"}],"about":[{"href":"https:\/\/kraftlager.lv\/lv\/wp-json\/wp\/v2\/types\/product"}],"replies":[{"embeddable":true,"href":"https:\/\/kraftlager.lv\/lv\/wp-json\/wp\/v2\/comments?post=31438"}],"wp:featuredmedia":[{"embeddable":true,"href":"https:\/\/kraftlager.lv\/lv\/wp-json\/wp\/v2\/media\/31439"}],"wp:attachment":[{"href":"https:\/\/kraftlager.lv\/lv\/wp-json\/wp\/v2\/media?parent=31438"}],"wp:term":[{"taxonomy":"product_brand","embeddable":true,"href":"https:\/\/kraftlager.lv\/lv\/wp-json\/wp\/v2\/product_brand?post=31438"},{"taxonomy":"product_cat","embeddable":true,"href":"https:\/\/kraftlager.lv\/lv\/wp-json\/wp\/v2\/product_cat?post=31438"},{"taxonomy":"product_tag","embeddable":true,"href":"https:\/\/kraftlager.lv\/lv\/wp-json\/wp\/v2\/product_tag?post=31438"}],"curies":[{"name":"wp","href":"https:\/\/api.w.org\/{rel}","templated":true}]}}