{"id":31461,"date":"2024-11-26T12:32:33","date_gmt":"2024-11-26T12:32:33","guid":{"rendered":"https:\/\/kraftlager.lv\/lv\/?post_type=product&#038;p=31461"},"modified":"2024-11-28T10:30:44","modified_gmt":"2024-11-28T10:30:44","slug":"globe-stura-divans-gulta","status":"publish","type":"product","link":"https:\/\/kraftlager.lv\/lv\/products\/globe-stura-divans-gulta\/","title":{"rendered":"Globe st\u016bra d\u012bv\u0101ns\/gulta"},"content":{"rendered":"<h3>Globe st\u016bra d\u012bv\u0101ns\/gulta<\/h3>\n<p>Kr\u0101sa: s\u016bnu za\u013c\u0161<\/p>\n<p>Materi\u0101ls: vel\u016brs<\/p>\n<p>!! St\u016bra puses ir main\u0101mas !!<\/p>\n<p id=\"tw-target-text\" class=\"tw-data-text tw-text-large tw-ta\" dir=\"ltr\" data-placeholder=\"Translation\" data-ved=\"2ahUKEwj5_diQ3_mJAxX9BxAIHXSREHcQ3ewLegQICxAU\" aria-label=\"Translated text: Vai mekl\u0113jat m\u0113beli, kas k\u013c\u016bs par j\u016bsu viesistabas paraugu, bet taj\u0101 pa\u0161\u0101 laik\u0101 b\u016bs funkcion\u0101la un praktiska? Globe st\u016bra d\u012bv\u0101ngulta ir tie\u0161i t\u0101: t\u0101 var p\u0101rveidot jebkuru telpu, pie\u0161\u0137irt tai unik\u0101lu raksturu un rad\u012bt atmosf\u0113ru, k\u0101du sav\u0101s m\u0101j\u0101s v\u0113l\u0113tos rad\u012bt ikviens. \u0160is univers\u0101lais st\u016bra d\u012bv\u0101ns ir modelis, pie kura esam str\u0101d\u0101ju\u0161i jau ilgu laiku. Mums bija svar\u012bgi rad\u012bt kaut ko t\u0101du, kas ne tikai skaisti izskat\u012bsies, bet ar\u012b \u013caus iek\u0101rtot patie\u0161\u0101m funkcion\u0101lu kafijas st\u016br\u012bti m\u016bsu viesistab\u0101. Izvelkamais d\u012bv\u0101ns ir liels pluss, jo j\u016bs varat \u0101tri main\u012bt vietu, kur pavad\u012bt laiku kop\u0101 ar \u0123imeni un skat\u012bties televizoru, par \u0113rtu gu\u013camvietu. Atloc\u012b\u0161anas meh\u0101nisms ir \u0101rk\u0101rt\u012bgi kluss un paroc\u012bgs. Atzveltnes spilveni ir va\u013c\u012bgi, bet s\u0113deklis ir fiks\u0113ts. Tie visi ir pild\u012bti ar silikona \u0161\u0137iedru, kas ir m\u012bksta un \u013coti elast\u012bga. Viss d\u012bv\u0101na korpuss ir pacelts uz koka k\u0101j\u0101m. \u0160\u012b mode\u013ca audumu un kr\u0101su izv\u0113le ir pla\u0161a, un ikviens noteikti var\u0113s atrast sev kaut ko.\"><span class=\"Y2IQFc\" lang=\"lv\">Vai mekl\u0113jat m\u0113beli, kas k\u013c\u016bs par j\u016bsu viesistabas paraugu, bet taj\u0101 pa\u0161\u0101 laik\u0101 b\u016bs funkcion\u0101la un praktiska? Globe st\u016bra d\u012bv\u0101ngulta ir tie\u0161i t\u0101: t\u0101 var p\u0101rveidot jebkuru telpu, pie\u0161\u0137irt tai unik\u0101lu raksturu un rad\u012bt atmosf\u0113ru, k\u0101du sav\u0101s m\u0101j\u0101s v\u0113l\u0113tos rad\u012bt ikviens. \u0160is univers\u0101lais st\u016bra d\u012bv\u0101ns ir modelis, pie kura esam str\u0101d\u0101ju\u0161i jau ilgu laiku. Mums bija svar\u012bgi rad\u012bt kaut ko t\u0101du, kas ne tikai skaisti izskat\u012bsies, bet ar\u012b \u013caus iek\u0101rtot patie\u0161\u0101m funkcion\u0101lu kafijas st\u016br\u012bti m\u016bsu viesistab\u0101. Izvelkamais d\u012bv\u0101ns ir liels pluss, jo j\u016bs varat \u0101tri main\u012bt vietu, kur pavad\u012bt laiku kop\u0101 ar \u0123imeni un skat\u012bties televizoru, par \u0113rtu gu\u013camvietu. Atloc\u012b\u0161anas meh\u0101nisms ir \u0101rk\u0101rt\u012bgi kluss un paroc\u012bgs. Atzveltnes spilveni ir va\u013c\u012bgi, bet s\u0113deklis ir fiks\u0113ts. Tie visi ir pild\u012bti ar silikona \u0161\u0137iedru, kas ir m\u012bksta un \u013coti elast\u012bga.\u00a0<\/span><\/p>\n<pre id=\"tw-target-text\" class=\"tw-data-text tw-text-large tw-ta\" dir=\"ltr\" data-placeholder=\"Translation\" data-ved=\"2ahUKEwj5_diQ3_mJAxX9BxAIHXSREHcQ3ewLegQICxAU\" aria-label=\"Translated text: Svars 97,8 kg Platums 233 cm Augstums 90 cm Dzi\u013cums 145 cm S\u0113dek\u013ca platums 197 cm S\u0113dek\u013ca augstums 45 cm S\u0113dek\u013ca dzi\u013cums 130 cm S\u0101nu augstums 65 cm Muguras augstums 47 cm K\u0101ju augstums 15 cm Gu\u013camvietas platums 197 cm Gu\u013camvietas dzi\u013cums 128 cm\"><span class=\"Y2IQFc\" lang=\"lv\">Svars\r\n97,8 kg\r\nPlatums\r\n233 cm\r\nAugstums\r\n90 cm\r\nDzi\u013cums\r\n145 cm\r\nS\u0113dek\u013ca platums\r\n197 cm\r\nS\u0113dek\u013ca augstums\r\n45 cm\r\nS\u0113dek\u013ca dzi\u013cums\r\n130 cm\r\nS\u0101nu augstums\r\n65 cm\r\nMuguras augstums\r\n47 cm\r\nK\u0101ju augstums\r\n15 cm\r\nGu\u013camvietas platums\r\n197 cm\r\nGu\u013camvietas dzi\u013cums\r\n128 cm<\/span><\/pre>\n","protected":false},"excerpt":{"rendered":"<p>Globe st\u016bra d\u012bv\u0101ns\/gulta Kr\u0101sa: s\u016bnu za\u013c\u0161 Materi\u0101ls: vel\u016brs !! St\u016bra puses ir main\u0101mas !! Vai mekl\u0113jat m\u0113beli, kas k\u013c\u016bs par j\u016bsu viesistabas paraugu, bet taj\u0101 pa\u0161\u0101 laik\u0101 b\u016bs funkcion\u0101la un praktiska? Globe st\u016bra d\u012bv\u0101ngulta ir tie\u0161i t\u0101: t\u0101 var p\u0101rveidot jebkuru telpu, pie\u0161\u0137irt tai unik\u0101lu raksturu un rad\u012bt atmosf\u0113ru, k\u0101du sav\u0101s m\u0101j\u0101s v\u0113l\u0113tos rad\u012bt ikviens. [&hellip;]<\/p>\n","protected":false},"featured_media":31462,"comment_status":"closed","ping_status":"closed","template":"","meta":{"inline_featured_image":false,"_uf_show_specific_survey":0,"_uf_disable_surveys":false},"product_brand":[],"product_cat":[130],"product_tag":[2118,2129,2140,343,2128],"class_list":{"0":"post-31461","1":"product","2":"type-product","3":"status-publish","4":"has-post-thumbnail","6":"product_cat-mebeles","7":"product_tag-divans-gulta","8":"product_tag-ekskluzivs-divans","9":"product_tag-saliekams-divans","10":"product_tag-stura-divans","11":"product_tag-viesistabas-divans","14":"first","15":"outofstock","16":"sale","17":"featured","18":"taxable","19":"shipping-taxable","20":"purchasable","21":"product-type-simple"},"_links":{"self":[{"href":"https:\/\/kraftlager.lv\/lv\/wp-json\/wp\/v2\/product\/31461","targetHints":{"allow":["GET"]}}],"collection":[{"href":"https:\/\/kraftlager.lv\/lv\/wp-json\/wp\/v2\/product"}],"about":[{"href":"https:\/\/kraftlager.lv\/lv\/wp-json\/wp\/v2\/types\/product"}],"replies":[{"embeddable":true,"href":"https:\/\/kraftlager.lv\/lv\/wp-json\/wp\/v2\/comments?post=31461"}],"wp:featuredmedia":[{"embeddable":true,"href":"https:\/\/kraftlager.lv\/lv\/wp-json\/wp\/v2\/media\/31462"}],"wp:attachment":[{"href":"https:\/\/kraftlager.lv\/lv\/wp-json\/wp\/v2\/media?parent=31461"}],"wp:term":[{"taxonomy":"product_brand","embeddable":true,"href":"https:\/\/kraftlager.lv\/lv\/wp-json\/wp\/v2\/product_brand?post=31461"},{"taxonomy":"product_cat","embeddable":true,"href":"https:\/\/kraftlager.lv\/lv\/wp-json\/wp\/v2\/product_cat?post=31461"},{"taxonomy":"product_tag","embeddable":true,"href":"https:\/\/kraftlager.lv\/lv\/wp-json\/wp\/v2\/product_tag?post=31461"}],"curies":[{"name":"wp","href":"https:\/\/api.w.org\/{rel}","templated":true}]}}