{"id":31468,"date":"2024-11-26T12:57:39","date_gmt":"2024-11-26T12:57:39","guid":{"rendered":"https:\/\/kraftlager.lv\/lv\/?post_type=product&#038;p=31468"},"modified":"2025-01-23T11:55:45","modified_gmt":"2025-01-23T11:55:45","slug":"lull-click-click-saliekams-divans","status":"publish","type":"product","link":"https:\/\/kraftlager.lv\/lv\/products\/lull-click-click-saliekams-divans\/","title":{"rendered":"LULL Click Click saliekams d\u012bv\u0101ns"},"content":{"rendered":"<h3>LULL Click Click saliekams d\u012bv\u0101ns<\/h3>\n<p>Kr\u0101sa: gai\u0161i b\u0113\u0161s<\/p>\n<p>Materi\u0101ls: vel\u016brs<\/p>\n<p>!! Prece ar nelielu vizu\u0101lu defektu, kas neietekm\u0113 funkcionalit\u0101ti !!<\/p>\n<p id=\"tw-target-text\" class=\"tw-data-text tw-text-large tw-ta\" dir=\"ltr\" data-placeholder=\"Translation\" data-ved=\"2ahUKEwj5_diQ3_mJAxX9BxAIHXSREHcQ3ewLegQICxAU\" aria-label=\"Translated text: Ja mekl\u0113jat kompaktu un elegantu d\u012bv\u0101nu savai viesistabai vai dienas istabai, apskatiet m\u016bsu pied\u0101v\u0101jumu Lull 2-viet\u012bgajam \u0113rtam izvelkamajam d\u012bv\u0101nam. Tas ir apvilkts ar iztur\u012bgu pret abrazivit\u0101ti vel\u016bra audumu, kas pieejams vair\u0101k\u0101s kr\u0101s\u0101s, \u013caujot to pieska\u0146ot jebkuram izk\u0101rtojuma stilam. Lull d\u012bv\u0101na unik\u0101l\u0101, noapa\u013cot\u0101 forma ir saglab\u0101ta ikonisk\u0101 art deco stil\u0101, savuk\u0101rt di\u017esk\u0101bar\u017ea koka r\u0101mis un konusveida k\u0101jas atg\u0101dina m\u016b\u017e\u012bgo skandin\u0101vu dizainu. D\u012bv\u0101na modernais stils ar gl\u012bti veidotu step\u0113tu atzveltni piev\u0113rs\u012bs gan \u0123imenes, gan viesu uzman\u012bbu, padarot interjeru ne tikai skaistu un stil\u012bgu, bet ar\u012b \u0113rtu un funkcion\u0101lu. D\u012bv\u0101ns ir \u013coti \u0113rts lieto\u0161an\u0101, pateicoties \u012bpa\u0161i elast\u012bgaj\u0101m put\u0101m, kas saglab\u0101 formu, ar kur\u0101m ir piepild\u012bts gan s\u0113deklis, gan atzveltne. Click-clack izvelkamais meh\u0101nisms \u013caus \u0101tri atloc\u012bt d\u012bv\u0101nu, lai uz t\u0101 var\u0113tu baud\u012bt \u0113rtu nakts miegu, k\u0101 ar\u012b \u012bsu dienas snaudu.\"><span class=\"Y2IQFc\" lang=\"lv\">Ja mekl\u0113jat kompaktu un elegantu d\u012bv\u0101nu savai viesistabai vai dienas istabai, apskatiet m\u016bsu pied\u0101v\u0101jumu Lull 2-viet\u012bgajam \u0113rtam izvelkamajam d\u012bv\u0101nam. Tas ir apvilkts ar iztur\u012bgu pret abrazivit\u0101ti vel\u016bra audumu, kas pieejams vair\u0101k\u0101s kr\u0101s\u0101s, \u013caujot to pieska\u0146ot jebkuram izk\u0101rtojuma stilam. Lull d\u012bv\u0101na unik\u0101l\u0101, noapa\u013cot\u0101 forma ir saglab\u0101ta ikonisk\u0101 art deco stil\u0101, savuk\u0101rt di\u017esk\u0101bar\u017ea koka r\u0101mis un konusveida k\u0101jas atg\u0101dina m\u016b\u017e\u012bgo skandin\u0101vu dizainu. D\u012bv\u0101na modernais stils ar gl\u012bti veidotu step\u0113tu atzveltni piev\u0113rs\u012bs gan \u0123imenes, gan viesu uzman\u012bbu, padarot interjeru ne tikai skaistu un stil\u012bgu, bet ar\u012b \u0113rtu un funkcion\u0101lu. D\u012bv\u0101ns ir \u013coti \u0113rts lieto\u0161an\u0101, pateicoties \u012bpa\u0161i elast\u012bgaj\u0101m put\u0101m, kas saglab\u0101 formu, ar kur\u0101m ir piepild\u012bts gan s\u0113deklis, gan atzveltne. Click-clack izvelkamais meh\u0101nisms \u013caus \u0101tri atloc\u012bt d\u012bv\u0101nu, lai uz t\u0101 var\u0113tu baud\u012bt \u0113rtu nakts miegu, k\u0101 ar\u012b \u012bsu dienas snaudu.<\/span><\/p>\n<p id=\"tw-target-text\" class=\"tw-data-text tw-text-large tw-ta\" dir=\"ltr\" data-placeholder=\"Translation\" data-ved=\"2ahUKEwj5_diQ3_mJAxX9BxAIHXSREHcQ3ewLegQICxAU\" aria-label=\"Translated text: Lull d\u012bv\u0101na r\u0101mis ir izgatavots no di\u017esk\u0101bar\u017ea koka, pl\u0101tnes un MDF pl\u0101tnes, kas visas savienotas ar iztur\u012bgiem met\u0101la meh\u0101nismiem. Pateicoties tam, m\u0113bele ir uzticama un saglab\u0101 savu funkcionalit\u0101ti pat regul\u0101ri lietojot. Lull d\u012bv\u0101na konstrukcija ir izgatavota no koka r\u0101mja un konusveida k\u0101j\u0101m, pie\u0161\u0137irot m\u0113belei viegluma un retro rakstura pieska\u0146u.\"><span class=\"Y2IQFc\" lang=\"lv\">Lull d\u012bv\u0101na r\u0101mis ir izgatavots no di\u017esk\u0101bar\u017ea koka, pl\u0101tnes un MDF pl\u0101tnes, kas visas savienotas ar iztur\u012bgiem met\u0101la meh\u0101nismiem. Pateicoties tam, m\u0113bele ir uzticama un saglab\u0101 savu funkcionalit\u0101ti pat regul\u0101ri lietojot. Lull d\u012bv\u0101na konstrukcija ir izgatavota no koka r\u0101mja un konusveida k\u0101j\u0101m, pie\u0161\u0137irot m\u0113belei viegluma un retro rakstura pieska\u0146u.<\/span><\/p>\n<pre id=\"tw-target-text\" class=\"tw-data-text tw-text-large tw-ta\" dir=\"ltr\" data-placeholder=\"Translation\" data-ved=\"2ahUKEwj5_diQ3_mJAxX9BxAIHXSREHcQ3ewLegQICxAU\" aria-label=\"Translated text: Svars\r\n45,5 kg\r\nPlatums\r\n199 cm\r\nAugstums\r\n95 cm\r\nDzi\u013cums\r\n89 cm\r\nS\u0113dek\u013ca platums\r\n60 cm\r\nS\u0113dek\u013ca augstums\r\n40 cm\r\nS\u0113dek\u013ca dzi\u013cums\r\n60 cm\r\nMuguras augstums\r\n60 cm\r\nK\u0101ju augstums\r\n19 cm\r\nGu\u013camvietas platums\r\n199 cm\r\nGu\u013camvietas dzi\u013cums\r\n120 cm\"><span class=\"Y2IQFc\" lang=\"lv\">Svars\r\n45,5 kg\r\nPlatums\r\n199 cm\r\nAugstums\r\n95 cm\r\nDzi\u013cums\r\n89 cm\r\nS\u0113dek\u013ca platums\r\n60 cm\r\nS\u0113dek\u013ca augstums\r\n40 cm\r\nS\u0113dek\u013ca dzi\u013cums\r\n60 cm\r\nMuguras augstums\r\n60 cm\r\nK\u0101ju augstums\r\n19 cm\r\nGu\u013camvietas platums\r\n199 cm\r\nGu\u013camvietas dzi\u013cums\r\n120 cm<\/span><\/pre>\n","protected":false},"excerpt":{"rendered":"<p>LULL Click Click saliekams d\u012bv\u0101ns Kr\u0101sa: gai\u0161i b\u0113\u0161s Materi\u0101ls: vel\u016brs !! Prece ar nelielu vizu\u0101lu defektu, kas neietekm\u0113 funkcionalit\u0101ti !! Ja mekl\u0113jat kompaktu un elegantu d\u012bv\u0101nu savai viesistabai vai dienas istabai, apskatiet m\u016bsu pied\u0101v\u0101jumu Lull 2-viet\u012bgajam \u0113rtam izvelkamajam d\u012bv\u0101nam. Tas ir apvilkts ar iztur\u012bgu pret abrazivit\u0101ti vel\u016bra audumu, kas pieejams vair\u0101k\u0101s kr\u0101s\u0101s, \u013caujot to pieska\u0146ot [&hellip;]<\/p>\n","protected":false},"featured_media":31469,"comment_status":"closed","ping_status":"closed","template":"","meta":{"inline_featured_image":false,"_uf_show_specific_survey":0,"_uf_disable_surveys":false},"product_brand":[],"product_cat":[130],"product_tag":[2118,2140,2128],"class_list":{"0":"post-31468","1":"product","2":"type-product","3":"status-publish","4":"has-post-thumbnail","6":"product_cat-mebeles","7":"product_tag-divans-gulta","8":"product_tag-saliekams-divans","9":"product_tag-viesistabas-divans","12":"first","13":"outofstock","14":"sale","15":"taxable","16":"shipping-taxable","17":"purchasable","18":"product-type-simple"},"_links":{"self":[{"href":"https:\/\/kraftlager.lv\/lv\/wp-json\/wp\/v2\/product\/31468","targetHints":{"allow":["GET"]}}],"collection":[{"href":"https:\/\/kraftlager.lv\/lv\/wp-json\/wp\/v2\/product"}],"about":[{"href":"https:\/\/kraftlager.lv\/lv\/wp-json\/wp\/v2\/types\/product"}],"replies":[{"embeddable":true,"href":"https:\/\/kraftlager.lv\/lv\/wp-json\/wp\/v2\/comments?post=31468"}],"wp:featuredmedia":[{"embeddable":true,"href":"https:\/\/kraftlager.lv\/lv\/wp-json\/wp\/v2\/media\/31469"}],"wp:attachment":[{"href":"https:\/\/kraftlager.lv\/lv\/wp-json\/wp\/v2\/media?parent=31468"}],"wp:term":[{"taxonomy":"product_brand","embeddable":true,"href":"https:\/\/kraftlager.lv\/lv\/wp-json\/wp\/v2\/product_brand?post=31468"},{"taxonomy":"product_cat","embeddable":true,"href":"https:\/\/kraftlager.lv\/lv\/wp-json\/wp\/v2\/product_cat?post=31468"},{"taxonomy":"product_tag","embeddable":true,"href":"https:\/\/kraftlager.lv\/lv\/wp-json\/wp\/v2\/product_tag?post=31468"}],"curies":[{"name":"wp","href":"https:\/\/api.w.org\/{rel}","templated":true}]}}