{"id":31474,"date":"2024-11-26T16:59:56","date_gmt":"2024-11-26T16:59:56","guid":{"rendered":"https:\/\/kraftlager.lv\/lv\/?post_type=product&#038;p=31474"},"modified":"2024-12-07T10:05:36","modified_gmt":"2024-12-07T10:05:36","slug":"boris-divans-gulta","status":"publish","type":"product","link":"https:\/\/kraftlager.lv\/lv\/products\/boris-divans-gulta\/","title":{"rendered":"Boris d\u012bv\u0101ns\/gulta"},"content":{"rendered":"<h3>Boris d\u012bv\u0101ns\/gulta ar ve\u013cas kasti<\/h3>\n<p id=\"tw-target-text\" class=\"tw-data-text tw-text-large tw-ta\" dir=\"ltr\" data-placeholder=\"Translation\" data-ved=\"2ahUKEwjj9N22uvqJAxV4PBAIHUvsDv0Q3ewLegQICxAU\" aria-label=\"Translated text: Ja jums ir nepiecie\u0161ams daudzfunkcion\u0101ls d\u012bv\u0101ns, apskatiet m\u016bsu jauno Boris d\u012bv\u0101ngultu ar gultas piederumu glab\u0101tuvi. \u0160\u012b satrieco\u0161\u0101 m\u0113bele apvieno komfortu, eleganci un praktiskumu. Da\u017eu sekun\u017eu laik\u0101 j\u016bs varat p\u0101rv\u0113rst m\u0101j\u012bgu d\u012bv\u0101nu, uz kura s\u0113d\u0113jat, par pla\u0161u gu\u013camtelpu. Boriss pied\u0101v\u0101 \u0101tru un klusu atloc\u012b\u0161anu, savuk\u0101rt gultas ve\u013cas glab\u0101\u0161anas nodal\u012bjums \u013caus uzglab\u0101t ne tikai segu, bet ar\u012b citus priek\u0161metus. D\u012bv\u0101ns sast\u0101v no va\u013c\u012bga atzveltnes spilvena, kas pild\u012bts ar iztur\u012bgu un \u0113rtu silikona \u0161\u0137iedru. S\u0113deklis ir izgatavots no viena spilvena ar elast\u012bgu putu pild\u012bjumu, un visa konstrukcija ir nostiprin\u0101ta, zem s\u0113dek\u013ca novietojot zig zag atsperes. S\u0101nos ir divi balstu formas spilveni, kas lieliski piem\u0113roti k\u0101 papildu roku balsti vai atbalsts kaklam vai jostasvietai.\"><span class=\"Y2IQFc\" lang=\"lv\">Ja jums ir nepiecie\u0161ams daudzfunkcion\u0101ls d\u012bv\u0101ns, apskatiet m\u016bsu jauno Boris d\u012bv\u0101ngultu ar gultas piederumu glab\u0101tuvi. \u0160\u012b satrieco\u0161\u0101 m\u0113bele apvieno komfortu, eleganci un praktiskumu. Da\u017eu sekun\u017eu laik\u0101 j\u016bs varat p\u0101rv\u0113rst m\u0101j\u012bgu d\u012bv\u0101nu, uz kura s\u0113d\u0113jat, par pla\u0161u gu\u013camtelpu. Boriss pied\u0101v\u0101 \u0101tru un klusu atloc\u012b\u0161anu, savuk\u0101rt gultas ve\u013cas glab\u0101\u0161anas nodal\u012bjums \u013caus uzglab\u0101t ne tikai segu, bet ar\u012b citus priek\u0161metus. D\u012bv\u0101ns sast\u0101v no va\u013c\u012bga atzveltnes spilvena, kas pild\u012bts ar iztur\u012bgu un \u0113rtu silikona \u0161\u0137iedru. S\u0113deklis ir izgatavots no viena spilvena ar elast\u012bgu putu pild\u012bjumu, un visa konstrukcija ir nostiprin\u0101ta, zem s\u0113dek\u013ca novietojot zig zag atsperes. S\u0101nos ir divi balstu formas spilveni, kas lieliski piem\u0113roti k\u0101 papildu roku balsti vai atbalsts kaklam vai jostasvietai.<\/span><\/p>\n<p id=\"tw-target-text\" class=\"tw-data-text tw-text-large tw-ta\" dir=\"ltr\" data-placeholder=\"Translation\" data-ved=\"2ahUKEwjj9N22uvqJAxV4PBAIHUvsDv0Q3ewLegQICxAU\" aria-label=\"Translated text: D\u012bv\u0101na \u0123eometrisk\u0101 forma ir eleganta, bet vienk\u0101r\u0161a, atbalsojot gadsimta vidus skandin\u0101vu stilu. Visa m\u0113bele ir papildin\u0101ta ar koka r\u0101mi un slaid\u0101m k\u0101j\u0101m, pie\u0161\u0137irot d\u012bv\u0101nam viegluma piesk\u0101rienu un v\u0113l vair\u0101k izce\u013cot stilu. Pateicoties lielajai polster\u0113juma audumu un kr\u0101su izv\u0113lei, varat \u0113rti pieska\u0146ot d\u012bv\u0101nu savai istabai un interjeram. M\u016bsupr\u0101t, d\u012bv\u0101ngulta Boris lieliski ieder\u0113sies gan modern\u0101, gan klasisk\u0101 interjer\u0101.\"><span class=\"Y2IQFc\" lang=\"lv\">D\u012bv\u0101na \u0123eometrisk\u0101 forma ir eleganta, bet vienk\u0101r\u0161a, atbalsojot gadsimta vidus skandin\u0101vu stilu. Visa m\u0113bele ir papildin\u0101ta ar koka r\u0101mi un slaid\u0101m k\u0101j\u0101m, pie\u0161\u0137irot d\u012bv\u0101nam viegluma piesk\u0101rienu un v\u0113l vair\u0101k izce\u013cot stilu. Pateicoties lielajai polster\u0113juma audumu un kr\u0101su izv\u0113lei, varat \u0113rti pieska\u0146ot d\u012bv\u0101nu savai istabai un interjeram. M\u016bsupr\u0101t, d\u012bv\u0101ngulta Boris lieliski ieder\u0113sies gan modern\u0101, gan klasisk\u0101 interjer\u0101.<\/span><\/p>\n<pre id=\"tw-target-text\" class=\"tw-data-text tw-text-large tw-ta\" dir=\"ltr\" data-placeholder=\"Translation\" data-ved=\"2ahUKEwjj9N22uvqJAxV4PBAIHUvsDv0Q3ewLegQICxAU\" aria-label=\"Translated text: Svars 94 kg Platums 232 cm Augstums 87 cm Dzi\u013cums 98 cm S\u0113dek\u013ca platums 198 cm S\u0113dek\u013ca augstums 45 cm S\u0113dek\u013ca dzi\u013cums 54 cm S\u0101nu augstums 67 cm Muguras augstums 44 cm K\u0101ju augstums 17 cm Gu\u013camvietas platums 198 cm Gu\u013camvietas dzi\u013cums 145 cm Dzi\u013cums ar nesaloc\u012btu gultu 145 cm Sl\u0113d\u017ea vien\u012bbas\"><span class=\"Y2IQFc\" lang=\"lv\">Svars\r\n94 kg\r\nPlatums\r\n232 cm\r\nAugstums\r\n87 cm\r\nDzi\u013cums\r\n98 cm\r\nS\u0113dek\u013ca platums\r\n198 cm\r\nS\u0113dek\u013ca augstums\r\n45 cm\r\nS\u0113dek\u013ca dzi\u013cums\r\n54 cm\r\nS\u0101nu augstums\r\n67 cm\r\nMuguras augstums\r\n44 cm\r\nK\u0101ju augstums\r\n17 cm\r\nGu\u013camvietas platums\r\n198 cm\r\nGu\u013camvietas dzi\u013cums\r\n145 cm\r\nDzi\u013cums ar nesaloc\u012btu gultu\r\n145 cm<\/span><\/pre>\n","protected":false},"excerpt":{"rendered":"<p>Boris d\u012bv\u0101ns\/gulta ar ve\u013cas kasti Ja jums ir nepiecie\u0161ams daudzfunkcion\u0101ls d\u012bv\u0101ns, apskatiet m\u016bsu jauno Boris d\u012bv\u0101ngultu ar gultas piederumu glab\u0101tuvi. \u0160\u012b satrieco\u0161\u0101 m\u0113bele apvieno komfortu, eleganci un praktiskumu. Da\u017eu sekun\u017eu laik\u0101 j\u016bs varat p\u0101rv\u0113rst m\u0101j\u012bgu d\u012bv\u0101nu, uz kura s\u0113d\u0113jat, par pla\u0161u gu\u013camtelpu. Boriss pied\u0101v\u0101 \u0101tru un klusu atloc\u012b\u0161anu, savuk\u0101rt gultas ve\u013cas glab\u0101\u0161anas nodal\u012bjums \u013caus uzglab\u0101t [&hellip;]<\/p>\n","protected":false},"featured_media":31475,"comment_status":"closed","ping_status":"closed","template":"","meta":{"inline_featured_image":false,"_uf_show_specific_survey":0,"_uf_disable_surveys":false},"product_brand":[],"product_cat":[130],"product_tag":[2118,2129,2140,2120],"class_list":{"0":"post-31474","1":"product","2":"type-product","3":"status-publish","4":"has-post-thumbnail","6":"product_cat-mebeles","7":"product_tag-divans-gulta","8":"product_tag-ekskluzivs-divans","9":"product_tag-saliekams-divans","10":"product_tag-viesu-divans","13":"first","14":"outofstock","15":"sale","16":"taxable","17":"shipping-taxable","18":"purchasable","19":"product-type-simple"},"_links":{"self":[{"href":"https:\/\/kraftlager.lv\/lv\/wp-json\/wp\/v2\/product\/31474","targetHints":{"allow":["GET"]}}],"collection":[{"href":"https:\/\/kraftlager.lv\/lv\/wp-json\/wp\/v2\/product"}],"about":[{"href":"https:\/\/kraftlager.lv\/lv\/wp-json\/wp\/v2\/types\/product"}],"replies":[{"embeddable":true,"href":"https:\/\/kraftlager.lv\/lv\/wp-json\/wp\/v2\/comments?post=31474"}],"wp:featuredmedia":[{"embeddable":true,"href":"https:\/\/kraftlager.lv\/lv\/wp-json\/wp\/v2\/media\/31475"}],"wp:attachment":[{"href":"https:\/\/kraftlager.lv\/lv\/wp-json\/wp\/v2\/media?parent=31474"}],"wp:term":[{"taxonomy":"product_brand","embeddable":true,"href":"https:\/\/kraftlager.lv\/lv\/wp-json\/wp\/v2\/product_brand?post=31474"},{"taxonomy":"product_cat","embeddable":true,"href":"https:\/\/kraftlager.lv\/lv\/wp-json\/wp\/v2\/product_cat?post=31474"},{"taxonomy":"product_tag","embeddable":true,"href":"https:\/\/kraftlager.lv\/lv\/wp-json\/wp\/v2\/product_tag?post=31474"}],"curies":[{"name":"wp","href":"https:\/\/api.w.org\/{rel}","templated":true}]}}