{"id":31491,"date":"2024-11-27T10:39:32","date_gmt":"2024-11-27T10:39:32","guid":{"rendered":"https:\/\/kraftlager.lv\/lv\/?post_type=product&#038;p=31491"},"modified":"2025-01-29T13:47:20","modified_gmt":"2025-01-29T13:47:20","slug":"alma-divans-gulta","status":"publish","type":"product","link":"https:\/\/kraftlager.lv\/lv\/products\/alma-divans-gulta\/","title":{"rendered":"Alma d\u012bv\u0101ns gulta"},"content":{"rendered":"<h3>Alma d\u012bv\u0101ns gulta<\/h3>\n<p>Kr\u0101sa: pel\u0113ks<\/p>\n<p>Materi\u0101ls: vel\u016brs<\/p>\n<p id=\"tw-target-text\" class=\"tw-data-text tw-text-large tw-ta\" dir=\"ltr\" data-placeholder=\"Translation\" data-ved=\"2ahUKEwjtnN-yovyJAxWEJxAIHcUxDHoQ3ewLegQICxAU\" aria-label=\"Translated text: Tr\u012bsviet\u012bgais d\u012bv\u0101ns Alma ir \u0113rta un daudzpus\u012bga m\u0113bele, kas pied\u0101v\u0101 gan s\u0113dvietu, gan funkcion\u0101lu gultu. Pateicoties izv\u0113r\u0161anas funkcijai, tas \u0101tri p\u0101rv\u0113r\u0161as par \u0113rtu gultu, padarot to ide\u0101li piem\u0113rotu viesistabai, kas vienlaikus ir ar\u012b gu\u013camistaba. T\u0101da d\u012bv\u0101ngulta k\u0101 Alma izv\u0113le ir \u0113rta iesp\u0113ja uz\u0146emt negaid\u012btus viesus. Tr\u012bsviet\u012bgaj\u0101 d\u012bv\u0101ngult\u0101 Alma ir ietilp\u012bgs s\u0113deklis, kura platums ir 150 cm, nodro\u0161inot pla\u0161u s\u0113dvietu tr\u012bs cilv\u0113kiem. Atloc\u012bts s\u0113deklis k\u013c\u016bst par m\u012bkstu un atsper\u012bgu matraci, kura platums ir 150 cm, kas pied\u0101v\u0101 \u0113rtu un atbalsto\u0161u gul\u0113\u0161anas vietu. Pla\u0161\u0101 zona iev\u0113rojami uzlabo miega kvalit\u0101ti, nodro\u0161inot lab\u0101ku atp\u016btu. Elast\u012bgais putu pild\u012bjums ne tikai palielina komfortu, bet ar\u012b saglab\u0101 d\u012bv\u0101na izskatu, izturot deform\u0101ciju. Br\u012bvais muguras spilvens ir piepild\u012bts ar elast\u012bgu silikona \u0161\u0137iedru, kas v\u0113l vair\u0101k uzlabo visp\u0101r\u0113jo komfortu.\"><span class=\"Y2IQFc\" lang=\"lv\">Tr\u012bsviet\u012bgais d\u012bv\u0101ns Alma ir \u0113rta un daudzpus\u012bga m\u0113bele, kas pied\u0101v\u0101 gan s\u0113dvietu, gan funkcion\u0101lu gultu. Pateicoties izv\u0113r\u0161anas funkcijai, tas \u0101tri p\u0101rv\u0113r\u0161as par \u0113rtu gultu, padarot to ide\u0101li piem\u0113rotu viesistabai, kas vienlaikus ir ar\u012b gu\u013camistaba. T\u0101da d\u012bv\u0101ngulta k\u0101 Alma izv\u0113le ir \u0113rta iesp\u0113ja uz\u0146emt negaid\u012btus viesus. Tr\u012bsviet\u012bgaj\u0101 d\u012bv\u0101ngult\u0101 Alma ir ietilp\u012bgs s\u0113deklis, kura platums ir 150 cm, nodro\u0161inot pla\u0161u s\u0113dvietu tr\u012bs cilv\u0113kiem. Atloc\u012bts s\u0113deklis k\u013c\u016bst par m\u012bkstu un atsper\u012bgu matraci, kura platums ir 150 cm, kas pied\u0101v\u0101 \u0113rtu un atbalsto\u0161u gul\u0113\u0161anas vietu. Pla\u0161\u0101 zona iev\u0113rojami uzlabo miega kvalit\u0101ti, nodro\u0161inot lab\u0101ku atp\u016btu. Elast\u012bgais putu pild\u012bjums ne tikai palielina komfortu, bet ar\u012b saglab\u0101 d\u012bv\u0101na izskatu, izturot deform\u0101ciju. Br\u012bvais muguras spilvens ir piepild\u012bts ar elast\u012bgu silikona \u0161\u0137iedru, kas v\u0113l vair\u0101k uzlabo visp\u0101r\u0113jo komfortu.<\/span><\/p>\n<p id=\"tw-target-text\" class=\"tw-data-text tw-text-large tw-ta\" dir=\"ltr\" data-placeholder=\"Translation\" data-ved=\"2ahUKEwjtnN-yovyJAxWEJxAIHcUxDHoQ3ewLegQICxAU\" aria-label=\"Translated text: Papildus funkcion\u0101laj\u0101m \u012bpa\u0161\u012bb\u0101m Alma tr\u012bsviet\u012bg\u0101 d\u012bv\u0101ngulta izce\u013cas ar savu interesanto dizainu. Sl\u012bpi roku balsti pie\u0161\u0137ir gabalam unik\u0101lu un uzkr\u012bto\u0161u raksturu. \u0160\u012b at\u0161\u0137ir\u012bg\u0101 iez\u012bme pie\u0161\u0137ir ori\u0123inalit\u0101tes piesk\u0101rienu jebkuram interjeram. Tas var papildin\u0101t minim\u0101listisku izk\u0101rtojumu ar dizainera izskatu vai izjaukt eleganta un klasisk\u0101ka dekora vienk\u0101r\u0161\u012bbu. Alma kolekcija pied\u0101v\u0101 ar\u012b divu izm\u0113ru atzveltnes kr\u0113slu gultas, divviet\u012bgu d\u012bv\u0101ngultu un plat\u0101ku divarpus s\u0113dvietu d\u012bv\u0101ngultu, nodro\u0161inot da\u017e\u0101das iesp\u0113jas, kas piem\u0113rotas da\u017e\u0101d\u0101m telp\u0101m un v\u0113lm\u0113m.\"><span class=\"Y2IQFc\" lang=\"lv\">Papildus funkcion\u0101laj\u0101m \u012bpa\u0161\u012bb\u0101m Alma tr\u012bsviet\u012bg\u0101 d\u012bv\u0101ngulta izce\u013cas ar savu interesanto dizainu. Sl\u012bpi roku balsti pie\u0161\u0137ir gabalam unik\u0101lu un uzkr\u012bto\u0161u raksturu. \u0160\u012b at\u0161\u0137ir\u012bg\u0101 iez\u012bme pie\u0161\u0137ir ori\u0123inalit\u0101tes piesk\u0101rienu jebkuram interjeram. Tas var papildin\u0101t minim\u0101listisku izk\u0101rtojumu ar dizainera izskatu vai izjaukt eleganta un klasisk\u0101ka dekora vienk\u0101r\u0161\u012bbu. Alma kolekcija pied\u0101v\u0101 ar\u012b divu izm\u0113ru atzveltnes kr\u0113slu gultas, divviet\u012bgu d\u012bv\u0101ngultu un plat\u0101ku divarpus s\u0113dvietu d\u012bv\u0101ngultu, nodro\u0161inot da\u017e\u0101das iesp\u0113jas, kas piem\u0113rotas da\u017e\u0101d\u0101m telp\u0101m un v\u0113lm\u0113m.<\/span><\/p>\n<pre id=\"tw-target-text\" class=\"tw-data-text tw-text-large tw-ta\" dir=\"ltr\" data-placeholder=\"Translation\" data-ved=\"2ahUKEwjtnN-yovyJAxWEJxAIHcUxDHoQ3ewLegQICxAU\" aria-label=\"Translated text: Platums\r\n179 cm\r\nAugstums\r\n80 cm\r\nDzi\u013cums\r\n96 cm\r\nS\u0113dek\u013ca platums\r\n150 cm\r\nS\u0113dek\u013ca augstums\r\n44 cm\r\nS\u0113dek\u013ca dzi\u013cums\r\n50 cm\r\nS\u0101nu augstums\r\n70 cm\r\nMuguras augstums\r\n33 cm\r\nGu\u013camvietas platums\r\n150 cm\r\nGu\u013camvietas dzi\u013cums\r\n203 cm\r\nSl\u0113d\u017ea vien\u012bbas\"><span class=\"Y2IQFc\" lang=\"lv\">Platums\r\n179 cm\r\nAugstums\r\n80 cm\r\nDzi\u013cums\r\n96 cm\r\nS\u0113dek\u013ca platums\r\n150 cm\r\nS\u0113dek\u013ca augstums\r\n44 cm\r\nS\u0113dek\u013ca dzi\u013cums\r\n50 cm\r\nS\u0101nu augstums\r\n70 cm\r\nMuguras augstums\r\n33 cm\r\nGu\u013camvietas platums\r\n150 cm\r\nGu\u013camvietas dzi\u013cums\r\n203 cm<\/span><\/pre>\n","protected":false},"excerpt":{"rendered":"<p>Alma d\u012bv\u0101ns gulta Kr\u0101sa: pel\u0113ks Materi\u0101ls: vel\u016brs Tr\u012bsviet\u012bgais d\u012bv\u0101ns Alma ir \u0113rta un daudzpus\u012bga m\u0113bele, kas pied\u0101v\u0101 gan s\u0113dvietu, gan funkcion\u0101lu gultu. Pateicoties izv\u0113r\u0161anas funkcijai, tas \u0101tri p\u0101rv\u0113r\u0161as par \u0113rtu gultu, padarot to ide\u0101li piem\u0113rotu viesistabai, kas vienlaikus ir ar\u012b gu\u013camistaba. T\u0101da d\u012bv\u0101ngulta k\u0101 Alma izv\u0113le ir \u0113rta iesp\u0113ja uz\u0146emt negaid\u012btus viesus. Tr\u012bsviet\u012bgaj\u0101 d\u012bv\u0101ngult\u0101 Alma [&hellip;]<\/p>\n","protected":false},"featured_media":31492,"comment_status":"closed","ping_status":"closed","template":"","meta":{"inline_featured_image":false,"_uf_show_specific_survey":0,"_uf_disable_surveys":false},"product_brand":[],"product_cat":[130],"product_tag":[2178,967,681,2504,2179,2169,1950,2129,2133,2139,2503,342,343,2502,2128],"class_list":{"0":"post-31491","1":"product","2":"type-product","3":"status-publish","4":"has-post-thumbnail","6":"product_cat-mebeles","7":"product_tag-akcijas-divans","8":"product_tag-atputas-divans","9":"product_tag-atputas-sofa","10":"product_tag-cheap-sofa","11":"product_tag-divans-ar-atlaidi","12":"product_tag-divvietigs-divans","13":"product_tag-dizaina-divans","14":"product_tag-ekskluzivs-divans","15":"product_tag-ofisa-divans","16":"product_tag-ofisa-sofa","17":"product_tag-sofa-discount","18":"product_tag-sofa","19":"product_tag-stura-divans","20":"product_tag-trisvietigs-divans","21":"product_tag-viesistabas-divans","24":"first","25":"outofstock","26":"sale","27":"taxable","28":"shipping-taxable","29":"purchasable","30":"product-type-simple"},"_links":{"self":[{"href":"https:\/\/kraftlager.lv\/lv\/wp-json\/wp\/v2\/product\/31491","targetHints":{"allow":["GET"]}}],"collection":[{"href":"https:\/\/kraftlager.lv\/lv\/wp-json\/wp\/v2\/product"}],"about":[{"href":"https:\/\/kraftlager.lv\/lv\/wp-json\/wp\/v2\/types\/product"}],"replies":[{"embeddable":true,"href":"https:\/\/kraftlager.lv\/lv\/wp-json\/wp\/v2\/comments?post=31491"}],"wp:featuredmedia":[{"embeddable":true,"href":"https:\/\/kraftlager.lv\/lv\/wp-json\/wp\/v2\/media\/31492"}],"wp:attachment":[{"href":"https:\/\/kraftlager.lv\/lv\/wp-json\/wp\/v2\/media?parent=31491"}],"wp:term":[{"taxonomy":"product_brand","embeddable":true,"href":"https:\/\/kraftlager.lv\/lv\/wp-json\/wp\/v2\/product_brand?post=31491"},{"taxonomy":"product_cat","embeddable":true,"href":"https:\/\/kraftlager.lv\/lv\/wp-json\/wp\/v2\/product_cat?post=31491"},{"taxonomy":"product_tag","embeddable":true,"href":"https:\/\/kraftlager.lv\/lv\/wp-json\/wp\/v2\/product_tag?post=31491"}],"curies":[{"name":"wp","href":"https:\/\/api.w.org\/{rel}","templated":true}]}}