{"id":31503,"date":"2024-11-27T10:50:08","date_gmt":"2024-11-27T10:50:08","guid":{"rendered":"https:\/\/kraftlager.lv\/lv\/?post_type=product&#038;p=31503"},"modified":"2025-01-25T12:15:23","modified_gmt":"2025-01-25T12:15:23","slug":"box-2-vietigs-divans","status":"publish","type":"product","link":"https:\/\/kraftlager.lv\/lv\/products\/box-2-vietigs-divans\/","title":{"rendered":"Box 2 viet\u012bgs d\u012bvans"},"content":{"rendered":"<h3>Box 2 viet\u012bgs d\u012bvans<\/h3>\n<p>Kr\u0101sa: sinepju<\/p>\n<p>Materi\u0101ls: vel\u016brs<\/p>\n<p id=\"tw-target-text\" class=\"tw-data-text tw-text-large tw-ta\" dir=\"ltr\" data-placeholder=\"Translation\" data-ved=\"2ahUKEwjtnN-yovyJAxWEJxAIHcUxDHoQ3ewLegQICxAU\" aria-label=\"Translated text: Neat divviet\u012bgais d\u012bv\u0101ns tiek pieg\u0101d\u0101ts kast\u0113, lai to b\u016btu viegli salikt, tas b\u016btu \u0113rti un par pie\u0146emamu cenu. Tas ieder\u0113sies viet\u0101s, kur tradicion\u0101ls d\u012bv\u0101ns var neb\u016bt, un t\u0101p\u0113c ir ide\u0101li piem\u0113rots dz\u012bvok\u013ciem, dz\u012bvok\u013ciem un vec\u0101kiem \u012bpa\u0161umiem ar ierobe\u017eotu piek\u013cuvi. Neat divviet\u012bgais d\u012bv\u0101ns retro stil\u0101 ir lieliski piem\u0113rots, ja mekl\u0113jat kompaktu d\u012bv\u0101nu savai atp\u016btas telpai, viesistabai vai birojam. D\u012bv\u0101na k\u0101rbainais, vienk\u0101r\u0161ais korpuss ar \u0123eometrisk\u0101m \u0161uv\u0113m aizmugur\u0113 izskat\u0101s \u012bpa\u0161i viegls, pateicoties slaidaj\u0101m, virpotaj\u0101m gai\u0161\u0101 koka k\u0101j\u0101m, uz kur\u0101m tas balst\u0101s.\n\nKomfortu nodro\u0161ina divi s\u0113dek\u013ca spilveni, kas iek\u0161pus\u0113 ir pild\u012bti ar augstas elast\u012bbas put\u0101m, nodro\u0161inot lielisku atl\u0113cienu pat ilgsto\u0161as \u200b\u200blieto\u0161anas gad\u012bjum\u0101. J\u016bs varat \u0113rti atp\u016bsties pret atzveltni, kura elast\u012bba ir saist\u012bta ar silikona \u0161\u0137iedras izmanto\u0161anu k\u0101 pild\u012bjuma materi\u0101lu. Pamat\u012bgie roku balsti s\u0101nos pie\u0161\u0137ir m\u0113bel\u0113m elegantu raksturu. Neat d\u012bv\u0101ns ir pieejams daudzos kr\u0101su variantos, lai j\u016bs var\u0113tu viegli izv\u0113l\u0113ties polster\u0113juma materi\u0101lu t\u0101d\u0101 kr\u0101s\u0101, kas vislab\u0101k atbilst p\u0101r\u0113jam interjeram. Neat divviet\u012bgais d\u012bv\u0101ns patiks ne tikai tiem, kas nov\u0113rt\u0113 klasisk\u0101 un gadsimta vidus modern\u0101 stila interjeru.\"><span class=\"Y2IQFc\" lang=\"lv\">Neat divviet\u012bgais d\u012bv\u0101ns tiek pieg\u0101d\u0101ts kast\u0113, lai to b\u016btu viegli salikt, tas b\u016btu \u0113rti un par pie\u0146emamu cenu. Tas ieder\u0113sies viet\u0101s, kur tradicion\u0101ls d\u012bv\u0101ns var neb\u016bt, un t\u0101p\u0113c ir ide\u0101li piem\u0113rots dz\u012bvok\u013ciem, dz\u012bvok\u013ciem un vec\u0101kiem \u012bpa\u0161umiem ar ierobe\u017eotu piek\u013cuvi. Neat divviet\u012bgais d\u012bv\u0101ns retro stil\u0101 ir lieliski piem\u0113rots, ja mekl\u0113jat kompaktu d\u012bv\u0101nu savai atp\u016btas telpai, viesistabai vai birojam. D\u012bv\u0101na k\u0101rbainais, vienk\u0101r\u0161ais korpuss ar \u0123eometrisk\u0101m \u0161uv\u0113m aizmugur\u0113 izskat\u0101s \u012bpa\u0161i viegls, pateicoties slaidaj\u0101m, virpotaj\u0101m gai\u0161\u0101 koka k\u0101j\u0101m, uz kur\u0101m tas balst\u0101s. <\/span><\/p>\n<p class=\"tw-data-text tw-text-large tw-ta\" dir=\"ltr\" data-placeholder=\"Translation\" data-ved=\"2ahUKEwjtnN-yovyJAxWEJxAIHcUxDHoQ3ewLegQICxAU\" aria-label=\"Translated text: Neat divviet\u012bgais d\u012bv\u0101ns tiek pieg\u0101d\u0101ts kast\u0113, lai to b\u016btu viegli salikt, tas b\u016btu \u0113rti un par pie\u0146emamu cenu. Tas ieder\u0113sies viet\u0101s, kur tradicion\u0101ls d\u012bv\u0101ns var neb\u016bt, un t\u0101p\u0113c ir ide\u0101li piem\u0113rots dz\u012bvok\u013ciem, dz\u012bvok\u013ciem un vec\u0101kiem \u012bpa\u0161umiem ar ierobe\u017eotu piek\u013cuvi. Neat divviet\u012bgais d\u012bv\u0101ns retro stil\u0101 ir lieliski piem\u0113rots, ja mekl\u0113jat kompaktu d\u012bv\u0101nu savai atp\u016btas telpai, viesistabai vai birojam. D\u012bv\u0101na k\u0101rbainais, vienk\u0101r\u0161ais korpuss ar \u0123eometrisk\u0101m \u0161uv\u0113m aizmugur\u0113 izskat\u0101s \u012bpa\u0161i viegls, pateicoties slaidaj\u0101m, virpotaj\u0101m gai\u0161\u0101 koka k\u0101j\u0101m, uz kur\u0101m tas balst\u0101s.\n\nKomfortu nodro\u0161ina divi s\u0113dek\u013ca spilveni, kas iek\u0161pus\u0113 ir pild\u012bti ar augstas elast\u012bbas put\u0101m, nodro\u0161inot lielisku atl\u0113cienu pat ilgsto\u0161as \u200b\u200blieto\u0161anas gad\u012bjum\u0101. J\u016bs varat \u0113rti atp\u016bsties pret atzveltni, kura elast\u012bba ir saist\u012bta ar silikona \u0161\u0137iedras izmanto\u0161anu k\u0101 pild\u012bjuma materi\u0101lu. Pamat\u012bgie roku balsti s\u0101nos pie\u0161\u0137ir m\u0113bel\u0113m elegantu raksturu. Neat d\u012bv\u0101ns ir pieejams daudzos kr\u0101su variantos, lai j\u016bs var\u0113tu viegli izv\u0113l\u0113ties polster\u0113juma materi\u0101lu t\u0101d\u0101 kr\u0101s\u0101, kas vislab\u0101k atbilst p\u0101r\u0113jam interjeram. Neat divviet\u012bgais d\u012bv\u0101ns patiks ne tikai tiem, kas nov\u0113rt\u0113 klasisk\u0101 un gadsimta vidus modern\u0101 stila interjeru.\"><span class=\"Y2IQFc\" lang=\"lv\">Komfortu nodro\u0161ina divi s\u0113dek\u013ca spilveni, kas iek\u0161pus\u0113 ir pild\u012bti ar augstas elast\u012bbas put\u0101m, nodro\u0161inot lielisku atl\u0113cienu pat ilgsto\u0161as \u200b\u200blieto\u0161anas gad\u012bjum\u0101. J\u016bs varat \u0113rti atp\u016bsties pret atzveltni, kura elast\u012bba ir saist\u012bta ar silikona \u0161\u0137iedras izmanto\u0161anu k\u0101 pild\u012bjuma materi\u0101lu. Pamat\u012bgie roku balsti s\u0101nos pie\u0161\u0137ir m\u0113bel\u0113m elegantu raksturu. Neat d\u012bv\u0101ns ir pieejams daudzos kr\u0101su variantos, lai j\u016bs var\u0113tu viegli izv\u0113l\u0113ties polster\u0113juma materi\u0101lu t\u0101d\u0101 kr\u0101s\u0101, kas vislab\u0101k atbilst p\u0101r\u0113jam interjeram. Neat divviet\u012bgais d\u012bv\u0101ns patiks ne tikai tiem, kas nov\u0113rt\u0113 klasisk\u0101 un gadsimta vidus modern\u0101 stila interjeru.<\/span><\/p>\n","protected":false},"excerpt":{"rendered":"<p>Box 2 viet\u012bgs d\u012bvans Kr\u0101sa: sinepju Materi\u0101ls: vel\u016brs Neat divviet\u012bgais d\u012bv\u0101ns tiek pieg\u0101d\u0101ts kast\u0113, lai to b\u016btu viegli salikt, tas b\u016btu \u0113rti un par pie\u0146emamu cenu. Tas ieder\u0113sies viet\u0101s, kur tradicion\u0101ls d\u012bv\u0101ns var neb\u016bt, un t\u0101p\u0113c ir ide\u0101li piem\u0113rots dz\u012bvok\u013ciem, dz\u012bvok\u013ciem un vec\u0101kiem \u012bpa\u0161umiem ar ierobe\u017eotu piek\u013cuvi. Neat divviet\u012bgais d\u012bv\u0101ns retro stil\u0101 ir lieliski piem\u0113rots, [&hellip;]<\/p>\n","protected":false},"featured_media":31504,"comment_status":"closed","ping_status":"closed","template":"","meta":{"inline_featured_image":false,"_uf_show_specific_survey":0,"_uf_disable_surveys":false},"product_brand":[],"product_cat":[130],"product_tag":[2178,967,681,2504,2179,2169,1950,2129,2133,2139,2503,342,343,2502,2128],"class_list":{"0":"post-31503","1":"product","2":"type-product","3":"status-publish","4":"has-post-thumbnail","6":"product_cat-mebeles","7":"product_tag-akcijas-divans","8":"product_tag-atputas-divans","9":"product_tag-atputas-sofa","10":"product_tag-cheap-sofa","11":"product_tag-divans-ar-atlaidi","12":"product_tag-divvietigs-divans","13":"product_tag-dizaina-divans","14":"product_tag-ekskluzivs-divans","15":"product_tag-ofisa-divans","16":"product_tag-ofisa-sofa","17":"product_tag-sofa-discount","18":"product_tag-sofa","19":"product_tag-stura-divans","20":"product_tag-trisvietigs-divans","21":"product_tag-viesistabas-divans","24":"first","25":"outofstock","26":"sale","27":"taxable","28":"shipping-taxable","29":"purchasable","30":"product-type-simple"},"_links":{"self":[{"href":"https:\/\/kraftlager.lv\/lv\/wp-json\/wp\/v2\/product\/31503","targetHints":{"allow":["GET"]}}],"collection":[{"href":"https:\/\/kraftlager.lv\/lv\/wp-json\/wp\/v2\/product"}],"about":[{"href":"https:\/\/kraftlager.lv\/lv\/wp-json\/wp\/v2\/types\/product"}],"replies":[{"embeddable":true,"href":"https:\/\/kraftlager.lv\/lv\/wp-json\/wp\/v2\/comments?post=31503"}],"wp:featuredmedia":[{"embeddable":true,"href":"https:\/\/kraftlager.lv\/lv\/wp-json\/wp\/v2\/media\/31504"}],"wp:attachment":[{"href":"https:\/\/kraftlager.lv\/lv\/wp-json\/wp\/v2\/media?parent=31503"}],"wp:term":[{"taxonomy":"product_brand","embeddable":true,"href":"https:\/\/kraftlager.lv\/lv\/wp-json\/wp\/v2\/product_brand?post=31503"},{"taxonomy":"product_cat","embeddable":true,"href":"https:\/\/kraftlager.lv\/lv\/wp-json\/wp\/v2\/product_cat?post=31503"},{"taxonomy":"product_tag","embeddable":true,"href":"https:\/\/kraftlager.lv\/lv\/wp-json\/wp\/v2\/product_tag?post=31503"}],"curies":[{"name":"wp","href":"https:\/\/api.w.org\/{rel}","templated":true}]}}