{"id":31520,"date":"2024-11-27T11:27:44","date_gmt":"2024-11-27T11:27:44","guid":{"rendered":"https:\/\/kraftlager.lv\/lv\/?post_type=product&#038;p=31520"},"modified":"2025-01-24T18:45:01","modified_gmt":"2025-01-24T18:45:01","slug":"slender-wood-atputas-kresls","status":"publish","type":"product","link":"https:\/\/kraftlager.lv\/lv\/products\/slender-wood-atputas-kresls\/","title":{"rendered":"Slender Wood atp\u016btas kr\u0113sls"},"content":{"rendered":"<h3>Slender Wood atp\u016btas kr\u0113sls<\/h3>\n<p>Kr\u0101sa: balts<\/p>\n<p>Materi\u0101ls: tekstils<\/p>\n<p id=\"tw-target-text\" class=\"tw-data-text tw-text-large tw-ta\" dir=\"ltr\" data-placeholder=\"Translation\" data-ved=\"2ahUKEwjtnN-yovyJAxWEJxAIHcUxDHoQ3ewLegQICxAU\" aria-label=\"Translated text: Vienk\u0101r\u0161s p\u0113c formas, Slender Wood kr\u0113sls lieliski darbojas ar da\u017e\u0101diem izk\u0101rtojumiem. Komforts un elegants izskats iet roku rok\u0101, kas noz\u012bm\u0113, ka \u0161\u012b m\u0113bele lieliski ieder\u0113sies dz\u012bvojam\u0101s istab\u0101s, dienas istab\u0101s, gu\u013camistab\u0101s vai v\u0113l vair\u0101k komerci\u0101los interjeros, piem\u0113ram, birojos un izst\u0101\u017eu z\u0101l\u0113s. \u0112rta atzveltne un br\u012bvais s\u0113dek\u013ca spilvens ir pild\u012bti ar \u012bpa\u0161i elast\u012bg\u0101m put\u0101m. S\u0113deklis ir papildus nostiprin\u0101ts ar zig zag atsper\u0113m, kas noz\u012bm\u0113, ka m\u0113bele ilg\u0101k saglab\u0101s s\u0101kotn\u0113jo formu un J\u016bs var\u0113siet baud\u012bt t\u0101s komfortu daudzus gadus.\n\nAtzveltnes kr\u0113slu var apvilkt ar da\u017e\u0101diem audumiem, kas visi ir iztur\u012bgi pret abrazivit\u0101ti. M\u012bkst\u0101s apdares audumu varat izv\u0113l\u0113ties no da\u017e\u0101d\u0101m kr\u0101s\u0101m, t\u0101d\u0113j\u0101di atvieglojot kr\u0113sla pieska\u0146o\u0161anu p\u0101r\u0113jam interjeram. T\u0101pat koka r\u0101mis un k\u0101jas, uz kur\u0101m atzveltnes kr\u0113sls ir pacelts, ir pieejami 6 to\u0146os, t\u0101p\u0113c \u0161\u012b m\u0113bele v\u0113l lab\u0101k atbilst j\u016bsu izk\u0101rtojumam. Atp\u016bta \u0113rt\u0101 Slender Wood atzveltnes kr\u0113sl\u0101 ir \u013coti pat\u012bkama, kas noz\u012bm\u0113, ka kr\u0113sls ir lieliski piem\u0113rots ne tikai j\u016bsu viesistabai, bet jebkurai telpai, kur v\u0113laties izveidot nelielu atp\u016btas zonu.\"><span class=\"Y2IQFc\" lang=\"lv\">Vienk\u0101r\u0161s p\u0113c formas, Slender Wood kr\u0113sls lieliski darbojas ar da\u017e\u0101diem izk\u0101rtojumiem. Komforts un elegants izskats iet roku rok\u0101, kas noz\u012bm\u0113, ka \u0161\u012b m\u0113bele lieliski ieder\u0113sies dz\u012bvojam\u0101s istab\u0101s, dienas istab\u0101s, gu\u013camistab\u0101s vai v\u0113l vair\u0101k komerci\u0101los interjeros, piem\u0113ram, birojos un izst\u0101\u017eu z\u0101l\u0113s. \u0112rta atzveltne un br\u012bvais s\u0113dek\u013ca spilvens ir pild\u012bti ar \u012bpa\u0161i elast\u012bg\u0101m put\u0101m. S\u0113deklis ir papildus nostiprin\u0101ts ar zig zag atsper\u0113m, kas noz\u012bm\u0113, ka m\u0113bele ilg\u0101k saglab\u0101s s\u0101kotn\u0113jo formu un J\u016bs var\u0113siet baud\u012bt t\u0101s komfortu daudzus gadus. Atzveltnes kr\u0113slu var apvilkt ar da\u017e\u0101diem audumiem, kas visi ir iztur\u012bgi pret abrazivit\u0101ti. M\u012bkst\u0101s apdares audumu varat izv\u0113l\u0113ties no da\u017e\u0101d\u0101m kr\u0101s\u0101m, t\u0101d\u0113j\u0101di atvieglojot kr\u0113sla pieska\u0146o\u0161anu p\u0101r\u0113jam interjeram. T\u0101pat koka r\u0101mis un k\u0101jas, uz kur\u0101m atzveltnes kr\u0113sls ir pacelts, ir pieejami 6 to\u0146os, t\u0101p\u0113c \u0161\u012b m\u0113bele v\u0113l lab\u0101k atbilst j\u016bsu izk\u0101rtojumam. Atp\u016bta \u0113rt\u0101 Slender Wood atzveltnes kr\u0113sl\u0101 ir \u013coti pat\u012bkama, kas noz\u012bm\u0113, ka kr\u0113sls ir lieliski piem\u0113rots ne tikai j\u016bsu viesistabai, bet jebkurai telpai, kur v\u0113laties izveidot nelielu atp\u016btas zonu.<\/span><\/p>\n<pre id=\"tw-target-text\" class=\"tw-data-text tw-text-large tw-ta\" dir=\"ltr\" data-placeholder=\"Translation\" data-ved=\"2ahUKEwjtnN-yovyJAxWEJxAIHcUxDHoQ3ewLegQICxAU\" aria-label=\"Translated text: Svars\r\n28,5 kg\r\nPlatums\r\n102 cm\r\nAugstums\r\n72 cm\r\nDzi\u013cums\r\n83 cm\r\nS\u0113dek\u013ca platums\r\n68 cm\r\nS\u0113dek\u013ca augstums\r\n45 cm\r\nS\u0113dek\u013ca dzi\u013cums\r\n58 cm\r\nS\u0101nu augstums\r\n52 cm\r\nMuguras augstums\r\n34 cm\r\nK\u0101ju augstums\r\n17 cm\r\nSl\u0113d\u017ea vien\u012bbas\"><span class=\"Y2IQFc\" lang=\"lv\">Svars\r\n28,5 kg\r\nPlatums\r\n102 cm\r\nAugstums\r\n72 cm\r\nDzi\u013cums\r\n83 cm\r\nS\u0113dek\u013ca platums\r\n68 cm\r\nS\u0113dek\u013ca augstums\r\n45 cm\r\nS\u0113dek\u013ca dzi\u013cums\r\n58 cm\r\nS\u0101nu augstums\r\n52 cm\r\nMuguras augstums\r\n34 cm\r\nK\u0101ju augstums\r\n17 cm<\/span><\/pre>\n","protected":false},"excerpt":{"rendered":"<p>Slender Wood atp\u016btas kr\u0113sls Kr\u0101sa: balts Materi\u0101ls: tekstils Vienk\u0101r\u0161s p\u0113c formas, Slender Wood kr\u0113sls lieliski darbojas ar da\u017e\u0101diem izk\u0101rtojumiem. Komforts un elegants izskats iet roku rok\u0101, kas noz\u012bm\u0113, ka \u0161\u012b m\u0113bele lieliski ieder\u0113sies dz\u012bvojam\u0101s istab\u0101s, dienas istab\u0101s, gu\u013camistab\u0101s vai v\u0113l vair\u0101k komerci\u0101los interjeros, piem\u0113ram, birojos un izst\u0101\u017eu z\u0101l\u0113s. \u0112rta atzveltne un br\u012bvais s\u0113dek\u013ca spilvens ir [&hellip;]<\/p>\n","protected":false},"featured_media":31521,"comment_status":"closed","ping_status":"closed","template":"","meta":{"inline_featured_image":false,"_uf_show_specific_survey":0,"_uf_disable_surveys":false},"product_brand":[],"product_cat":[130],"product_tag":[345,970,1973,523,506,2172],"class_list":{"0":"post-31520","1":"product","2":"type-product","3":"status-publish","4":"has-post-thumbnail","6":"product_cat-mebeles","7":"product_tag-atputas-kresls","8":"product_tag-dizaina-kresls","9":"product_tag-ekskluzivs-kresls","10":"product_tag-klubkresls","11":"product_tag-ofisa-kresls","12":"product_tag-slender-atputas-kresls","15":"first","16":"outofstock","17":"sale","18":"taxable","19":"shipping-taxable","20":"purchasable","21":"product-type-simple"},"_links":{"self":[{"href":"https:\/\/kraftlager.lv\/lv\/wp-json\/wp\/v2\/product\/31520","targetHints":{"allow":["GET"]}}],"collection":[{"href":"https:\/\/kraftlager.lv\/lv\/wp-json\/wp\/v2\/product"}],"about":[{"href":"https:\/\/kraftlager.lv\/lv\/wp-json\/wp\/v2\/types\/product"}],"replies":[{"embeddable":true,"href":"https:\/\/kraftlager.lv\/lv\/wp-json\/wp\/v2\/comments?post=31520"}],"wp:featuredmedia":[{"embeddable":true,"href":"https:\/\/kraftlager.lv\/lv\/wp-json\/wp\/v2\/media\/31521"}],"wp:attachment":[{"href":"https:\/\/kraftlager.lv\/lv\/wp-json\/wp\/v2\/media?parent=31520"}],"wp:term":[{"taxonomy":"product_brand","embeddable":true,"href":"https:\/\/kraftlager.lv\/lv\/wp-json\/wp\/v2\/product_brand?post=31520"},{"taxonomy":"product_cat","embeddable":true,"href":"https:\/\/kraftlager.lv\/lv\/wp-json\/wp\/v2\/product_cat?post=31520"},{"taxonomy":"product_tag","embeddable":true,"href":"https:\/\/kraftlager.lv\/lv\/wp-json\/wp\/v2\/product_tag?post=31520"}],"curies":[{"name":"wp","href":"https:\/\/api.w.org\/{rel}","templated":true}]}}