{"id":31568,"date":"2024-11-28T10:16:27","date_gmt":"2024-11-28T10:16:27","guid":{"rendered":"https:\/\/kraftlager.lv\/lv\/?post_type=product&#038;p=31568"},"modified":"2025-02-22T14:52:09","modified_gmt":"2025-02-22T14:52:09","slug":"linara-atputas-kresls","status":"publish","type":"product","link":"https:\/\/kraftlager.lv\/lv\/products\/linara-atputas-kresls\/","title":{"rendered":"Linara atp\u016btas kr\u0113sls"},"content":{"rendered":"<h3>Linara atp\u016btas kr\u0113sls<\/h3>\n<p>Kr\u0101sa: sinepju<\/p>\n<p>Materi\u0101ls: vel\u016brs<\/p>\n<p>! var tikt ieg\u0101d\u0101ts komplekt\u0101 ar Linara divviet\u012bgo d\u012bv\u0101nu!<\/p>\n<p id=\"tw-target-text\" class=\"tw-data-text tw-text-large tw-ta\" dir=\"ltr\" data-placeholder=\"Translation\" data-ved=\"2ahUKEwiHu-WR4P6JAxVLKRAIHTygA14Q3ewLegQIBxAU\" aria-label=\"Translated text: Iek\u0101rtojot dz\u012bvojamo istabu, vad\u0101mies p\u0113c m\u0113be\u013cu funkcionalit\u0101tes un m\u016bsdien\u012bga dizaina. M\u0113s v\u0113lamies, lai m\u016bsu interjers b\u016btu skaists un sniegtu komforta un dro\u0161\u012bbas saj\u016btu. M\u012bkstais kr\u0113sls ir oblig\u0101ta m\u0113bele katr\u0101 m\u0101j\u0101.\n\nLinara m\u012bkstais kr\u0113sls ir klasiskas un modernas viesistabas pied\u0101v\u0101jums. Tas ir lieliski piem\u0113rots ar\u012b skandin\u0101vu interjeram. \u0160is modelis ir neticami \u0113rts. M\u012bkstais s\u0113deklis ir pild\u012bts ar elast\u012bg\u0101m put\u0101m. Papildu pastiprin\u0101jumu nodro\u0161ina vi\u013c\u0146u atsperes, kas palielina komforta saj\u016btu, lietojot kr\u0113slu.\n\nAtzveltnes kr\u0113sls Linara ir pieejams no moderna, nodilumiztur\u012bga auduma un net\u012brumus atgr\u016bdo\u0161a auduma. Turkl\u0101t \u0161im modelim ir bag\u0101t\u012bga kr\u0101su gamma, kas \u013cauj ikvienam izv\u0113l\u0113ties kaut ko sev.\"><span class=\"Y2IQFc\" lang=\"lv\">Iek\u0101rtojot dz\u012bvojamo istabu, vad\u0101mies p\u0113c m\u0113be\u013cu funkcionalit\u0101tes un m\u016bsdien\u012bga dizaina. M\u0113s v\u0113lamies, lai m\u016bsu interjers b\u016btu skaists un sniegtu komforta un dro\u0161\u012bbas saj\u016btu. M\u012bkstais kr\u0113sls ir oblig\u0101ta m\u0113bele katr\u0101 m\u0101j\u0101. Linara m\u012bkstais kr\u0113sls ir klasiskas un modernas viesistabas pied\u0101v\u0101jums. Tas ir lieliski piem\u0113rots ar\u012b skandin\u0101vu interjeram. \u0160is modelis ir neticami \u0113rts. M\u012bkstais s\u0113deklis ir pild\u012bts ar elast\u012bg\u0101m put\u0101m. Papildu pastiprin\u0101jumu nodro\u0161ina vi\u013c\u0146u atsperes, kas palielina komforta saj\u016btu, lietojot kr\u0113slu. Atzveltnes kr\u0113sls Linara ir pieejams no moderna, nodilumiztur\u012bga auduma un net\u012brumus atgr\u016bdo\u0161a auduma. Turkl\u0101t \u0161im modelim ir bag\u0101t\u012bga kr\u0101su gamma, kas \u013cauj ikvienam izv\u0113l\u0113ties kaut ko sev.<\/span><\/p>\n<pre id=\"tw-target-text\" class=\"tw-data-text tw-text-large tw-ta\" dir=\"ltr\" data-placeholder=\"Translation\" data-ved=\"2ahUKEwiHu-WR4P6JAxVLKRAIHTygA14Q3ewLegQIBxAU\" aria-label=\"Translated text: Platums\r\n81 cm\r\nAugstums\r\n91 cm\r\ndzi\u013cums\r\n95 cm\r\nSvars (neto)\r\n41 kg\r\nS\u0113dek\u013ca platums\r\n58 cm\r\nS\u0113dek\u013ca augstums\r\n51 cm\r\nS\u0113dek\u013ca dzi\u013cums\r\n63 cm\r\nS\u0101nu sienas augstums\r\n55 cm\r\nAtzveltnes augstums\r\n38 cm\r\nk\u0101ju augstums\r\n17 cm\r\nMainiet vien\u012bbas\"><span class=\"Y2IQFc\" lang=\"lv\">Platums\r\n81 cm\r\nAugstums\r\n91 cm\r\ndzi\u013cums\r\n95 cm\r\nSvars (neto)\r\n41 kg\r\nS\u0113dek\u013ca platums\r\n58 cm\r\nS\u0113dek\u013ca augstums\r\n51 cm\r\nS\u0113dek\u013ca dzi\u013cums\r\n63 cm\r\nS\u0101nu sienas augstums\r\n55 cm\r\nAtzveltnes augstums\r\n38 cm\r\nk\u0101ju augstums\r\n17 cm<\/span><\/pre>\n","protected":false},"excerpt":{"rendered":"<p>Linara atp\u016btas kr\u0113sls Kr\u0101sa: sinepju Materi\u0101ls: vel\u016brs ! var tikt ieg\u0101d\u0101ts komplekt\u0101 ar Linara divviet\u012bgo d\u012bv\u0101nu! Iek\u0101rtojot dz\u012bvojamo istabu, vad\u0101mies p\u0113c m\u0113be\u013cu funkcionalit\u0101tes un m\u016bsdien\u012bga dizaina. M\u0113s v\u0113lamies, lai m\u016bsu interjers b\u016btu skaists un sniegtu komforta un dro\u0161\u012bbas saj\u016btu. M\u012bkstais kr\u0113sls ir oblig\u0101ta m\u0113bele katr\u0101 m\u0101j\u0101. Linara m\u012bkstais kr\u0113sls ir klasiskas un modernas viesistabas pied\u0101v\u0101jums. [&hellip;]<\/p>\n","protected":false},"featured_media":31569,"comment_status":"closed","ping_status":"closed","template":"","meta":{"inline_featured_image":false,"_uf_show_specific_survey":0,"_uf_disable_surveys":false},"product_brand":[],"product_cat":[130],"product_tag":[345,2504,970,523,2515,2165,576],"class_list":{"0":"post-31568","1":"product","2":"type-product","3":"status-publish","4":"has-post-thumbnail","6":"product_cat-mebeles","7":"product_tag-atputas-kresls","8":"product_tag-cheap-sofa","9":"product_tag-dizaina-kresls","10":"product_tag-klubkresls","11":"product_tag-kresls-akcija","12":"product_tag-lets-kresls","13":"product_tag-viesistabas-kresls","16":"first","17":"outofstock","18":"sale","19":"taxable","20":"shipping-taxable","21":"purchasable","22":"product-type-simple"},"_links":{"self":[{"href":"https:\/\/kraftlager.lv\/lv\/wp-json\/wp\/v2\/product\/31568","targetHints":{"allow":["GET"]}}],"collection":[{"href":"https:\/\/kraftlager.lv\/lv\/wp-json\/wp\/v2\/product"}],"about":[{"href":"https:\/\/kraftlager.lv\/lv\/wp-json\/wp\/v2\/types\/product"}],"replies":[{"embeddable":true,"href":"https:\/\/kraftlager.lv\/lv\/wp-json\/wp\/v2\/comments?post=31568"}],"wp:featuredmedia":[{"embeddable":true,"href":"https:\/\/kraftlager.lv\/lv\/wp-json\/wp\/v2\/media\/31569"}],"wp:attachment":[{"href":"https:\/\/kraftlager.lv\/lv\/wp-json\/wp\/v2\/media?parent=31568"}],"wp:term":[{"taxonomy":"product_brand","embeddable":true,"href":"https:\/\/kraftlager.lv\/lv\/wp-json\/wp\/v2\/product_brand?post=31568"},{"taxonomy":"product_cat","embeddable":true,"href":"https:\/\/kraftlager.lv\/lv\/wp-json\/wp\/v2\/product_cat?post=31568"},{"taxonomy":"product_tag","embeddable":true,"href":"https:\/\/kraftlager.lv\/lv\/wp-json\/wp\/v2\/product_tag?post=31568"}],"curies":[{"name":"wp","href":"https:\/\/api.w.org\/{rel}","templated":true}]}}