{"id":31573,"date":"2024-11-28T10:28:10","date_gmt":"2024-11-28T10:28:10","guid":{"rendered":"https:\/\/kraftlager.lv\/lv\/?post_type=product&#038;p=31573"},"modified":"2025-01-23T16:05:10","modified_gmt":"2025-01-23T16:05:10","slug":"linara-2-vietigs-divans","status":"publish","type":"product","link":"https:\/\/kraftlager.lv\/lv\/products\/linara-2-vietigs-divans\/","title":{"rendered":"Linara 2 viet\u012bgs d\u012bv\u0101ns"},"content":{"rendered":"<h3>Linara 2 viet\u012bgs d\u012bv\u0101ns<\/h3>\n<p>Kr\u0101sa: sinepju<\/p>\n<p>Materi\u0101ls: vel\u016brs<\/p>\n<p>! ir iesp\u0113jams ieg\u0101d\u0101ties komplekt\u0101 ar Linara atp\u016btas kr\u0113slu!<\/p>\n<p id=\"tw-target-text\" class=\"tw-data-text tw-text-large tw-ta\" dir=\"ltr\" data-placeholder=\"Translation\" data-ved=\"2ahUKEwiHu-WR4P6JAxVLKRAIHTygA14Q3ewLegQIBxAU\" aria-label=\"Translated text: Salons ir vieta, kur satikties ar \u0123imeni un draugiem. Par\u016bp\u0113jies par \u0161o komforta zonu, lai t\u0101 b\u016btu ne tikai \u0113rta un funkcion\u0101la, bet ar\u012b priec\u0113tu to cilv\u0113ku aci, kuri taj\u0101 atrad\u012bsies. M\u016bsu m\u0113beles ir paredz\u0113tas tiem, kas nov\u0113rt\u0113 komforta, dizaina un funkcionalit\u0101tes apvienojumu. M\u016bsu jaunais Linara divviet\u012bgais d\u012bv\u0101ns ir pied\u0101v\u0101jums gan klasiskam, gan modernam interjeram. Tas izskat\u0101s ori\u0123in\u0101ls, pateicoties koka r\u0101mim un skaistaj\u0101m, augst\u0101m k\u0101j\u0101m. K\u0101 zin\u0101ms, koks interjer\u0101 ienes siltu un m\u0101j\u012bgu atmosf\u0113ru. Kas attiecas uz s\u0113dek\u013ca un atzveltnes spilvenu pild\u012bjumu, papildus \u0113rtaj\u0101m un m\u012bkstaj\u0101m put\u0101m mums ir ar\u012b vi\u013c\u0146veida atsperes, kas palielina lieto\u0161anas komfortu.\"><span class=\"Y2IQFc\" lang=\"lv\">Viesistaba ir vieta, kur satikties ar \u0123imeni un draugiem. Par\u016bp\u0113jies par \u0161o komforta zonu, lai t\u0101 b\u016btu ne tikai \u0113rta un funkcion\u0101la, bet ar\u012b priec\u0113tu to cilv\u0113ku aci, kuri taj\u0101 atrad\u012bsies. M\u016bsu m\u0113beles ir paredz\u0113tas tiem, kas nov\u0113rt\u0113 komforta, dizaina un funkcionalit\u0101tes apvienojumu. <\/span><\/p>\n<p class=\"tw-data-text tw-text-large tw-ta\" dir=\"ltr\" data-placeholder=\"Translation\" data-ved=\"2ahUKEwiHu-WR4P6JAxVLKRAIHTygA14Q3ewLegQIBxAU\" aria-label=\"Translated text: Salons ir vieta, kur satikties ar \u0123imeni un draugiem. Par\u016bp\u0113jies par \u0161o komforta zonu, lai t\u0101 b\u016btu ne tikai \u0113rta un funkcion\u0101la, bet ar\u012b priec\u0113tu to cilv\u0113ku aci, kuri taj\u0101 atrad\u012bsies. M\u016bsu m\u0113beles ir paredz\u0113tas tiem, kas nov\u0113rt\u0113 komforta, dizaina un funkcionalit\u0101tes apvienojumu. M\u016bsu jaunais Linara divviet\u012bgais d\u012bv\u0101ns ir pied\u0101v\u0101jums gan klasiskam, gan modernam interjeram. Tas izskat\u0101s ori\u0123in\u0101ls, pateicoties koka r\u0101mim un skaistaj\u0101m, augst\u0101m k\u0101j\u0101m. K\u0101 zin\u0101ms, koks interjer\u0101 ienes siltu un m\u0101j\u012bgu atmosf\u0113ru. Kas attiecas uz s\u0113dek\u013ca un atzveltnes spilvenu pild\u012bjumu, papildus \u0113rtaj\u0101m un m\u012bkstaj\u0101m put\u0101m mums ir ar\u012b vi\u013c\u0146veida atsperes, kas palielina lieto\u0161anas komfortu.\"><span class=\"Y2IQFc\" lang=\"lv\">Linara divviet\u012bgais d\u012bv\u0101ns ir pied\u0101v\u0101jums gan klasiskam, gan modernam interjeram. Tas izskat\u0101s ori\u0123in\u0101ls, pateicoties koka r\u0101mim un skaistaj\u0101m, augst\u0101m k\u0101j\u0101m. K\u0101 zin\u0101ms, koks interjer\u0101 ienes siltu un m\u0101j\u012bgu atmosf\u0113ru. Kas attiecas uz s\u0113dek\u013ca un atzveltnes spilvenu pild\u012bjumu, papildus \u0113rtaj\u0101m un m\u012bkstaj\u0101m put\u0101m mums ir ar\u012b vi\u013c\u0146veida atsperes, kas palielina lieto\u0161anas komfortu.<\/span><\/p>\n<pre id=\"tw-target-text\" class=\"tw-data-text tw-text-large tw-ta\" dir=\"ltr\" data-placeholder=\"Translation\" data-ved=\"2ahUKEwiHu-WR4P6JAxVLKRAIHTygA14Q3ewLegQIBxAU\" aria-label=\"Translated text: Platums 141 cm Augstums 91 cm dzi\u013cums 95 cm Svars (neto) 47,5 kg S\u0113dek\u013ca platums 118 cm S\u0113dek\u013ca augstums 51 cm S\u0113dek\u013ca dzi\u013cums 63 cm S\u0101nu sienas augstums 55 cm Atzveltnes augstums 38 cm k\u0101ju augstums 17 cm Mainiet vien\u012bbas\"><span class=\"Y2IQFc\" lang=\"lv\">Platums\r\n141 cm\r\nAugstums\r\n91 cm\r\ndzi\u013cums\r\n95 cm\r\nSvars (neto)\r\n47,5 kg\r\nS\u0113dek\u013ca platums\r\n118 cm\r\nS\u0113dek\u013ca augstums\r\n51 cm\r\nS\u0113dek\u013ca dzi\u013cums\r\n63 cm\r\nS\u0101nu sienas augstums\r\n55 cm\r\nAtzveltnes augstums\r\n38 cm\r\nk\u0101ju augstums\r\n17 cm<\/span><\/pre>\n","protected":false},"excerpt":{"rendered":"<p>Linara 2 viet\u012bgs d\u012bv\u0101ns Kr\u0101sa: sinepju Materi\u0101ls: vel\u016brs ! ir iesp\u0113jams ieg\u0101d\u0101ties komplekt\u0101 ar Linara atp\u016btas kr\u0113slu! Viesistaba ir vieta, kur satikties ar \u0123imeni un draugiem. Par\u016bp\u0113jies par \u0161o komforta zonu, lai t\u0101 b\u016btu ne tikai \u0113rta un funkcion\u0101la, bet ar\u012b priec\u0113tu to cilv\u0113ku aci, kuri taj\u0101 atrad\u012bsies. M\u016bsu m\u0113beles ir paredz\u0113tas tiem, kas nov\u0113rt\u0113 [&hellip;]<\/p>\n","protected":false},"featured_media":31574,"comment_status":"closed","ping_status":"closed","template":"","meta":{"inline_featured_image":false,"_uf_show_specific_survey":0,"_uf_disable_surveys":false},"product_brand":[],"product_cat":[130],"product_tag":[2178,967,681,2504,2179,2169,1950,2129,2133,2139,2503,342,343,2502,2128],"class_list":{"0":"post-31573","1":"product","2":"type-product","3":"status-publish","4":"has-post-thumbnail","6":"product_cat-mebeles","7":"product_tag-akcijas-divans","8":"product_tag-atputas-divans","9":"product_tag-atputas-sofa","10":"product_tag-cheap-sofa","11":"product_tag-divans-ar-atlaidi","12":"product_tag-divvietigs-divans","13":"product_tag-dizaina-divans","14":"product_tag-ekskluzivs-divans","15":"product_tag-ofisa-divans","16":"product_tag-ofisa-sofa","17":"product_tag-sofa-discount","18":"product_tag-sofa","19":"product_tag-stura-divans","20":"product_tag-trisvietigs-divans","21":"product_tag-viesistabas-divans","24":"first","25":"outofstock","26":"sale","27":"taxable","28":"shipping-taxable","29":"purchasable","30":"product-type-simple"},"_links":{"self":[{"href":"https:\/\/kraftlager.lv\/lv\/wp-json\/wp\/v2\/product\/31573","targetHints":{"allow":["GET"]}}],"collection":[{"href":"https:\/\/kraftlager.lv\/lv\/wp-json\/wp\/v2\/product"}],"about":[{"href":"https:\/\/kraftlager.lv\/lv\/wp-json\/wp\/v2\/types\/product"}],"replies":[{"embeddable":true,"href":"https:\/\/kraftlager.lv\/lv\/wp-json\/wp\/v2\/comments?post=31573"}],"wp:featuredmedia":[{"embeddable":true,"href":"https:\/\/kraftlager.lv\/lv\/wp-json\/wp\/v2\/media\/31574"}],"wp:attachment":[{"href":"https:\/\/kraftlager.lv\/lv\/wp-json\/wp\/v2\/media?parent=31573"}],"wp:term":[{"taxonomy":"product_brand","embeddable":true,"href":"https:\/\/kraftlager.lv\/lv\/wp-json\/wp\/v2\/product_brand?post=31573"},{"taxonomy":"product_cat","embeddable":true,"href":"https:\/\/kraftlager.lv\/lv\/wp-json\/wp\/v2\/product_cat?post=31573"},{"taxonomy":"product_tag","embeddable":true,"href":"https:\/\/kraftlager.lv\/lv\/wp-json\/wp\/v2\/product_tag?post=31573"}],"curies":[{"name":"wp","href":"https:\/\/api.w.org\/{rel}","templated":true}]}}