{"id":13294,"date":"2021-02-11T07:08:30","date_gmt":"2021-02-11T07:08:30","guid":{"rendered":"https:\/\/kraftlager.lv\/lv\/?page_id=13294"},"modified":"2021-02-24T09:33:35","modified_gmt":"2021-02-24T09:33:35","slug":"a-b-c-category","status":"publish","type":"page","link":"https:\/\/kraftlager.lv\/ru\/a-b-c-category\/","title":{"rendered":"\u041f\u043e\u044f\u0441\u043d\u0435\u043d\u0438\u0435 \u043a\u043b\u0430\u0441\u0441\u043e\u0432 \u0410 \u0411 \u0438 \u0426"},"content":{"rendered":"\n<p><strong>A klase<\/strong><\/p>\n\n\n\n<p>Jauns produkts ori\u0123in\u0101l\u0101 iepakojum\u0101<\/p>\n\n\n\n<p><strong>\u0410 \u043a\u043b\u0430\u0441\u0441<\/strong><\/p>\n\n\n\n<p>\u041d\u043e\u0432\u044b\u0439 \u043f\u0440\u043e\u0434\u0443\u043a\u0442 \u0432 \u043e\u0440\u0438\u0433\u0438\u043d\u0430\u043b\u044c\u043d\u043e\u0439 \u0443\u043f\u0430\u043a\u043e\u0432\u043a\u0435<\/p>\n\n\n\n<p><strong>B klase<\/strong>&nbsp;<\/p>\n\n\n\n<p>Jauna prece, var b\u016bt neori\u0123in\u0101lais iepakojums, iesp\u0113jami s\u012bki, nenoz\u012bm\u012bgi vizu\u0101lie defekti\u0146i&nbsp;<\/p>\n\n\n\n<p><strong>\u0411 \u043a\u043b\u0430\u0441\u0441<\/strong><\/p>\n\n\n\n<p>\u041d\u043e\u0432\u044b\u0439 \u043f\u0440\u043e\u0434\u0443\u043a\u0442, \u0432\u043e\u0437\u043c\u043e\u0436\u043d\u043e \u0431\u0435\u0437 \u043e\u0440\u0438\u0433\u0438\u043d\u0430\u043b\u044c\u043d\u043e\u0439 \u0443\u043f\u0430\u043a\u043e\u0432\u043a\u0438 \u0438\u043b\u0438 \u0441 \u043d\u0435\u0431\u043e\u043b\u044c\u0448\u0438\u043c\u0438, \u043d\u0435\u0437\u043d\u0430\u0447\u0438\u0442\u0435\u043b\u044c\u043d\u044b\u043c\u0438 \u0432\u0438\u0437\u0443\u0430\u043b\u044c\u043d\u044b\u043c\u0438 \u0434\u0435\u0444\u0435\u043a\u0442\u0430\u043c\u0438.<\/p>\n\n\n\n<p><strong>C klase<\/strong><\/p>\n\n\n\n<p>Jauna vai mazlietota prece. P\u0101rbaud\u012bta, piln\u012bb\u0101 funkcion\u0113jo\u0161a. Iesp\u0113jami vizu\u0101lie defekti, kas neietekm\u0113 produkta izmanto\u0161anu vai funkcionalit\u0101ti.&nbsp;<\/p>\n\n\n\n<p><strong>\u0426 \u041a\u043b\u0430\u0441\u0441<\/strong>&nbsp;<\/p>\n\n\n\n<p>\u041d\u043e\u0432\u044b\u0439 \u0438\u043b\u0438 \u043c\u0430\u043b\u043e \u0438\u0441\u043f\u043e\u043b\u044c\u0437\u043e\u0432\u0430\u043d\u043d\u044b\u0439 \u0442\u043e\u0432\u0430\u0440. \u041f\u0440\u043e\u0432\u0435\u0440\u0435\u043d\u043d\u044b\u0439 \u0438 \u043f\u043e\u043b\u043d\u043e\u0441\u0442\u044c\u044e \u0440\u0430\u0431\u043e\u0442\u043e\u0441\u043f\u043e\u0441\u043e\u0431\u043d\u044b\u0439. \u0412\u043e\u0437\u043c\u043e\u0436\u043d\u044b \u0432\u0438\u0437\u0443\u0430\u043b\u044c\u043d\u044b\u0435 \u0434\u0435\u0444\u0435\u043a\u0442\u044b, \u043d\u0435 \u0432\u043b\u0438\u044f\u044e\u0449\u0438\u0435 \u043d\u0430 \u0438\u0441\u043f\u043e\u043b\u044c\u0437\u043e\u0432\u0430\u043d\u0438\u0435 \u0438\u043b\u0438 \u0444\u0443\u043d\u043a\u0446\u0438\u043e\u043d\u0430\u043b\u044c\u043d\u043e\u0441\u0442\u044c \u043f\u0440\u043e\u0434\u0443\u043a\u0442\u0430.<\/p>\n","protected":false},"excerpt":{"rendered":"<p>A klase Jauns produkts ori\u0123in\u0101l\u0101 iepakojum\u0101 \u0410 \u043a\u043b\u0430\u0441\u0441 \u041d\u043e\u0432\u044b\u0439 \u043f\u0440\u043e\u0434\u0443\u043a\u0442 \u0432 \u043e\u0440\u0438\u0433\u0438\u043d\u0430\u043b\u044c\u043d\u043e\u0439 \u0443\u043f\u0430\u043a\u043e\u0432\u043a\u0435 B klase&nbsp; Jauna prece, var b\u016bt neori\u0123in\u0101lais iepakojums, iesp\u0113jami s\u012bki, nenoz\u012bm\u012bgi vizu\u0101lie defekti\u0146i&nbsp; \u0411 \u043a\u043b\u0430\u0441\u0441 \u041d\u043e\u0432\u044b\u0439 \u043f\u0440\u043e\u0434\u0443\u043a\u0442, \u0432\u043e\u0437\u043c\u043e\u0436\u043d\u043e \u0431\u0435\u0437 \u043e\u0440\u0438\u0433\u0438\u043d\u0430\u043b\u044c\u043d\u043e\u0439 \u0443\u043f\u0430\u043a\u043e\u0432\u043a\u0438 \u0438\u043b\u0438 \u0441 \u043d\u0435\u0431\u043e\u043b\u044c\u0448\u0438\u043c\u0438, \u043d\u0435\u0437\u043d\u0430\u0447\u0438\u0442\u0435\u043b\u044c\u043d\u044b\u043c\u0438 \u0432\u0438\u0437\u0443\u0430\u043b\u044c\u043d\u044b\u043c\u0438 \u0434\u0435\u0444\u0435\u043a\u0442\u0430\u043c\u0438. C klase Jauna vai mazlietota prece. P\u0101rbaud\u012bta, piln\u012bb\u0101 funkcion\u0113jo\u0161a. Iesp\u0113jami vizu\u0101lie defekti, kas neietekm\u0113 produkta [&hellip;]<\/p>\n","protected":false},"author":1,"featured_media":0,"parent":0,"menu_order":0,"comment_status":"closed","ping_status":"closed","template":"","meta":{"inline_featured_image":false,"_uf_show_specific_survey":0,"_uf_disable_surveys":false,"footnotes":""},"class_list":["post-13294","page","type-page","status-publish","hentry"],"_links":{"self":[{"href":"https:\/\/kraftlager.lv\/ru\/wp-json\/wp\/v2\/pages\/13294","targetHints":{"allow":["GET"]}}],"collection":[{"href":"https:\/\/kraftlager.lv\/ru\/wp-json\/wp\/v2\/pages"}],"about":[{"href":"https:\/\/kraftlager.lv\/ru\/wp-json\/wp\/v2\/types\/page"}],"author":[{"embeddable":true,"href":"https:\/\/kraftlager.lv\/ru\/wp-json\/wp\/v2\/users\/1"}],"replies":[{"embeddable":true,"href":"https:\/\/kraftlager.lv\/ru\/wp-json\/wp\/v2\/comments?post=13294"}],"version-history":[{"count":0,"href":"https:\/\/kraftlager.lv\/ru\/wp-json\/wp\/v2\/pages\/13294\/revisions"}],"wp:attachment":[{"href":"https:\/\/kraftlager.lv\/ru\/wp-json\/wp\/v2\/media?parent=13294"}],"curies":[{"name":"wp","href":"https:\/\/api.w.org\/{rel}","templated":true}]}}