{"id":11990,"date":"2023-01-06T10:20:42","date_gmt":"2023-01-06T10:20:42","guid":{"rendered":"https:\/\/kraftlager.lv\/lv\/?post_type=product&#038;p=11990"},"modified":"2025-09-27T12:38:31","modified_gmt":"2025-09-27T12:38:31","slug":"victorian-stila-dvielu-zavetajs-952x659","status":"publish","type":"product","link":"https:\/\/kraftlager.lv\/ru\/products\/victorian-stila-dvielu-zavetajs-952x659\/","title":{"rendered":"Victorian stila dvie\u013cu \u017e\u0101v\u0113t\u0101js 952&#215;659"},"content":{"rendered":"<p>Ang\u013cu stila VICTORIAN dvie\u013cu \u017e\u0101v\u0113t\u0101js lieliski ieder\u0113sies vannasistab\u0101, virtuv\u0113 vai istab\u0101, viedojot vintage stila dizainu telp\u0101s. Apkures piesl\u0113gums izveidots radiatora k\u0101j\u0101s, kas \u013cauj piesl\u0113gumu radiatoram izveidot gan no sienas, gan no gr\u012bdas. Radiatora apkures piesl\u0113gums 1\/2 (21mm) puscolla (venti\u013ci neietilpst radiatora komplekt\u0101cij\u0101).<\/p>\n<pre id=\"tw-target-text\" class=\"tw-data-text tw-text-large tw-ta\" dir=\"ltr\" data-placeholder=\"Translation\"><span class=\"Y2IQFc\" lang=\"lv\">\r\nMaks. Darba spiediens 6 bar\r\nMaks. Darba temperat\u016bra 105 \u00b0C\r\nJauda (vati\/kw) 498 W\r\nProdukta augstums 952 mm\r\nProdukta platums 659 mm\r\nKomplekt\u0101 ietilpst radiatora kron\u0161teini\r\nRadiatora p\u0101rkl\u0101jums un apdare ar pulvera p\u0101rkl\u0101jumu\r\nRadiatora kr\u0101sa Chrome\r\nRadiatora \u016bdens saturs 7,8 Ltr\r\nKop\u0113jais produkta svars 16,3 kg\r\nNo sienas l\u012bdz centram (standarta kron\u0161teins) 86 mm<\/span><\/pre>\n","protected":false},"excerpt":{"rendered":"<p>Ang\u013cu stila VICTORIAN dvie\u013cu \u017e\u0101v\u0113t\u0101js lieliski ieder\u0113sies vannasistab\u0101, virtuv\u0113 vai istab\u0101, viedojot vintage stila dizainu telp\u0101s. Apkures piesl\u0113gums izveidots radiatora k\u0101j\u0101s, kas \u013cauj piesl\u0113gumu radiatoram izveidot gan no sienas, gan no gr\u012bdas. Radiatora apkures piesl\u0113gums 1\/2 (21mm) puscolla (venti\u013ci neietilpst radiatora komplekt\u0101cij\u0101). Maks. Darba spiediens 6 bar Maks. Darba temperat\u016bra 105 \u00b0C Jauda (vati\/kw) 498 [&hellip;]<\/p>\n","protected":false},"featured_media":31759,"comment_status":"closed","ping_status":"closed","template":"","meta":{"inline_featured_image":false,"_uf_show_specific_survey":0,"_uf_disable_surveys":false},"product_brand":[],"product_cat":[2439],"product_tag":[249],"class_list":{"0":"post-11990","1":"product","2":"type-product","3":"status-publish","4":"has-post-thumbnail","6":"product_cat-dvielu-zavetaji","7":"product_tag-radiators","10":"first","11":"instock","12":"sale","13":"taxable","14":"shipping-taxable","15":"purchasable","16":"product-type-simple"},"_links":{"self":[{"href":"https:\/\/kraftlager.lv\/ru\/wp-json\/wp\/v2\/product\/11990","targetHints":{"allow":["GET"]}}],"collection":[{"href":"https:\/\/kraftlager.lv\/ru\/wp-json\/wp\/v2\/product"}],"about":[{"href":"https:\/\/kraftlager.lv\/ru\/wp-json\/wp\/v2\/types\/product"}],"replies":[{"embeddable":true,"href":"https:\/\/kraftlager.lv\/ru\/wp-json\/wp\/v2\/comments?post=11990"}],"wp:featuredmedia":[{"embeddable":true,"href":"https:\/\/kraftlager.lv\/ru\/wp-json\/wp\/v2\/media\/31759"}],"wp:attachment":[{"href":"https:\/\/kraftlager.lv\/ru\/wp-json\/wp\/v2\/media?parent=11990"}],"wp:term":[{"taxonomy":"product_brand","embeddable":true,"href":"https:\/\/kraftlager.lv\/ru\/wp-json\/wp\/v2\/product_brand?post=11990"},{"taxonomy":"product_cat","embeddable":true,"href":"https:\/\/kraftlager.lv\/ru\/wp-json\/wp\/v2\/product_cat?post=11990"},{"taxonomy":"product_tag","embeddable":true,"href":"https:\/\/kraftlager.lv\/ru\/wp-json\/wp\/v2\/product_tag?post=11990"}],"curies":[{"name":"wp","href":"https:\/\/api.w.org\/{rel}","templated":true}]}}