{"id":12106,"date":"2023-01-06T14:20:05","date_gmt":"2023-01-06T14:20:05","guid":{"rendered":"https:\/\/kraftlager.lv\/lv\/?post_type=product&#038;p=12106"},"modified":"2024-07-10T15:52:06","modified_gmt":"2024-07-10T15:52:06","slug":"aplveida-dizaina-dvielu-zavetajs","status":"publish","type":"product","link":"https:\/\/kraftlager.lv\/ru\/products\/aplveida-dizaina-dvielu-zavetajs\/","title":{"rendered":"Ap\u013cveida dizaina dvie\u013cu \u017e\u0101v\u0113t\u0101js"},"content":{"rendered":"<p>ODELL dizaina dvie\u013cu \u017e\u0101v\u0113t\u0101js (Hrom\u0113ts t\u0113rauds) ar izm\u0113riem 320x1635mm, b\u016bs lielisks papildin\u0101jums interesanta dizaina vannasistabai.<\/p>\n<p>Izm\u0113ri &#8211; 320x1635mm<\/p>\n<p>Jauda &#8211; 612w<\/p>\n<p>Materi\u0101ls &#8211; t\u0113rauds<\/p>\n<p>Apkures veids &#8211; centr\u0101lapkure<\/p>\n<p>Bez iepakojuma<\/p>\n","protected":false},"excerpt":{"rendered":"<p>ODELL dizaina dvie\u013cu \u017e\u0101v\u0113t\u0101js (Hrom\u0113ts t\u0113rauds) ar izm\u0113riem 320x1635mm, b\u016bs lielisks papildin\u0101jums interesanta dizaina vannasistabai. Izm\u0113ri &#8211; 320x1635mm Jauda &#8211; 612w Materi\u0101ls &#8211; t\u0113rauds Apkures veids &#8211; centr\u0101lapkure Bez iepakojuma<\/p>\n","protected":false},"featured_media":12107,"comment_status":"closed","ping_status":"closed","template":"","meta":{"inline_featured_image":false,"_uf_show_specific_survey":0,"_uf_disable_surveys":false},"product_brand":[],"product_cat":[2439],"product_tag":[435],"class_list":{"0":"post-12106","1":"product","2":"type-product","3":"status-publish","4":"has-post-thumbnail","6":"product_cat-dvielu-zavetaji","7":"product_tag-dvielu-zavetajs","10":"first","11":"outofstock","12":"sale","13":"featured","14":"taxable","15":"shipping-taxable","16":"purchasable","17":"product-type-simple"},"_links":{"self":[{"href":"https:\/\/kraftlager.lv\/ru\/wp-json\/wp\/v2\/product\/12106","targetHints":{"allow":["GET"]}}],"collection":[{"href":"https:\/\/kraftlager.lv\/ru\/wp-json\/wp\/v2\/product"}],"about":[{"href":"https:\/\/kraftlager.lv\/ru\/wp-json\/wp\/v2\/types\/product"}],"replies":[{"embeddable":true,"href":"https:\/\/kraftlager.lv\/ru\/wp-json\/wp\/v2\/comments?post=12106"}],"wp:featuredmedia":[{"embeddable":true,"href":"https:\/\/kraftlager.lv\/ru\/wp-json\/wp\/v2\/media\/12107"}],"wp:attachment":[{"href":"https:\/\/kraftlager.lv\/ru\/wp-json\/wp\/v2\/media?parent=12106"}],"wp:term":[{"taxonomy":"product_brand","embeddable":true,"href":"https:\/\/kraftlager.lv\/ru\/wp-json\/wp\/v2\/product_brand?post=12106"},{"taxonomy":"product_cat","embeddable":true,"href":"https:\/\/kraftlager.lv\/ru\/wp-json\/wp\/v2\/product_cat?post=12106"},{"taxonomy":"product_tag","embeddable":true,"href":"https:\/\/kraftlager.lv\/ru\/wp-json\/wp\/v2\/product_tag?post=12106"}],"curies":[{"name":"wp","href":"https:\/\/api.w.org\/{rel}","templated":true}]}}