{"id":13238,"date":"2021-02-09T14:32:02","date_gmt":"2021-02-09T14:32:02","guid":{"rendered":"https:\/\/kraftlager.lv\/lv\/?post_type=product&#038;p=13238"},"modified":"2024-10-15T15:46:22","modified_gmt":"2024-10-15T15:46:22","slug":"pullman-ermator-s1300c-industriala-puteklusuceja-ire","status":"publish","type":"product","link":"https:\/\/kraftlager.lv\/ru\/products\/pullman-ermator-s1300c-industriala-puteklusuceja-ire\/","title":{"rendered":"PULLMAN ERMATOR S1300C industri\u0101l\u0101 putek\u013cus\u016bc\u0113ja noma"},"content":{"rendered":"<p>PULLMAN ERMATOR S1300C industri\u0101lais putek\u013cus\u016bc\u0113js nopietniem darbiem, ar kuriem citi putek\u013cu s\u016bc\u0113ji netiks gal\u0101. Paredz\u0113ts smalkajiem un lielajiem putek\u013cu sav\u0101k\u0161anas darbiem, t\u0101diem, k\u0101 putek\u013cu sav\u0101k\u0161ana p\u0113c remontdarbiem vai remontdarbu laik\u0101.<\/p>\n<p>Tie, kas sask\u0101ru\u0161ies ar putek\u013ciem remontdarbos, noteikti ir paz\u012bstami ar pa\u0161iem smalk\u0101kajiem putek\u013ciem, putek\u013ci no sienu sl\u012bp\u0113\u0161anas, tie\u0161i tas ir pullman s1300c darb\u012bbas lauci\u0146\u0161, mazie smalkie putek\u013ci. V\u0113l viena putek\u013cu s\u016bc\u0113ja specifika ir t\u0101, ka tam nav putek\u013cu sav\u0101k\u0161anas kaste, bet piestiprin\u0101s maisi\u0146\u0161, kuru izmetam kop\u0101 ar remondarbu putek\u013ciem, tas atvieglo darbu un t\u012br\u012b\u0161anas procesu.<\/p>\n<p>PULLMAN ERMATOR S1300C specifik\u0101cija-<\/p>\n<ul>\n<li>Jauda &#8211; 1200w<\/li>\n<li>Max, gaisa caurlaid\u012bba &#8211; 200m3\/h<\/li>\n<li>Max, ies\u016bk\u0161ana &#8211; 23 kPa<\/li>\n<li>Svars &#8211; 28.kg<\/li>\n<\/ul>\n<p>PULLMAN ERMATOR S1300C nomas izmaksas ( cen\u0101 iek\u013cauts pvn)-<\/p>\n<ul>\n<li>1.diena noma &#8211; 10.00. eiro<\/li>\n<li>1.ned\u0113\u013ca noma &#8211; 45.00 eiro<\/li>\n<li>1.m\u0113nesis\u00a0 noma &#8211; 125.00 eiro<\/li>\n<\/ul>\n","protected":false},"excerpt":{"rendered":"<p>PULLMAN ERMATOR S1300C industri\u0101lais putek\u013cus\u016bc\u0113js nopietniem darbiem, ar kuriem citi putek\u013cu s\u016bc\u0113ji netiks gal\u0101. Paredz\u0113ts smalkajiem un lielajiem putek\u013cu sav\u0101k\u0161anas darbiem, t\u0101diem, k\u0101 putek\u013cu sav\u0101k\u0161ana p\u0113c remontdarbiem vai remontdarbu laik\u0101. Tie, kas sask\u0101ru\u0161ies ar putek\u013ciem remontdarbos, noteikti ir paz\u012bstami ar pa\u0161iem smalk\u0101kajiem putek\u013ciem, putek\u013ci no sienu sl\u012bp\u0113\u0161anas, tie\u0161i tas ir pullman s1300c darb\u012bbas lauci\u0146\u0161, mazie [&hellip;]<\/p>\n","protected":false},"featured_media":13240,"comment_status":"closed","ping_status":"closed","template":"","meta":{"inline_featured_image":false,"_uf_show_specific_survey":0,"_uf_disable_surveys":false},"product_brand":[],"product_cat":[140],"product_tag":[246,208,252],"class_list":{"0":"post-13238","1":"product","2":"type-product","3":"status-publish","4":"has-post-thumbnail","6":"product_cat-noma","7":"product_tag-ire","8":"product_tag-puteklu-sucejs","9":"product_tag-tehnikas-noma","12":"first","13":"outofstock","14":"taxable","15":"shipping-taxable","16":"purchasable","17":"product-type-simple"},"_links":{"self":[{"href":"https:\/\/kraftlager.lv\/ru\/wp-json\/wp\/v2\/product\/13238","targetHints":{"allow":["GET"]}}],"collection":[{"href":"https:\/\/kraftlager.lv\/ru\/wp-json\/wp\/v2\/product"}],"about":[{"href":"https:\/\/kraftlager.lv\/ru\/wp-json\/wp\/v2\/types\/product"}],"replies":[{"embeddable":true,"href":"https:\/\/kraftlager.lv\/ru\/wp-json\/wp\/v2\/comments?post=13238"}],"wp:featuredmedia":[{"embeddable":true,"href":"https:\/\/kraftlager.lv\/ru\/wp-json\/wp\/v2\/media\/13240"}],"wp:attachment":[{"href":"https:\/\/kraftlager.lv\/ru\/wp-json\/wp\/v2\/media?parent=13238"}],"wp:term":[{"taxonomy":"product_brand","embeddable":true,"href":"https:\/\/kraftlager.lv\/ru\/wp-json\/wp\/v2\/product_brand?post=13238"},{"taxonomy":"product_cat","embeddable":true,"href":"https:\/\/kraftlager.lv\/ru\/wp-json\/wp\/v2\/product_cat?post=13238"},{"taxonomy":"product_tag","embeddable":true,"href":"https:\/\/kraftlager.lv\/ru\/wp-json\/wp\/v2\/product_tag?post=13238"}],"curies":[{"name":"wp","href":"https:\/\/api.w.org\/{rel}","templated":true}]}}