{"id":13249,"date":"2021-02-10T13:45:28","date_gmt":"2021-02-10T13:45:28","guid":{"rendered":"https:\/\/kraftlager.lv\/lv\/?post_type=product&#038;p=13249"},"modified":"2024-11-17T12:16:50","modified_gmt":"2024-11-17T12:16:50","slug":"flex-ge-5r-slipmasina-spaktelei-vce-33-mc-puteklusuceja-noma","status":"publish","type":"product","link":"https:\/\/kraftlager.lv\/ru\/products\/flex-ge-5r-slipmasina-spaktelei-vce-33-mc-puteklusuceja-noma\/","title":{"rendered":"FLEX GE 5R sl\u012bpma\u0161\u012bna \u0161paktelei + VCE 33 MC putek\u013cus\u016bc\u0113ja noma"},"content":{"rendered":"<p>Remonta darbiem jau ejot uz beig\u0101m, vienm\u0113r visnepat\u012bkam\u0101ko processu sag\u0101d\u0101 \u0161pakteles sl\u012bp\u0113\u0161anas, \u0161is darbs aiz\u0146em pietieko\u0161i daudz laika bet pats nepat\u012bkam\u0101kais ir putek\u013ci, it \u012bpa\u0161i ja j\u0101sl\u012bp\u0113 griesti. Ide\u0101ls risin\u0101jums b\u016bs FLEX \u0161pakteles sl\u012bpma\u0161\u012bnas noma, \u0161\u0101di ietaup\u012bsim gan laiku, gan nepat\u012bkam\u0101s emocijas.<\/p>\n<p>\u0160paktele ir j\u0101nosl\u012bp\u0113 perfekti, bez robiem un \u0161v\u012bk\u0101m, it \u012bpa\u0161i ja sienas un griesti tiks kr\u0101soti, t\u0101d\u0113\u013c sl\u012bpma\u0161\u012bnai j\u0101b\u016bt profesion\u0101l\u0101s s\u0113rijas kas \u0161o darbu paveic perfekti. FLEX GE 5R s\u0113rijas sl\u012bpma\u0161\u012bna ir veidota ar regonomisku rokturi, kas izl\u012bdzina spiedienu uz virsmas , t\u0101pat neizdarot spiedienu uz darbu veic\u0113ju, saudz\u0113jot muguru.<\/p>\n<p>Liela noz\u012bm\u0113 darbu veik\u0161anas proces\u0101 ir putek\u013cu sav\u0101k\u0161anas sist\u0113mai &#8211; putek\u013cus\u016bc\u0113jam, tam j\u0101nodro\u0161ina pietieko\u0161a jauda, taj\u0101 pat laik\u0101 j\u0101sp\u0113j sav\u0101kt visi smalkie putek\u013ci. FLEX VCE MC ir profesion\u0101l\u0101s s\u0113rijas putek\u013cus\u016bc\u0113js kas ar \u0161o darbu lieliski tiks gal\u0101, uztverot visus smalkos putek\u013cus, nodro\u0161inot darba vietu t\u012bru, pat \u0161\u0101d\u0101 darb\u0101, k\u0101 \u0161pakteles sl\u012bp\u0113\u0161ana.<\/p>\n<p>Profesion\u0101la tehnika maks\u0101 d\u0101rgi, savuk\u0101rt amatieru instrumenti bie\u017ei pievi\u013c un da\u017ereiz ar tiem pat ir liel\u0101kas galvas\u0101pes, k\u0101 vienk\u0101r\u0161i sl\u012bp\u0113jot \u0161pakteli ar roku, tie\u0161i t\u0101d\u0113\u013c izdev\u012bg\u0101kais variants ir \u0161pakteles sl\u012bpma\u0161\u012bnas noma, it \u012bpa\u0161i ja mums \u0161\u012b ier\u012bce b\u016bs nepiecie\u0161ama tikai vienu vai p\u0101ris reizes.<\/p>\n<p><strong>KRAFTLAGER<\/strong> \u0161pakteles sl\u012bpma\u0161\u012bnas nomas komplekt\u0101 ietilpst <strong>FLEX GE 5R<\/strong> \u0161pakteles sl\u012bpma\u0161\u012bna + <strong>FLEX VCE 33 MC<\/strong> putek\u013cus\u016bc\u0113js (putek\u013cus\u016bc\u0113ja maisi, sl\u012bpma\u0161\u012bnas sl\u012bpdiski neietiplst nomas komplekta cen\u0101).<\/p>\n<p><strong>FLEX GE 5R<\/strong> \u0161pakteles sl\u012bpma\u0161\u012bnas specifik\u0101cija &#8211;<\/p>\n<ul>\n<li class=\"tabs__contentListItem clr \"><span class=\"tabs__attribute tabs__attribute--left\">Power input <\/span><span class=\"tabs__attribute tabs__attribute--right\">500 watt<\/span><\/li>\n<li class=\"tabs__contentListItem clr tabs__contentListItem--grey\"><span class=\"tabs__attribute tabs__attribute--left\">Power output <\/span><span class=\"tabs__attribute tabs__attribute--right\">270 watt<\/span><\/li>\n<li class=\"tabs__contentListItem clr \"><span class=\"tabs__attribute tabs__attribute--left\">No load speed <\/span><span class=\"tabs__attribute tabs__attribute--right\">1100-1650 rpm<\/span><\/li>\n<li class=\"tabs__contentListItem clr tabs__contentListItem--grey\"><span class=\"tabs__attribute tabs__attribute--left\">Sanding disc \u00d8<\/span><span class=\"tabs__attribute tabs__attribute--right\">225 mm<\/span><\/li>\n<li class=\"tabs__contentListItem clr \"><span class=\"tabs__attribute tabs__attribute--left\">Tool fixture<\/span><span class=\"tabs__attribute tabs__attribute--right\">velcro<\/span><\/li>\n<li class=\"tabs__contentListItem clr tabs__contentListItem--grey\"><span class=\"tabs__attribute tabs__attribute--left\">Tilt angle on the head <\/span><span class=\"tabs__attribute tabs__attribute--right\">100 \u00b0<\/span><\/li>\n<li class=\"tabs__contentListItem clr \"><span class=\"tabs__attribute tabs__attribute--left\">Cable length <\/span><span class=\"tabs__attribute tabs__attribute--right\">5,0 m<\/span><\/li>\n<li class=\"tabs__contentListItem clr tabs__contentListItem--grey\"><span class=\"tabs__attribute tabs__attribute--left\">Length <\/span><span class=\"tabs__attribute tabs__attribute--right\">1520 mm<\/span><\/li>\n<li class=\"tabs__contentListItem clr \"><span class=\"tabs__attribute tabs__attribute--left\">Weight <\/span><span class=\"tabs__attribute tabs__attribute--right\">3,9 kg<\/span><\/li>\n<\/ul>\n<p><strong>FLEX VCE 33 MC<\/strong> putek\u013cus\u016bc\u0113ja specifik\u0101cija &#8211;<\/p>\n<table border=\"0\" cellspacing=\"0\" cellpadding=\"0\">\n<tbody>\n<tr>\n<td class=\"xl65\" width=\"157\" height=\"21\">SKU<\/td>\n<td class=\"xl66\" width=\"186\">444.103<\/td>\n<\/tr>\n<tr>\n<td class=\"xl67\" width=\"157\" height=\"21\">Power input P. max.<\/td>\n<td class=\"xl68\" width=\"186\">1400 watt<\/td>\n<\/tr>\n<tr>\n<td class=\"xl67\" width=\"157\" height=\"21\">Max. volume flow<\/td>\n<td class=\"xl68\" width=\"186\">4500 l\/min<\/td>\n<\/tr>\n<tr>\n<td class=\"xl67\" width=\"157\" height=\"21\">Max. vacuum<\/td>\n<td class=\"xl68\" width=\"186\">25000 Pa<\/td>\n<\/tr>\n<tr>\n<td class=\"xl67\" width=\"157\" height=\"21\">Filter surface<\/td>\n<td class=\"xl68\" width=\"186\">5000 cm\u00b2<\/td>\n<\/tr>\n<tr>\n<td class=\"xl67\" width=\"157\" height=\"21\">Container volume<\/td>\n<td class=\"xl68\" width=\"186\">30 Liter<\/td>\n<\/tr>\n<tr>\n<td class=\"xl67\" width=\"157\" height=\"21\">Liquid capacity<\/td>\n<td class=\"xl68\" width=\"186\">17 Liter<\/td>\n<\/tr>\n<tr>\n<td class=\"xl67\" width=\"157\" height=\"21\">Power take off<\/td>\n<td class=\"xl68\" width=\"186\">100-2400 watt<\/td>\n<\/tr>\n<tr>\n<td class=\"xl67\" width=\"157\" height=\"21\">Size ( W x L x H)<\/td>\n<td class=\"xl68\" width=\"186\">565mm x 385mm x 520mm<\/td>\n<\/tr>\n<tr>\n<td class=\"xl67\" width=\"157\" height=\"21\">Cable length<\/td>\n<td class=\"xl68\" width=\"186\">7,5 meter<\/td>\n<\/tr>\n<tr>\n<td class=\"xl67\" width=\"157\" height=\"21\">Weight<\/td>\n<td class=\"xl68\" width=\"186\">8,4 meter<\/td>\n<\/tr>\n<tr>\n<td class=\"xl67\" width=\"157\" height=\"21\">WEEE \u2013 Number<\/td>\n<td class=\"xl68\" width=\"186\">DE10180300<\/td>\n<\/tr>\n<\/tbody>\n<\/table>\n<p>FLEX \u0161pakteles sl\u012bp\u0113\u0161anas komplekta nomas izmaksas (cen\u0101 iek\u013cauts PVN)<\/p>\n<ul>\n<li>1.diena nomas izmaksas &#8211; 28.00 eiro<\/li>\n<li>1. ned\u0113\u013cas nomas izmaksas &#8211; 130.00 eiro<\/li>\n<li>1. m\u0113ne\u0161a nomas izmaksas &#8211; 390.00 eiro<\/li>\n<\/ul>\n<p>&nbsp;<\/p>\n","protected":false},"excerpt":{"rendered":"<p>Remonta darbiem jau ejot uz beig\u0101m, vienm\u0113r visnepat\u012bkam\u0101ko processu sag\u0101d\u0101 \u0161pakteles sl\u012bp\u0113\u0161anas, \u0161is darbs aiz\u0146em pietieko\u0161i daudz laika bet pats nepat\u012bkam\u0101kais ir putek\u013ci, it \u012bpa\u0161i ja j\u0101sl\u012bp\u0113 griesti. Ide\u0101ls risin\u0101jums b\u016bs FLEX \u0161pakteles sl\u012bpma\u0161\u012bnas noma, \u0161\u0101di ietaup\u012bsim gan laiku, gan nepat\u012bkam\u0101s emocijas. \u0160paktele ir j\u0101nosl\u012bp\u0113 perfekti, bez robiem un \u0161v\u012bk\u0101m, it \u012bpa\u0161i ja sienas un [&hellip;]<\/p>\n","protected":false},"featured_media":13252,"comment_status":"closed","ping_status":"closed","template":"","meta":{"inline_featured_image":false,"_uf_show_specific_survey":0,"_uf_disable_surveys":false},"product_brand":[],"product_cat":[140],"product_tag":[246,254,252],"class_list":{"0":"post-13249","1":"product","2":"type-product","3":"status-publish","4":"has-post-thumbnail","6":"product_cat-noma","7":"product_tag-ire","8":"product_tag-spakteles-slipmasina","9":"product_tag-tehnikas-noma","12":"first","13":"instock","14":"taxable","15":"shipping-taxable","16":"purchasable","17":"product-type-simple"},"_links":{"self":[{"href":"https:\/\/kraftlager.lv\/ru\/wp-json\/wp\/v2\/product\/13249","targetHints":{"allow":["GET"]}}],"collection":[{"href":"https:\/\/kraftlager.lv\/ru\/wp-json\/wp\/v2\/product"}],"about":[{"href":"https:\/\/kraftlager.lv\/ru\/wp-json\/wp\/v2\/types\/product"}],"replies":[{"embeddable":true,"href":"https:\/\/kraftlager.lv\/ru\/wp-json\/wp\/v2\/comments?post=13249"}],"wp:featuredmedia":[{"embeddable":true,"href":"https:\/\/kraftlager.lv\/ru\/wp-json\/wp\/v2\/media\/13252"}],"wp:attachment":[{"href":"https:\/\/kraftlager.lv\/ru\/wp-json\/wp\/v2\/media?parent=13249"}],"wp:term":[{"taxonomy":"product_brand","embeddable":true,"href":"https:\/\/kraftlager.lv\/ru\/wp-json\/wp\/v2\/product_brand?post=13249"},{"taxonomy":"product_cat","embeddable":true,"href":"https:\/\/kraftlager.lv\/ru\/wp-json\/wp\/v2\/product_cat?post=13249"},{"taxonomy":"product_tag","embeddable":true,"href":"https:\/\/kraftlager.lv\/ru\/wp-json\/wp\/v2\/product_tag?post=13249"}],"curies":[{"name":"wp","href":"https:\/\/api.w.org\/{rel}","templated":true}]}}