{"id":13267,"date":"2021-02-10T15:03:33","date_gmt":"2021-02-10T15:03:33","guid":{"rendered":"https:\/\/kraftlager.lv\/lv\/?post_type=product&#038;p=13267"},"modified":"2023-06-01T10:41:17","modified_gmt":"2023-06-01T10:41:17","slug":"handy-thlc-29142-bliete-56kg-noma","status":"publish","type":"product","link":"https:\/\/kraftlager.lv\/ru\/products\/handy-thlc-29142-bliete-56kg-noma\/","title":{"rendered":"HANDY THLC 29142 bliete 56kg noma"},"content":{"rendered":"<p>HANDY THLC bliete maziem darbiem &#8211; piem\u0101jas celi\u0146iem, iek\u0161telpu gr\u012bdai. Bez blietes m\u0101jas b\u016bvdarbos neiztikt, jo no pamatnes sagatavo\u0161anas atkar\u012bgs gala rezult\u0101ts.<\/p>\n<p>HANDY THLC 29142 blietes specifik\u0101cija &#8211;<\/p>\n<ul>\n<li>Engine: 4-stroke 5.5hp Loncin OHV, 163cc, Petrol<br \/>\nRecoil Start<br \/>\nDrive: Twin V-Belt via centrifugal clutch<br \/>\nCentrifugal Force: 11000N<br \/>\nPlate Size: 530mm x 370mm<br \/>\nTank Size: 3 Litres<br \/>\nRun Time: 3 hours<br \/>\nCompaction Force: 1121kg<br \/>\nCompaction Depth: 250mm<br \/>\nMaximum Gradient: 20 degrees<br \/>\nTravelling Speed: 25m \/ min<br \/>\nWeight: 55.9kg<\/li>\n<\/ul>\n<p>HANDY THLC 29142 nomas maksas izcenojumi (cen\u0101 iek\u013cauts PVN)<\/p>\n<ul>\n<li>1.diena noma &#8211; 10.00 eiro<\/li>\n<li>1.ned\u0113\u013ca noma &#8211; 45.00 eiro<\/li>\n<li>1.m\u0113nesis noma &#8211; 135.00 eiro<\/li>\n<\/ul>\n","protected":false},"excerpt":{"rendered":"<p>HANDY THLC bliete maziem darbiem &#8211; piem\u0101jas celi\u0146iem, iek\u0161telpu gr\u012bdai. Bez blietes m\u0101jas b\u016bvdarbos neiztikt, jo no pamatnes sagatavo\u0161anas atkar\u012bgs gala rezult\u0101ts. HANDY THLC 29142 blietes specifik\u0101cija &#8211; Engine: 4-stroke 5.5hp Loncin OHV, 163cc, Petrol Recoil Start Drive: Twin V-Belt via centrifugal clutch Centrifugal Force: 11000N Plate Size: 530mm x 370mm Tank Size: 3 Litres [&hellip;]<\/p>\n","protected":false},"featured_media":13268,"comment_status":"closed","ping_status":"closed","template":"","meta":{"inline_featured_image":false,"_uf_show_specific_survey":0,"_uf_disable_surveys":false},"product_brand":[],"product_cat":[140],"product_tag":[256,246,252],"class_list":{"0":"post-13267","1":"product","2":"type-product","3":"status-publish","4":"has-post-thumbnail","6":"product_cat-noma","7":"product_tag-bliete","8":"product_tag-ire","9":"product_tag-tehnikas-noma","12":"first","13":"instock","14":"taxable","15":"shipping-taxable","16":"purchasable","17":"product-type-simple"},"_links":{"self":[{"href":"https:\/\/kraftlager.lv\/ru\/wp-json\/wp\/v2\/product\/13267","targetHints":{"allow":["GET"]}}],"collection":[{"href":"https:\/\/kraftlager.lv\/ru\/wp-json\/wp\/v2\/product"}],"about":[{"href":"https:\/\/kraftlager.lv\/ru\/wp-json\/wp\/v2\/types\/product"}],"replies":[{"embeddable":true,"href":"https:\/\/kraftlager.lv\/ru\/wp-json\/wp\/v2\/comments?post=13267"}],"wp:featuredmedia":[{"embeddable":true,"href":"https:\/\/kraftlager.lv\/ru\/wp-json\/wp\/v2\/media\/13268"}],"wp:attachment":[{"href":"https:\/\/kraftlager.lv\/ru\/wp-json\/wp\/v2\/media?parent=13267"}],"wp:term":[{"taxonomy":"product_brand","embeddable":true,"href":"https:\/\/kraftlager.lv\/ru\/wp-json\/wp\/v2\/product_brand?post=13267"},{"taxonomy":"product_cat","embeddable":true,"href":"https:\/\/kraftlager.lv\/ru\/wp-json\/wp\/v2\/product_cat?post=13267"},{"taxonomy":"product_tag","embeddable":true,"href":"https:\/\/kraftlager.lv\/ru\/wp-json\/wp\/v2\/product_tag?post=13267"}],"curies":[{"name":"wp","href":"https:\/\/api.w.org\/{rel}","templated":true}]}}