{"id":15746,"date":"2021-08-20T09:00:51","date_gmt":"2021-08-20T09:00:51","guid":{"rendered":"https:\/\/kraftlager.lv\/lv\/?post_type=product&#038;p=15746"},"modified":"2024-07-10T15:52:34","modified_gmt":"2024-07-10T15:52:34","slug":"kudox-5060235348617-dvielu-radiators","status":"publish","type":"product","link":"https:\/\/kraftlager.lv\/ru\/products\/kudox-5060235348617-dvielu-radiators\/","title":{"rendered":"Kudox  dvie\u013cu radiators 500mm x 800mm"},"content":{"rendered":"<p>Kudox premium dvie\u013cu radiators 500mm x 800mm<\/p>\n<pre id=\"tw-target-text\" class=\"tw-data-text tw-text-large tw-ta\" dir=\"ltr\" data-placeholder=\"Translation\"><span class=\"Y2IQFc\" lang=\"lv\">Tehniskas deta\u013cas\r\nRa\u017eot\u0101js \u200eKudox\r\nProdukta izm\u0113ri \u200e104 x 500 x 800 cm; 7,4 kilogrami\r\nIzm\u0113rs 500mm x 800mm\r\nKr\u0101sa hrom\u0113ta\r\nIek\u013cautie komponenti \u200eDvie\u013cu \u017e\u0101v\u0113t\u0101js; Kron\u0161teinu komplekts\r\nPreces svars \u200e7,4 kg<\/span><\/pre>\n","protected":false},"excerpt":{"rendered":"<p>Kudox premium dvie\u013cu radiators 500mm x 800mm Tehniskas deta\u013cas Ra\u017eot\u0101js \u200eKudox Produkta izm\u0113ri \u200e104 x 500 x 800 cm; 7,4 kilogrami Izm\u0113rs 500mm x 800mm Kr\u0101sa hrom\u0113ta Iek\u013cautie komponenti \u200eDvie\u013cu \u017e\u0101v\u0113t\u0101js; Kron\u0161teinu komplekts Preces svars \u200e7,4 kg<\/p>\n","protected":false},"featured_media":15749,"comment_status":"closed","ping_status":"closed","template":"","meta":{"inline_featured_image":false,"_uf_show_specific_survey":0,"_uf_disable_surveys":false},"product_brand":[],"product_cat":[2439],"product_tag":[149,249],"class_list":{"0":"post-15746","1":"product","2":"type-product","3":"status-publish","4":"has-post-thumbnail","6":"product_cat-dvielu-zavetaji","7":"product_tag-b-klase","8":"product_tag-radiators","11":"first","12":"outofstock","13":"sale","14":"taxable","15":"shipping-taxable","16":"purchasable","17":"product-type-simple"},"_links":{"self":[{"href":"https:\/\/kraftlager.lv\/ru\/wp-json\/wp\/v2\/product\/15746","targetHints":{"allow":["GET"]}}],"collection":[{"href":"https:\/\/kraftlager.lv\/ru\/wp-json\/wp\/v2\/product"}],"about":[{"href":"https:\/\/kraftlager.lv\/ru\/wp-json\/wp\/v2\/types\/product"}],"replies":[{"embeddable":true,"href":"https:\/\/kraftlager.lv\/ru\/wp-json\/wp\/v2\/comments?post=15746"}],"wp:featuredmedia":[{"embeddable":true,"href":"https:\/\/kraftlager.lv\/ru\/wp-json\/wp\/v2\/media\/15749"}],"wp:attachment":[{"href":"https:\/\/kraftlager.lv\/ru\/wp-json\/wp\/v2\/media?parent=15746"}],"wp:term":[{"taxonomy":"product_brand","embeddable":true,"href":"https:\/\/kraftlager.lv\/ru\/wp-json\/wp\/v2\/product_brand?post=15746"},{"taxonomy":"product_cat","embeddable":true,"href":"https:\/\/kraftlager.lv\/ru\/wp-json\/wp\/v2\/product_cat?post=15746"},{"taxonomy":"product_tag","embeddable":true,"href":"https:\/\/kraftlager.lv\/ru\/wp-json\/wp\/v2\/product_tag?post=15746"}],"curies":[{"name":"wp","href":"https:\/\/api.w.org\/{rel}","templated":true}]}}