{"id":16671,"date":"2022-02-12T12:02:46","date_gmt":"2022-02-12T12:02:46","guid":{"rendered":"https:\/\/kraftlager.lv\/lv\/?post_type=product&#038;p=16671"},"modified":"2024-08-06T15:12:58","modified_gmt":"2024-08-06T15:12:58","slug":"acova-2","status":"publish","type":"product","link":"https:\/\/kraftlager.lv\/ru\/products\/acova-2\/","title":{"rendered":"Acova 2 kolonnu dizaina radiators (Balts) 600 x 1042mm"},"content":{"rendered":"<p><strong>Acova 2 kolonnu dizaina radiators (Balts) 600 x 1042mm<\/strong><\/p>\n<p>Acova Classic Column radiators ir m\u016b\u017e\u012bgs klasisks dizains, kas ir ide\u0101li piem\u0113rots gan laikmet\u012bgam, gan m\u016bsdien\u012bgam interjeram. Vienl\u012bdz m\u0101j\u0101s modern\u0101 vid\u0113 vai tradicion\u0101l\u0101s m\u0101j\u0101s. Acova Classic ir t\u0113rauda cauru\u013cveida kolonnas, kas patie\u0161\u0101m pie\u0161\u0137ir radiatoram tradicion\u0101lu, ta\u010du pievilc\u012bgu izskatu. \u0160is modelis ir balt\u0101 kr\u0101s\u0101, lai nodro\u0161in\u0101tu senatn\u012bgu un t\u012bru izskatu.<\/p>\n<p>Tam ir skaists, augstas kvalit\u0101tes epoks\u012bda kr\u0101sas p\u0101rkl\u0101jums<br \/>\nIzgatavots no t\u0113rauda un metin\u0101ts ar l\u0101zeru, lai izveidotu perfektu bez\u0161uvju apdari<\/p>\n<p>Galven\u0101 dizaina radiatoru at\u0161\u0137ir\u012bba, starp standarta radiatoru ir t\u0101 vienm\u0113r\u012bg\u0101 siltumatdeve, nesadedzinot telpas gaisu (siltum\u016bra princips).<\/p>\n<p>Dizaina radiatorus Acova iesp\u0113jams ar\u012b pas\u016bt\u012bt p\u0113c v\u0113lam\u0101s kr\u0101sas +30% pie cenas( gaid\u012b\u0161anas laiks 2 ned\u0113\u013cas).<\/p>\n<pre id=\"tw-target-text\" class=\"tw-data-text tw-text-large tw-ta\" dir=\"ltr\" data-placeholder=\"Translation\"><span class=\"Y2IQFc\" lang=\"lv\">Maks. Darba spiediens 10 bar\r\nMaks. Darba temperat\u016bra 110 \u00b0C\r\nOrient\u0101cija Horizont\u0101li\r\nIepakojuma izm\u0113rs 1\r\nkr\u0101sa Balta\r\nGabali iepakojum\u0101\/1. \r\nIzejas jauda (vati\/kw) - 50 \u00b0C 997 W\r\nProdukta augstums 600 mm\r\nProdukta veids Radiators\r\nProdukta platums 1042 mm\r\nIek\u013cauti radiatora piederumi, kron\u0161teini, atgaiso\u0161anas v\u0101rsts un spraudnis\r\nRadiatora kr\u0101sa Balta\r\nRadiatora augstuma josla 600-799 mm\r\nRadiatora orient\u0101cija Horizont\u0101li uzst\u0101d\u012bta\r\nRadiatora platuma josla 901-1200mm\r\nPiem\u0113rota sist\u0113ma, kas piem\u0113rota centr\u0101l\u0101s apkures sist\u0113m\u0101m\r\nTesta spiediens 15 bar\r\nKop\u0113jais produkta svars 22,0 kg<\/span><\/pre>\n<p>&nbsp;<\/p>\n","protected":false},"excerpt":{"rendered":"<p>Acova 2 kolonnu dizaina radiators (Balts) 600 x 1042mm Acova Classic Column radiators ir m\u016b\u017e\u012bgs klasisks dizains, kas ir ide\u0101li piem\u0113rots gan laikmet\u012bgam, gan m\u016bsdien\u012bgam interjeram. Vienl\u012bdz m\u0101j\u0101s modern\u0101 vid\u0113 vai tradicion\u0101l\u0101s m\u0101j\u0101s. Acova Classic ir t\u0113rauda cauru\u013cveida kolonnas, kas patie\u0161\u0101m pie\u0161\u0137ir radiatoram tradicion\u0101lu, ta\u010du pievilc\u012bgu izskatu. \u0160is modelis ir balt\u0101 kr\u0101s\u0101, lai nodro\u0161in\u0101tu senatn\u012bgu [&hellip;]<\/p>\n","protected":false},"featured_media":16672,"comment_status":"closed","ping_status":"closed","template":"","meta":{"inline_featured_image":false,"_uf_show_specific_survey":0,"_uf_disable_surveys":false},"product_brand":[],"product_cat":[128],"product_tag":[149,473,452,404,472,249],"class_list":{"0":"post-16671","1":"product","2":"type-product","3":"status-publish","4":"has-post-thumbnail","6":"product_cat-radiatori","7":"product_tag-b-klase","8":"product_tag-cuguna-radiators","9":"product_tag-cuguna-tipa-dizaina-radiators","10":"product_tag-dizaina-radiators","11":"product_tag-kolonnu-radiators","12":"product_tag-radiators","15":"first","16":"outofstock","17":"sale","18":"taxable","19":"shipping-taxable","20":"purchasable","21":"product-type-simple"},"_links":{"self":[{"href":"https:\/\/kraftlager.lv\/ru\/wp-json\/wp\/v2\/product\/16671","targetHints":{"allow":["GET"]}}],"collection":[{"href":"https:\/\/kraftlager.lv\/ru\/wp-json\/wp\/v2\/product"}],"about":[{"href":"https:\/\/kraftlager.lv\/ru\/wp-json\/wp\/v2\/types\/product"}],"replies":[{"embeddable":true,"href":"https:\/\/kraftlager.lv\/ru\/wp-json\/wp\/v2\/comments?post=16671"}],"wp:featuredmedia":[{"embeddable":true,"href":"https:\/\/kraftlager.lv\/ru\/wp-json\/wp\/v2\/media\/16672"}],"wp:attachment":[{"href":"https:\/\/kraftlager.lv\/ru\/wp-json\/wp\/v2\/media?parent=16671"}],"wp:term":[{"taxonomy":"product_brand","embeddable":true,"href":"https:\/\/kraftlager.lv\/ru\/wp-json\/wp\/v2\/product_brand?post=16671"},{"taxonomy":"product_cat","embeddable":true,"href":"https:\/\/kraftlager.lv\/ru\/wp-json\/wp\/v2\/product_cat?post=16671"},{"taxonomy":"product_tag","embeddable":true,"href":"https:\/\/kraftlager.lv\/ru\/wp-json\/wp\/v2\/product_tag?post=16671"}],"curies":[{"name":"wp","href":"https:\/\/api.w.org\/{rel}","templated":true}]}}