{"id":17148,"date":"2022-04-20T13:42:05","date_gmt":"2022-04-20T13:42:05","guid":{"rendered":"https:\/\/kraftlager.lv\/lv\/?post_type=product&#038;p=17148"},"modified":"2024-08-06T15:18:41","modified_gmt":"2024-08-06T15:18:41","slug":"acova-4-kolonu-radiators-300x628mm-grafita-matets","status":"publish","type":"product","link":"https:\/\/kraftlager.lv\/ru\/products\/acova-4-kolonu-radiators-300x628mm-grafita-matets\/","title":{"rendered":"Acova 4 Kolonu Radiators 300x812mm (Graf\u012bta\/Mat\u0113ts)."},"content":{"rendered":"<p>Acova 4 Kollonu Radiators 300x812mm (Graf\u012bta\/Mat\u0113ts).<\/p>\n<p>Acova Classic Column radiators ir m\u016b\u017e\u012bgs klasisks dizains, kas ir ide\u0101li piem\u0113rots gan laikmet\u012bgam, gan m\u016bsdien\u012bgam interjeram. Vienl\u012bdz m\u0101j\u0101s modern\u0101 vid\u0113 vai tradicion\u0101l\u0101s m\u0101j\u0101s. Acova Classic ir t\u0113rauda cauru\u013cveida kolonnas, kas patie\u0161\u0101m pie\u0161\u0137ir radiatoram tradicion\u0101lu, ta\u010du pievilc\u012bgu izskatu. \u0160is modelis ir graf\u012bta kr\u0101s\u0101, lai nodro\u0161in\u0101tu senatn\u012bgu un t\u012bru izskatu.<\/p>\n<p>Tam ir skaists, augstas kvalit\u0101tes epoks\u012bda kr\u0101sas p\u0101rkl\u0101jums<br \/>\nIzgatavots no t\u0113rauda un metin\u0101ts ar l\u0101zeru, lai izveidotu perfektu bez\u0161uvju apdari<\/p>\n<p>Galven\u0101 dizaina radiatoru at\u0161\u0137ir\u012bba, starp standarta radiatoru ir t\u0101 vienm\u0113r\u012bg\u0101 siltumatdeve, nesadedzinot telpas gaisu (siltum\u016bra princips).<\/p>\n<p>Radiatora komplekt\u0101 iek\u013cauti stiprin\u0101jumi pie sienas.<\/p>\n","protected":false},"excerpt":{"rendered":"<p>Acova 4 Kollonu Radiators 300x812mm (Graf\u012bta\/Mat\u0113ts). Acova Classic Column radiators ir m\u016b\u017e\u012bgs klasisks dizains, kas ir ide\u0101li piem\u0113rots gan laikmet\u012bgam, gan m\u016bsdien\u012bgam interjeram. Vienl\u012bdz m\u0101j\u0101s modern\u0101 vid\u0113 vai tradicion\u0101l\u0101s m\u0101j\u0101s. Acova Classic ir t\u0113rauda cauru\u013cveida kolonnas, kas patie\u0161\u0101m pie\u0161\u0137ir radiatoram tradicion\u0101lu, ta\u010du pievilc\u012bgu izskatu. \u0160is modelis ir graf\u012bta kr\u0101s\u0101, lai nodro\u0161in\u0101tu senatn\u012bgu un t\u012bru izskatu. [&hellip;]<\/p>\n","protected":false},"featured_media":17149,"comment_status":"closed","ping_status":"closed","template":"","meta":{"inline_featured_image":false,"_uf_show_specific_survey":0,"_uf_disable_surveys":false},"product_brand":[],"product_cat":[128],"product_tag":[551,552,553,456],"class_list":{"0":"post-17148","1":"product","2":"type-product","3":"status-publish","4":"has-post-thumbnail","6":"product_cat-radiatori","7":"product_tag-gridas-radiators-melns","8":"product_tag-kur-oirjt-melnu-radiatoru","9":"product_tag-melni-radiatori-salidzini","10":"product_tag-melns-radiators-cena","13":"first","14":"outofstock","15":"sale","16":"taxable","17":"shipping-taxable","18":"purchasable","19":"product-type-simple"},"_links":{"self":[{"href":"https:\/\/kraftlager.lv\/ru\/wp-json\/wp\/v2\/product\/17148","targetHints":{"allow":["GET"]}}],"collection":[{"href":"https:\/\/kraftlager.lv\/ru\/wp-json\/wp\/v2\/product"}],"about":[{"href":"https:\/\/kraftlager.lv\/ru\/wp-json\/wp\/v2\/types\/product"}],"replies":[{"embeddable":true,"href":"https:\/\/kraftlager.lv\/ru\/wp-json\/wp\/v2\/comments?post=17148"}],"wp:featuredmedia":[{"embeddable":true,"href":"https:\/\/kraftlager.lv\/ru\/wp-json\/wp\/v2\/media\/17149"}],"wp:attachment":[{"href":"https:\/\/kraftlager.lv\/ru\/wp-json\/wp\/v2\/media?parent=17148"}],"wp:term":[{"taxonomy":"product_brand","embeddable":true,"href":"https:\/\/kraftlager.lv\/ru\/wp-json\/wp\/v2\/product_brand?post=17148"},{"taxonomy":"product_cat","embeddable":true,"href":"https:\/\/kraftlager.lv\/ru\/wp-json\/wp\/v2\/product_cat?post=17148"},{"taxonomy":"product_tag","embeddable":true,"href":"https:\/\/kraftlager.lv\/ru\/wp-json\/wp\/v2\/product_tag?post=17148"}],"curies":[{"name":"wp","href":"https:\/\/api.w.org\/{rel}","templated":true}]}}