{"id":17174,"date":"2022-04-22T11:14:40","date_gmt":"2022-04-22T11:14:40","guid":{"rendered":"https:\/\/kraftlager.lv\/lv\/?post_type=product&#038;p=17174"},"modified":"2024-08-06T15:19:58","modified_gmt":"2024-08-06T15:19:58","slug":"acova-3-kollonu-radiators-300x812mm-krasa-grafita-tornado","status":"publish","type":"product","link":"https:\/\/kraftlager.lv\/ru\/products\/acova-3-kollonu-radiators-300x812mm-krasa-grafita-tornado\/","title":{"rendered":"Acova 4 Kolonnu Radiators 300x1042mm (Graf\u012bta\/Mat\u0113ts)"},"content":{"rendered":"<p>Acova 4 Kolonnu Radiators 300x1042mm (Graf\u012bta\/Mat\u0113ts)<\/p>\n<p>Acova Classic Column radiators ir m\u016b\u017e\u012bgs klasisks dizains, kas ir ide\u0101li piem\u0113rots gan laikmet\u012bgam, gan m\u016bsdien\u012bgam interjeram. Vienl\u012bdz m\u0101j\u0101s modern\u0101 vid\u0113 vai tradicion\u0101l\u0101s m\u0101j\u0101s. Acova Classic ir t\u0113rauda cauru\u013cveida kolonnas, kas patie\u0161\u0101m pie\u0161\u0137ir radiatoram tradicion\u0101lu, ta\u010du pievilc\u012bgu izskatu. \u0160is modelis ir graf\u012bta kr\u0101s\u0101, lai nodro\u0161in\u0101tu senatn\u012bgu un t\u012bru izskatu.<\/p>\n<p>Tam ir skaists, augstas kvalit\u0101tes epoks\u012bda kr\u0101sas p\u0101rkl\u0101jums<br \/>\nIzgatavots no t\u0113rauda un metin\u0101ts ar l\u0101zeru, lai izveidotu perfektu bez\u0161uvju apdari<\/p>\n<p>Galven\u0101 dizaina radiatoru at\u0161\u0137ir\u012bba, starp standarta radiatoru ir t\u0101 vienm\u0113r\u012bg\u0101 siltumatdeve, nesadedzinot telpas gaisu (siltum\u016bra princips).<\/p>\n<p>Radiatora komplekt\u0101 iek\u013cauti stiprin\u0101jumi pie sienas.<\/p>\n<pre id=\"tw-target-text\" class=\"tw-data-text tw-text-large tw-ta\" dir=\"ltr\" data-placeholder=\"Translation\"><span class=\"Y2IQFc\" lang=\"lv\">E Standarts (P\u0101rbaud\u012bts atbilsto\u0161i EN...) EN 442.\r\nB\u016bvmateri\u0101ls (santehnika) T\u0113rauds\r\nDelta T Delta T50\u00b0C\r\n\r\nMaks. Darba spiediens 10 bar\r\nMaks. Darba temperat\u016bra 120 \u00b0C\r\nMode\u013ca nosaukums Klasisks\r\n4. ailes nr\r\nOrient\u0101cija Horizont\u0101li\r\nIepakojuma izm\u0113rs 1\r\n\r\nGabali iepakojum\u0101\/1. futr\u0101l\u012b\r\nIzejas jauda (vati\/kw) 929 W\r\nProdukta augstums 300 mm\r\nProdukta veids Radiators\r\nProdukta platums 1042 mm\r\nIek\u013cauti radiatora piederumi, kron\u0161teini, atgaiso\u0161anas v\u0101rsts un spraudnis\r\n\r\nPiem\u0113rota sist\u0113ma, kas piem\u0113rota centr\u0101l\u0101s apkures sist\u0113m\u0101m\r\nTesta spiediens 15 bar\r\nKop\u0113jais produkta svars 22,0 kg<\/span><\/pre>\n","protected":false},"excerpt":{"rendered":"<p>Acova 4 Kolonnu Radiators 300x1042mm (Graf\u012bta\/Mat\u0113ts) Acova Classic Column radiators ir m\u016b\u017e\u012bgs klasisks dizains, kas ir ide\u0101li piem\u0113rots gan laikmet\u012bgam, gan m\u016bsdien\u012bgam interjeram. Vienl\u012bdz m\u0101j\u0101s modern\u0101 vid\u0113 vai tradicion\u0101l\u0101s m\u0101j\u0101s. Acova Classic ir t\u0113rauda cauru\u013cveida kolonnas, kas patie\u0161\u0101m pie\u0161\u0137ir radiatoram tradicion\u0101lu, ta\u010du pievilc\u012bgu izskatu. \u0160is modelis ir graf\u012bta kr\u0101s\u0101, lai nodro\u0161in\u0101tu senatn\u012bgu un t\u012bru izskatu. [&hellip;]<\/p>\n","protected":false},"featured_media":17175,"comment_status":"closed","ping_status":"closed","template":"","meta":{"inline_featured_image":false,"_uf_show_specific_survey":0,"_uf_disable_surveys":false},"product_brand":[],"product_cat":[128],"product_tag":[547,482,555,556,481],"class_list":{"0":"post-17174","1":"product","2":"type-product","3":"status-publish","4":"has-post-thumbnail","6":"product_cat-radiatori","7":"product_tag-cena-melnam-radiatoram","8":"product_tag-diziana-radiators-melns-horizontals","9":"product_tag-melns-cuguna-radiators","10":"product_tag-melns-diziana-radiators-majai","11":"product_tag-pirkt-melns-radiators-apkures","14":"first","15":"outofstock","16":"sale","17":"taxable","18":"shipping-taxable","19":"purchasable","20":"product-type-simple"},"_links":{"self":[{"href":"https:\/\/kraftlager.lv\/ru\/wp-json\/wp\/v2\/product\/17174","targetHints":{"allow":["GET"]}}],"collection":[{"href":"https:\/\/kraftlager.lv\/ru\/wp-json\/wp\/v2\/product"}],"about":[{"href":"https:\/\/kraftlager.lv\/ru\/wp-json\/wp\/v2\/types\/product"}],"replies":[{"embeddable":true,"href":"https:\/\/kraftlager.lv\/ru\/wp-json\/wp\/v2\/comments?post=17174"}],"wp:featuredmedia":[{"embeddable":true,"href":"https:\/\/kraftlager.lv\/ru\/wp-json\/wp\/v2\/media\/17175"}],"wp:attachment":[{"href":"https:\/\/kraftlager.lv\/ru\/wp-json\/wp\/v2\/media?parent=17174"}],"wp:term":[{"taxonomy":"product_brand","embeddable":true,"href":"https:\/\/kraftlager.lv\/ru\/wp-json\/wp\/v2\/product_brand?post=17174"},{"taxonomy":"product_cat","embeddable":true,"href":"https:\/\/kraftlager.lv\/ru\/wp-json\/wp\/v2\/product_cat?post=17174"},{"taxonomy":"product_tag","embeddable":true,"href":"https:\/\/kraftlager.lv\/ru\/wp-json\/wp\/v2\/product_tag?post=17174"}],"curies":[{"name":"wp","href":"https:\/\/api.w.org\/{rel}","templated":true}]}}