{"id":20251,"date":"2023-01-06T13:47:39","date_gmt":"2023-01-06T13:47:39","guid":{"rendered":"https:\/\/kraftlager.lv\/lv\/?post_type=product&#038;p=20251"},"modified":"2024-08-06T15:25:24","modified_gmt":"2024-08-06T15:25:24","slug":"acova-3-kollonu-radiators-500-x-628mm-balts-bez-sienas-stiprinajumiem","status":"publish","type":"product","link":"https:\/\/kraftlager.lv\/ru\/products\/acova-3-kollonu-radiators-500-x-628mm-balts-bez-sienas-stiprinajumiem\/","title":{"rendered":"Acova 3 Kolonnu Radiators 500 X 628mm (Balts)"},"content":{"rendered":"<p><strong>Acova 3 kollonu radiators 500 x 828mm (balts)<\/strong><\/p>\n<p>Acova Classic Column radiators ir m\u016b\u017e\u012bgs klasisks dizains, kas ir ide\u0101li piem\u0113rots gan laikmet\u012bgam, gan m\u016bsdien\u012bgam interjeram. Vienl\u012bdz m\u0101j\u0101s modern\u0101 vid\u0113 vai tradicion\u0101l\u0101s m\u0101j\u0101s. Acova Classic ir t\u0113rauda cauru\u013cveida kolonnas, kas patie\u0161\u0101m pie\u0161\u0137ir radiatoram tradicion\u0101lu, ta\u010du pievilc\u012bgu izskatu. \u0160is modelis ir balt\u0101 kr\u0101s\u0101, lai nodro\u0161in\u0101tu senatn\u012bgu un t\u012bru izskatu.<\/p>\n<p>Tam ir skaists, augstas kvalit\u0101tes epoks\u012bda kr\u0101sas p\u0101rkl\u0101jums<br \/>\nIzgatavots no t\u0113rauda un metin\u0101ts ar l\u0101zeru, lai izveidotu perfektu bez\u0161uvju apdari<\/p>\n<p>Galven\u0101 dizaina radiatoru at\u0161\u0137ir\u012bba, starp standarta radiatoru ir t\u0101 vienm\u0113r\u012bg\u0101 siltumatdeve, nesadedzinot telpas gaisu (siltum\u016bra princips).<\/p>\n<p>Dizaina radiatorus Acova iesp\u0113jams ar\u012b pas\u016bt\u012bt p\u0113c v\u0113lam\u0101s kr\u0101sas +30% pie cenas( gaid\u012b\u0161anas laiks 2 ned\u0113\u013cas).<\/p>\n<p><span class=\"Y2IQFc\" lang=\"lv\">Maks. Darba spiediens -10 bar<\/span><\/p>\n<p><span class=\"Y2IQFc\" lang=\"lv\"> Maks. Darba temperat\u016bra -110 \u00b0C<\/span><\/p>\n<p><span class=\"Y2IQFc\" lang=\"lv\"> Piesl\u0113gums &#8211; Horizont\u0101li<\/span><\/p>\n<p><span class=\"Y2IQFc\" lang=\"lv\"> Kr\u0101sa &#8211; Balta <\/span><\/p>\n<p><span class=\"Y2IQFc\" lang=\"lv\">Jauda pie 50\u00b0C &#8211; 671 W<\/span><\/p>\n<p><span class=\"Y2IQFc\" lang=\"lv\"> Radiatora augstums -500 mm <\/span><\/p>\n<p><span class=\"Y2IQFc\" lang=\"lv\">Radiatora platums &#8211; 628 mm <\/span><\/p>\n<p><span class=\"Y2IQFc\" lang=\"lv\">Kop\u0113jais produkta svars 15.6 kg<\/span><\/p>\n<p><span class=\"Y2IQFc\" lang=\"lv\">Sist\u0113ma piem\u0113rota centr\u0101l\u0101s apkures sist\u0113m\u0101m.<\/span><\/p>\n","protected":false},"excerpt":{"rendered":"<p>Acova 3 kollonu radiators 500 x 828mm (balts) Acova Classic Column radiators ir m\u016b\u017e\u012bgs klasisks dizains, kas ir ide\u0101li piem\u0113rots gan laikmet\u012bgam, gan m\u016bsdien\u012bgam interjeram. Vienl\u012bdz m\u0101j\u0101s modern\u0101 vid\u0113 vai tradicion\u0101l\u0101s m\u0101j\u0101s. Acova Classic ir t\u0113rauda cauru\u013cveida kolonnas, kas patie\u0161\u0101m pie\u0161\u0137ir radiatoram tradicion\u0101lu, ta\u010du pievilc\u012bgu izskatu. \u0160is modelis ir balt\u0101 kr\u0101s\u0101, lai nodro\u0161in\u0101tu senatn\u012bgu un [&hellip;]<\/p>\n","protected":false},"featured_media":17183,"comment_status":"closed","ping_status":"closed","template":"","meta":{"inline_featured_image":false,"_uf_show_specific_survey":0,"_uf_disable_surveys":false},"product_brand":[],"product_cat":[128],"product_tag":[797,451,404],"class_list":{"0":"post-20251","1":"product","2":"type-product","3":"status-publish","4":"has-post-thumbnail","6":"product_cat-radiatori","7":"product_tag-acova","8":"product_tag-dizaina-radiatori-kraftlager","9":"product_tag-dizaina-radiators","12":"first","13":"outofstock","14":"sale","15":"taxable","16":"shipping-taxable","17":"purchasable","18":"product-type-simple"},"_links":{"self":[{"href":"https:\/\/kraftlager.lv\/ru\/wp-json\/wp\/v2\/product\/20251","targetHints":{"allow":["GET"]}}],"collection":[{"href":"https:\/\/kraftlager.lv\/ru\/wp-json\/wp\/v2\/product"}],"about":[{"href":"https:\/\/kraftlager.lv\/ru\/wp-json\/wp\/v2\/types\/product"}],"replies":[{"embeddable":true,"href":"https:\/\/kraftlager.lv\/ru\/wp-json\/wp\/v2\/comments?post=20251"}],"wp:featuredmedia":[{"embeddable":true,"href":"https:\/\/kraftlager.lv\/ru\/wp-json\/wp\/v2\/media\/17183"}],"wp:attachment":[{"href":"https:\/\/kraftlager.lv\/ru\/wp-json\/wp\/v2\/media?parent=20251"}],"wp:term":[{"taxonomy":"product_brand","embeddable":true,"href":"https:\/\/kraftlager.lv\/ru\/wp-json\/wp\/v2\/product_brand?post=20251"},{"taxonomy":"product_cat","embeddable":true,"href":"https:\/\/kraftlager.lv\/ru\/wp-json\/wp\/v2\/product_cat?post=20251"},{"taxonomy":"product_tag","embeddable":true,"href":"https:\/\/kraftlager.lv\/ru\/wp-json\/wp\/v2\/product_tag?post=20251"}],"curies":[{"name":"wp","href":"https:\/\/api.w.org\/{rel}","templated":true}]}}