{"id":20291,"date":"2023-01-10T11:31:26","date_gmt":"2023-01-10T11:31:26","guid":{"rendered":"https:\/\/kraftlager.lv\/lv\/?post_type=product&#038;p=20291"},"modified":"2023-09-29T06:08:34","modified_gmt":"2023-09-29T06:08:34","slug":"ximax-fortuna-dizaina-radiators-1500-x-410","status":"publish","type":"product","link":"https:\/\/kraftlager.lv\/ru\/products\/ximax-fortuna-dizaina-radiators-1500-x-410\/","title":{"rendered":"XIMAX FORTUNA dizaina radiators 1500 x 410mm"},"content":{"rendered":"<p>Ximax fortuna antrac\u012bta kr\u0101sas dizaina radiators, ar izm\u0113riem 1500 x 410 mm. Paredz\u0113ts izmanto\u0161anai vertik\u0101li.<\/p>\n<p>Ra\u017eot\u0101js &#8211; ximax<\/p>\n<p>Modelis &#8211; fortuna<\/p>\n<p>Jauda T50\u00b0C &#8211; 729 W<\/p>\n<p>Kr\u0101sa &#8211; antrac\u012bta<\/p>\n<p>Izm\u0113ri &#8211; 1500 x 410 mm<\/p>\n<p>Materi\u0101ls &#8211; t\u0113rauds \/ pulverkr\u0101sa<\/p>\n","protected":false},"excerpt":{"rendered":"<p>Ximax fortuna antrac\u012bta kr\u0101sas dizaina radiators, ar izm\u0113riem 1500 x 410 mm. Paredz\u0113ts izmanto\u0161anai vertik\u0101li. Ra\u017eot\u0101js &#8211; ximax Modelis &#8211; fortuna Jauda T50\u00b0C &#8211; 729 W Kr\u0101sa &#8211; antrac\u012bta Izm\u0113ri &#8211; 1500 x 410 mm Materi\u0101ls &#8211; t\u0113rauds \/ pulverkr\u0101sa<\/p>\n","protected":false},"featured_media":20293,"comment_status":"closed","ping_status":"closed","template":"","meta":{"inline_featured_image":false,"_uf_show_specific_survey":0,"_uf_disable_surveys":false},"product_brand":[],"product_cat":[128],"product_tag":[249,806],"class_list":{"0":"post-20291","1":"product","2":"type-product","3":"status-publish","4":"has-post-thumbnail","6":"product_cat-radiatori","7":"product_tag-radiators","8":"product_tag-vertikals-radiators","11":"first","12":"outofstock","13":"sale","14":"taxable","15":"shipping-taxable","16":"purchasable","17":"product-type-simple"},"_links":{"self":[{"href":"https:\/\/kraftlager.lv\/ru\/wp-json\/wp\/v2\/product\/20291","targetHints":{"allow":["GET"]}}],"collection":[{"href":"https:\/\/kraftlager.lv\/ru\/wp-json\/wp\/v2\/product"}],"about":[{"href":"https:\/\/kraftlager.lv\/ru\/wp-json\/wp\/v2\/types\/product"}],"replies":[{"embeddable":true,"href":"https:\/\/kraftlager.lv\/ru\/wp-json\/wp\/v2\/comments?post=20291"}],"wp:featuredmedia":[{"embeddable":true,"href":"https:\/\/kraftlager.lv\/ru\/wp-json\/wp\/v2\/media\/20293"}],"wp:attachment":[{"href":"https:\/\/kraftlager.lv\/ru\/wp-json\/wp\/v2\/media?parent=20291"}],"wp:term":[{"taxonomy":"product_brand","embeddable":true,"href":"https:\/\/kraftlager.lv\/ru\/wp-json\/wp\/v2\/product_brand?post=20291"},{"taxonomy":"product_cat","embeddable":true,"href":"https:\/\/kraftlager.lv\/ru\/wp-json\/wp\/v2\/product_cat?post=20291"},{"taxonomy":"product_tag","embeddable":true,"href":"https:\/\/kraftlager.lv\/ru\/wp-json\/wp\/v2\/product_tag?post=20291"}],"curies":[{"name":"wp","href":"https:\/\/api.w.org\/{rel}","templated":true}]}}