{"id":23958,"date":"2023-06-02T11:46:34","date_gmt":"2023-06-02T11:46:34","guid":{"rendered":"https:\/\/kraftlager.lv\/lv\/?post_type=product&#038;p=23958"},"modified":"2025-04-03T10:38:19","modified_gmt":"2025-04-03T10:38:19","slug":"benzina-zaliena-aerators-skarifikators-amber-line-l-class-4-2kw","status":"publish","type":"product","link":"https:\/\/kraftlager.lv\/ru\/products\/benzina-zaliena-aerators-skarifikators-amber-line-l-class-4-2kw\/","title":{"rendered":"Benz\u012bna z\u0101liena aerators-skarifikators AMBER-LINE L-CLASS, 4.2kW"},"content":{"rendered":"<h3 class=\"c-product__name\">Benz\u012bna z\u0101liena aerators-skarifikators AMBER-LINE L-CLASS, 4.2kW<\/h3>\n<p>Jaud\u012bgs, iztur\u012bgs un ilgm\u016b\u017e\u012bgs profesion\u0101ls skarifikators &#8211; aerators. Lieliski piem\u0113rots s\u016bnu, z\u0101liena filca no\u0146em\u0161anai un z\u0101les apg\u0101dei ar sk\u0101bekli, \u016bdeni un citiem nepiecie\u0161amajiem materi\u0101liem.<\/p>\n<p><strong>Tehniskie parametri:<\/strong><\/p>\n<p>Pre\u010du z\u012bme: AMBER &#8211; LINE<\/p>\n<p>Modelis: L-CLASS<\/p>\n<p>Dzin\u0113js: profesion\u0101ls, Power Technology<\/p>\n<p>Cilindra tilpums: 212 cm\u00b3<\/p>\n<p>Jauda: 4,2 kW @ 3600 apgr\/min.<\/p>\n<p>Darba platums: 40 cm<\/p>\n<p>Skarifik\u0101cijas dzi\u013cums: 3 &#8211; 15 mm<\/p>\n<p>Asme\u0146u tips: fiks\u0113ts<\/p>\n<p>Asme\u0146u skaits: 18 gab.<\/p>\n<p>Sav\u0101c\u0113ja tilpums: 45 L<\/p>\n<p>Rite\u0146i: plastmasa<\/p>\n<p>Ieteicam\u0101 degviela: benz\u012bns A95<\/p>\n<p>Svars: 37 kg<\/p>\n","protected":false},"excerpt":{"rendered":"<p>Benz\u012bna z\u0101liena aerators-skarifikators AMBER-LINE L-CLASS, 4.2kW Jaud\u012bgs, iztur\u012bgs un ilgm\u016b\u017e\u012bgs profesion\u0101ls skarifikators &#8211; aerators. Lieliski piem\u0113rots s\u016bnu, z\u0101liena filca no\u0146em\u0161anai un z\u0101les apg\u0101dei ar sk\u0101bekli, \u016bdeni un citiem nepiecie\u0161amajiem materi\u0101liem. Tehniskie parametri: Pre\u010du z\u012bme: AMBER &#8211; LINE Modelis: L-CLASS Dzin\u0113js: profesion\u0101ls, Power Technology Cilindra tilpums: 212 cm\u00b3 Jauda: 4,2 kW @ 3600 apgr\/min. Darba platums: [&hellip;]<\/p>\n","protected":false},"featured_media":23959,"comment_status":"closed","ping_status":"closed","template":"","meta":{"inline_featured_image":false,"_uf_show_specific_survey":0,"_uf_disable_surveys":false},"product_brand":[],"product_cat":[140],"product_tag":[1255,1256],"class_list":{"0":"post-23958","1":"product","2":"type-product","3":"status-publish","4":"has-post-thumbnail","6":"product_cat-noma","7":"product_tag-airatora-noma","8":"product_tag-skarifikatora-noma","11":"first","12":"instock","13":"taxable","14":"shipping-taxable","15":"purchasable","16":"product-type-simple"},"_links":{"self":[{"href":"https:\/\/kraftlager.lv\/ru\/wp-json\/wp\/v2\/product\/23958","targetHints":{"allow":["GET"]}}],"collection":[{"href":"https:\/\/kraftlager.lv\/ru\/wp-json\/wp\/v2\/product"}],"about":[{"href":"https:\/\/kraftlager.lv\/ru\/wp-json\/wp\/v2\/types\/product"}],"replies":[{"embeddable":true,"href":"https:\/\/kraftlager.lv\/ru\/wp-json\/wp\/v2\/comments?post=23958"}],"wp:featuredmedia":[{"embeddable":true,"href":"https:\/\/kraftlager.lv\/ru\/wp-json\/wp\/v2\/media\/23959"}],"wp:attachment":[{"href":"https:\/\/kraftlager.lv\/ru\/wp-json\/wp\/v2\/media?parent=23958"}],"wp:term":[{"taxonomy":"product_brand","embeddable":true,"href":"https:\/\/kraftlager.lv\/ru\/wp-json\/wp\/v2\/product_brand?post=23958"},{"taxonomy":"product_cat","embeddable":true,"href":"https:\/\/kraftlager.lv\/ru\/wp-json\/wp\/v2\/product_cat?post=23958"},{"taxonomy":"product_tag","embeddable":true,"href":"https:\/\/kraftlager.lv\/ru\/wp-json\/wp\/v2\/product_tag?post=23958"}],"curies":[{"name":"wp","href":"https:\/\/api.w.org\/{rel}","templated":true}]}}