{"id":29157,"date":"2024-01-23T17:02:31","date_gmt":"2024-01-23T17:02:31","guid":{"rendered":"https:\/\/kraftlager.lv\/lv\/?post_type=product&#038;p=29157"},"modified":"2024-07-10T16:33:40","modified_gmt":"2024-07-10T16:33:40","slug":"e-vipo-siltuma-rekuperacijas-ventilacijas-sistema-ar-vadibas-bloku","status":"publish","type":"product","link":"https:\/\/kraftlager.lv\/ru\/products\/e-vipo-siltuma-rekuperacijas-ventilacijas-sistema-ar-vadibas-bloku\/","title":{"rendered":"E-VIPO CS150 siltuma rekuper\u0101cijas ventil\u0101cijas sist\u0113ma ar vad\u012bbas bloku"},"content":{"rendered":"<h3>E-VIPO siltuma rekuper\u0101cijas ventil\u0101cijas sist\u0113ma ar vad\u012bbas bloku<\/h3>\n<p><strong>E-VIPO<\/strong> augst\u0101s tehnolo\u0123ijas, nodro\u0161ina gandr\u012bz ide\u0101lu siltumener\u0123ijas atg\u016b\u0161anu l\u012bdz 96%. Rekuperators apr\u012bkots ar jaun\u0101 tipa EC dzin\u0113jiem, kas nodro\u0161ina daudz liel\u0101ku jaudu, aiz\u0146em maz\u0101k vietu (kas smazina pa\u0161a rekuperatora izm\u0113rus un \u013cauj to uzst\u0101d\u012bt gandr\u012bz jebkur\u0101 viet\u0101) un pats galvenais, jaun\u0101 tipa dzin\u0113ji ir daudz klus\u0101ki, kas nodro\u0161ina lielisku kompfortu iek\u0161telp\u0101s un zemu ener\u0123ijas pat\u0113ri\u0146u.<\/p>\n<p><strong>E-VIPO<\/strong> rekuperatori uzst\u0101d\u0101mi standart\u0101 zem griestu apdares, jo t\u0101 izm\u0113ri ir \u012bpa\u0161i samazin\u0101ti lai atbilstu jebkur\u0101m pras\u012bb\u0101m &#8211; rekuperatora izm\u0113ri ( garums 810mm x platums 530mm x biezums 200mm). Rekuperators, tapat veidots lai piel\u0101gotos jebkura klienta pras\u012bb\u0101m, jo fitra nomai\u0146as l\u016bkas rekuperatoram ierikoti ab\u0101s t\u0101 pus\u0113s, kas lauj piel\u0101got izpludes un iepludes virzienus jebkurai situ\u0101cijai. T\u0101pat rekuperators novietojams gan vertik\u0101li, gan horizont\u0101li kas \u013cauj tos ieb\u016bv\u0113t ar\u012b gr\u016bti pieejam\u0101s viet\u0101s.<\/p>\n<p><strong>E-VIPO<\/strong> nodro\u0161ina l\u012bdz<strong> 150 m3<\/strong> gaisa piepl\u016bdi \u0113k\u0101, tas b\u016bs piem\u0113rots l\u012bdz<strong> 80m2<\/strong> lielai \u0113kai. Tam ir divi jaud\u012bgi ec tipa ventilatori ko iesp\u0113ajams atsevi\u0161\u0137i noregul\u0113t, ar liel\u0101ku vai maz\u0101ku jaudu, tas b\u016bs \u012bpa\u0161i labi ja \u0113k\u0101 ir v\u0113l k\u0101ds gaisa pat\u0113r\u0113t\u0101js, k\u0101 piem\u0113ram kam\u012bns, t\u0101tad iepl\u016bdi mums vajag ar liel\u0101ku jaudu noregul\u0113t k\u0101 izpl\u016bdi.<\/p>\n<p><strong>KRAFTLAGER<\/strong> koment\u0101rs &#8211; pa\u0161i sev m\u0101j\u0101s ar\u012b uzst\u0101d\u012bj\u0101m tie\u0161i \u0161\u0101 tipa rekuperatorus, \u013coti iepatik\u0101s tie\u0161\u0101 gaisa pl\u016bsma (kas sastopams tikai augstas klases rekuperatoros), tas noz\u012bm\u0113 piem\u0113ram vasaras nakt\u012b kad gaiss \u0101r\u0101 ir v\u0113ss bet iek\u0161telp\u0101s karsts, ja darbinam tikai rekuperatoru tad gaiss rekuperatora automatiski tiek vad\u012bts caur siltumaini, kas noz\u012bm\u0113 to kad pats rekuperators ne\u013cauj atdzist telpas gaisam un saglab\u0101 iek\u0161\u0113jo temperaturu. Nospie\u0161ot vienu pogu uz vad\u012bbas aizveras l\u016bka kas novada gaisu caur siltumaini un s\u0101k to novad\u012bt tie\u0161i, kas noz\u012bm\u0113 to kad iepl\u016bst v\u0113sais gaiss un izpl\u016bst karstais, tie\u0161i t\u0101pat tas darbojas pret\u0113ji, ja \u0101r\u0101 ir karsts un iek\u0161telp\u0101s augsts un vajag uzsild\u012bt iek\u0161telpas.<\/p>\n<p>Protams daudzi teiks, ka vienk\u0101r\u0161i j\u0101atver logs &#8211; labi bet vasaras nakt\u012b \u0101r\u0101 var b\u016bt daudz insektu, dien\u0101 putek\u013cu un trok\u0161\u0146u, t\u0101 k\u0101 \u0161is ir ide\u0101ls risin\u0101jums.<\/p>\n<p>&nbsp;<\/p>\n<p>CS150 Produkta apraksts<\/p>\n<p>\u25b6 Piln\u012bb\u0101 p\u0101rkl\u0101ts lok\u0161\u0146u t\u0113rauda korpuss<br \/>\n\u25b6 Apr\u012bkots ar 15-20 mm iek\u0161\u0113jo siltuma un ska\u0146as izol\u0101ciju<br \/>\n\u25b6 Augstas efektivit\u0101tes siltuma atg\u016b\u0161ana l\u012bdz 96 %.<br \/>\n\u25b6 EC motors ar augstu statisko spiedienu<br \/>\n\u25b6 Integr\u0113ts vasaras apvedce\u013c\u0161<br \/>\n\u25b6 Zems ener\u0123ijas pat\u0113ri\u0146\u0161<br \/>\n\u25b6 Efekt\u012bva ska\u0146as samazin\u0101\u0161ana<br \/>\n\u25b6 Kompakts dizains \/ komfortabls dizains<br \/>\n\u25b6 Vertik\u0101la \/ horizont\u0101la 360\u00b0 elast\u012bga uzst\u0101d\u012b\u0161ana<br \/>\n\u25b6 Vienk\u0101r\u0161s cauru\u013cvadu savienojums<br \/>\n\u25b6 Iek\u0161\u0113j\u0101s temperat\u016bras \/ relat\u012bv\u0101 mitruma sensori<br \/>\n\u25b6 Automatiz\u0101cijas sist\u0113ma<br \/>\n\u25b6 Iesp\u0113jam\u0101 elektrisko sild\u012bt\u0101ju integr\u0101cija<\/p>\n<p>&nbsp;<\/p>\n<p>VK2 VAD\u012aBAS PANELIS<br \/>\n> 3,5&#8243; displejs un sk\u0101rienekr\u0101ns<br \/>\n> iOS un Android lietotne<br \/>\n> Neatkar\u012bga ventilatora regul\u0113\u0161ana<br \/>\n> Filtra p\u0101rvald\u012bba ar filtra taimeri un pazi\u0146ojumiem<br \/>\n> Ned\u0113\u013cas pl\u0101not\u0101 darb\u012bba<br \/>\n> Ventil\u0101cijas pastiprin\u0101\u0161anas funkcija<\/p>\n<p>&nbsp;<\/p>\n<p>Vair\u0101k inform\u0101cijas par produktu var uzzin\u0101t m\u016bsu veikal\u0101 Br\u012bv\u012bbas gatv\u0113 403c<\/p>\n","protected":false},"excerpt":{"rendered":"<p>E-VIPO siltuma rekuper\u0101cijas ventil\u0101cijas sist\u0113ma ar vad\u012bbas bloku E-VIPO augst\u0101s tehnolo\u0123ijas, nodro\u0161ina gandr\u012bz ide\u0101lu siltumener\u0123ijas atg\u016b\u0161anu l\u012bdz 96%. Rekuperators apr\u012bkots ar jaun\u0101 tipa EC dzin\u0113jiem, kas nodro\u0161ina daudz liel\u0101ku jaudu, aiz\u0146em maz\u0101k vietu (kas smazina pa\u0161a rekuperatora izm\u0113rus un \u013cauj to uzst\u0101d\u012bt gandr\u012bz jebkur\u0101 viet\u0101) un pats galvenais, jaun\u0101 tipa dzin\u0113ji ir daudz klus\u0101ki, kas [&hellip;]<\/p>\n","protected":false},"featured_media":29158,"comment_status":"closed","ping_status":"closed","template":"","meta":{"inline_featured_image":false,"_uf_show_specific_survey":0,"_uf_disable_surveys":false},"product_brand":[],"product_cat":[2441],"product_tag":[2163,2162,2164],"class_list":{"0":"post-29157","1":"product","2":"type-product","3":"status-publish","4":"has-post-thumbnail","6":"product_cat-dazadi","7":"product_tag-lets-rekuperators","8":"product_tag-rekuperators","9":"product_tag-ventilacija-privatmajai","12":"first","13":"instock","14":"sale","15":"taxable","16":"shipping-taxable","17":"purchasable","18":"product-type-simple"},"_links":{"self":[{"href":"https:\/\/kraftlager.lv\/ru\/wp-json\/wp\/v2\/product\/29157","targetHints":{"allow":["GET"]}}],"collection":[{"href":"https:\/\/kraftlager.lv\/ru\/wp-json\/wp\/v2\/product"}],"about":[{"href":"https:\/\/kraftlager.lv\/ru\/wp-json\/wp\/v2\/types\/product"}],"replies":[{"embeddable":true,"href":"https:\/\/kraftlager.lv\/ru\/wp-json\/wp\/v2\/comments?post=29157"}],"wp:featuredmedia":[{"embeddable":true,"href":"https:\/\/kraftlager.lv\/ru\/wp-json\/wp\/v2\/media\/29158"}],"wp:attachment":[{"href":"https:\/\/kraftlager.lv\/ru\/wp-json\/wp\/v2\/media?parent=29157"}],"wp:term":[{"taxonomy":"product_brand","embeddable":true,"href":"https:\/\/kraftlager.lv\/ru\/wp-json\/wp\/v2\/product_brand?post=29157"},{"taxonomy":"product_cat","embeddable":true,"href":"https:\/\/kraftlager.lv\/ru\/wp-json\/wp\/v2\/product_cat?post=29157"},{"taxonomy":"product_tag","embeddable":true,"href":"https:\/\/kraftlager.lv\/ru\/wp-json\/wp\/v2\/product_tag?post=29157"}],"curies":[{"name":"wp","href":"https:\/\/api.w.org\/{rel}","templated":true}]}}