{"id":31295,"date":"2024-09-21T09:33:06","date_gmt":"2024-09-21T09:33:06","guid":{"rendered":"https:\/\/kraftlager.lv\/lv\/?post_type=product&#038;p=31295"},"modified":"2025-08-05T10:17:59","modified_gmt":"2025-08-05T10:17:59","slug":"blyss-terauda-dvielu-zavetajs-1100x300-hroms","status":"publish","type":"product","link":"https:\/\/kraftlager.lv\/ru\/products\/blyss-terauda-dvielu-zavetajs-1100x300-hroms\/","title":{"rendered":"BLYSS t\u0113rauda dvie\u013cu \u017e\u0101v\u0113t\u0101js 1100\u00d7300, hroms"},"content":{"rendered":"<h3 class=\"product_title entry-title\">BLYSS t\u0113rauda dvie\u013cu \u017e\u0101v\u0113t\u0101js 1100\u00d7300, hroms<\/h3>\n<p>Jauda 230W<\/p>\n<p>Kr\u0101sa: Hroms<\/p>\n<p>Mont\u0101\u017eas tips: Sienas<\/p>\n<p>Materi\u0101ls: T\u0113rauds<\/p>\n<p>Augstums: 1100mm<\/p>\n<p>Platums: 300mm<\/p>\n<p>Forma: Taisna<\/p>\n<div class=\"theme-container\"><\/div>\n<div>Piem\u0113rots centr\u0101l\u0101s apkures sist\u0113m\u0101m<\/div>\n<div><\/div>\n","protected":false},"excerpt":{"rendered":"<p>BLYSS t\u0113rauda dvie\u013cu \u017e\u0101v\u0113t\u0101js 1100\u00d7300, hroms Jauda 230W Kr\u0101sa: Hroms Mont\u0101\u017eas tips: Sienas Materi\u0101ls: T\u0113rauds Augstums: 1100mm Platums: 300mm Forma: Taisna Piem\u0113rots centr\u0101l\u0101s apkures sist\u0113m\u0101m<\/p>\n","protected":false},"featured_media":31296,"comment_status":"closed","ping_status":"closed","template":"","meta":{"inline_featured_image":false,"_uf_show_specific_survey":0,"_uf_disable_surveys":false},"product_brand":[],"product_cat":[2439],"product_tag":[464,2050,2475,404,436,2476,2046,2053,2486],"class_list":{"0":"post-31295","1":"product","2":"type-product","3":"status-publish","4":"has-post-thumbnail","6":"product_cat-dvielu-zavetaji","7":"product_tag-cena-dvielu-zavetajs","8":"product_tag-cena-leta-radiators-vertikals","9":"product_tag-designer-radiators","10":"product_tag-dizaina-radiators","11":"product_tag-dvielu-radiators","12":"product_tag-exclusive-radiators","13":"product_tag-radiators-vertikals-akcija","14":"product_tag-2053","15":"product_tag-2486","18":"first","19":"outofstock","20":"sale","21":"taxable","22":"shipping-taxable","23":"purchasable","24":"product-type-simple"},"_links":{"self":[{"href":"https:\/\/kraftlager.lv\/ru\/wp-json\/wp\/v2\/product\/31295","targetHints":{"allow":["GET"]}}],"collection":[{"href":"https:\/\/kraftlager.lv\/ru\/wp-json\/wp\/v2\/product"}],"about":[{"href":"https:\/\/kraftlager.lv\/ru\/wp-json\/wp\/v2\/types\/product"}],"replies":[{"embeddable":true,"href":"https:\/\/kraftlager.lv\/ru\/wp-json\/wp\/v2\/comments?post=31295"}],"wp:featuredmedia":[{"embeddable":true,"href":"https:\/\/kraftlager.lv\/ru\/wp-json\/wp\/v2\/media\/31296"}],"wp:attachment":[{"href":"https:\/\/kraftlager.lv\/ru\/wp-json\/wp\/v2\/media?parent=31295"}],"wp:term":[{"taxonomy":"product_brand","embeddable":true,"href":"https:\/\/kraftlager.lv\/ru\/wp-json\/wp\/v2\/product_brand?post=31295"},{"taxonomy":"product_cat","embeddable":true,"href":"https:\/\/kraftlager.lv\/ru\/wp-json\/wp\/v2\/product_cat?post=31295"},{"taxonomy":"product_tag","embeddable":true,"href":"https:\/\/kraftlager.lv\/ru\/wp-json\/wp\/v2\/product_tag?post=31295"}],"curies":[{"name":"wp","href":"https:\/\/api.w.org\/{rel}","templated":true}]}}