{"id":31304,"date":"2024-09-21T10:19:25","date_gmt":"2024-09-21T10:19:25","guid":{"rendered":"https:\/\/kraftlager.lv\/lv\/?post_type=product&#038;p=31304"},"modified":"2025-02-15T12:38:54","modified_gmt":"2025-02-15T12:38:54","slug":"blyss-terauda-dvielu-zavetajs-1200x450-hroms","status":"publish","type":"product","link":"https:\/\/kraftlager.lv\/ru\/products\/blyss-terauda-dvielu-zavetajs-1200x450-hroms\/","title":{"rendered":"BLYSS t\u0113rauda dvie\u013cu \u017e\u0101v\u0113t\u0101js 1200\u00d7450, hroms"},"content":{"rendered":"<h3>BLYSS t\u0113rauda dvie\u013cu \u017e\u0101v\u0113t\u0101js 1200\u00d7450, hroms<\/h3>\n<div class=\"woocommerce-tabs wc-tabs-wrapper\">\n<div id=\"tab-description\" class=\"woocommerce-Tabs-panel woocommerce-Tabs-panel--description panel entry-content wc-tab\" role=\"tabpanel\" aria-labelledby=\"tab-title-description\">\n<p>Jauda 333W<\/p>\n<p>Kr\u0101sa: Hroms<\/p>\n<p>Mont\u0101\u017eas tips: Sienas<\/p>\n<p>Materi\u0101ls: T\u0113rauds<\/p>\n<p>Augstums: 1200mm<\/p>\n<p>Platums: 450mm<\/p>\n<p>Forma: Taisna<\/p>\n<div class=\"theme-container\"><\/div>\n<div>Piem\u0113rots centr\u0101l\u0101s apkures sist\u0113m\u0101m<\/div>\n<div><\/div>\n<\/div>\n<\/div>\n<div class=\"theme-container\"><\/div>\n","protected":false},"excerpt":{"rendered":"<p>BLYSS t\u0113rauda dvie\u013cu \u017e\u0101v\u0113t\u0101js 1200\u00d7450, hroms Jauda 333W Kr\u0101sa: Hroms Mont\u0101\u017eas tips: Sienas Materi\u0101ls: T\u0113rauds Augstums: 1200mm Platums: 450mm Forma: Taisna Piem\u0113rots centr\u0101l\u0101s apkures sist\u0113m\u0101m<\/p>\n","protected":false},"featured_media":31305,"comment_status":"closed","ping_status":"closed","template":"","meta":{"inline_featured_image":false,"_uf_show_specific_survey":0,"_uf_disable_surveys":false},"product_brand":[],"product_cat":[2439],"product_tag":[464,2050,2475,404,436,2476,2046,2053,2486],"class_list":{"0":"post-31304","1":"product","2":"type-product","3":"status-publish","4":"has-post-thumbnail","6":"product_cat-dvielu-zavetaji","7":"product_tag-cena-dvielu-zavetajs","8":"product_tag-cena-leta-radiators-vertikals","9":"product_tag-designer-radiators","10":"product_tag-dizaina-radiators","11":"product_tag-dvielu-radiators","12":"product_tag-exclusive-radiators","13":"product_tag-radiators-vertikals-akcija","14":"product_tag-2053","15":"product_tag-2486","18":"first","19":"outofstock","20":"sale","21":"taxable","22":"shipping-taxable","23":"purchasable","24":"product-type-simple"},"_links":{"self":[{"href":"https:\/\/kraftlager.lv\/ru\/wp-json\/wp\/v2\/product\/31304","targetHints":{"allow":["GET"]}}],"collection":[{"href":"https:\/\/kraftlager.lv\/ru\/wp-json\/wp\/v2\/product"}],"about":[{"href":"https:\/\/kraftlager.lv\/ru\/wp-json\/wp\/v2\/types\/product"}],"replies":[{"embeddable":true,"href":"https:\/\/kraftlager.lv\/ru\/wp-json\/wp\/v2\/comments?post=31304"}],"wp:featuredmedia":[{"embeddable":true,"href":"https:\/\/kraftlager.lv\/ru\/wp-json\/wp\/v2\/media\/31305"}],"wp:attachment":[{"href":"https:\/\/kraftlager.lv\/ru\/wp-json\/wp\/v2\/media?parent=31304"}],"wp:term":[{"taxonomy":"product_brand","embeddable":true,"href":"https:\/\/kraftlager.lv\/ru\/wp-json\/wp\/v2\/product_brand?post=31304"},{"taxonomy":"product_cat","embeddable":true,"href":"https:\/\/kraftlager.lv\/ru\/wp-json\/wp\/v2\/product_cat?post=31304"},{"taxonomy":"product_tag","embeddable":true,"href":"https:\/\/kraftlager.lv\/ru\/wp-json\/wp\/v2\/product_tag?post=31304"}],"curies":[{"name":"wp","href":"https:\/\/api.w.org\/{rel}","templated":true}]}}