{"id":31347,"date":"2024-10-03T11:30:09","date_gmt":"2024-10-03T11:30:09","guid":{"rendered":"https:\/\/kraftlager.lv\/lv\/?post_type=product&#038;p=31347"},"modified":"2025-07-29T14:49:34","modified_gmt":"2025-07-29T14:49:34","slug":"lazera-nivelieris-bosch-gll-3-80-c-professional-1x20-ah-akum","status":"publish","type":"product","link":"https:\/\/kraftlager.lv\/ru\/products\/lazera-nivelieris-bosch-gll-3-80-c-professional-1x20-ah-akum\/","title":{"rendered":"L\u0101zera nivelieris Bosch GLL 3-80 C Professional; 1&#215;2,0 Ah akum."},"content":{"rendered":"<h3>L\u0101zera nivelieris Bosch GLL 3-80 C Professional; 1&#215;2,0 Ah akum.<\/h3>\n<p><u>Komplekt\u0101:<\/u><\/p>\n<ul>\n<li>koferis<\/li>\n<li>somi\u0146a<\/li>\n<li>atstarot\u0101js<\/li>\n<li>stat\u012bvs BM1<\/li>\n<li>uztv\u0113r\u0113js LR7 ar makstu<\/li>\n<li>uztv\u0113r\u0113ja tur\u0113t\u0101js<\/li>\n<li>l\u0101d\u0113t\u0101js GAL1230CV<\/li>\n<li>akumulators 1&#215;2,0Ah<\/li>\n<\/ul>\n<table id=\"product-attribute-specs-table\" class=\"data-table\" cellspacing=\"0\">\n<tbody>\n<tr class=\"first odd\">\n<td>Ra\u017eot\u0101js<\/td>\n<td class=\"data last\">Bosch<\/td>\n<\/tr>\n<tr class=\"even\">\n<td>Svars<\/td>\n<td class=\"data last\">2.564 kg<\/td>\n<\/tr>\n<tr class=\"odd\">\n<td>Kop\u0113jais svars ar iepakojumu<\/td>\n<td class=\"data last\">3.7 kg<\/td>\n<\/tr>\n<tr class=\"even\">\n<td>Profesion\u0101ls \/ Amatieru<\/td>\n<td class=\"data last\">Profesion\u0101ls<\/td>\n<\/tr>\n<tr class=\"odd\">\n<td>Vai komplekt\u0101 ietilpst akumulators<\/td>\n<td class=\"data last\">J\u0101<\/td>\n<\/tr>\n<tr class=\"even\">\n<td>Akumulatora tips<\/td>\n<td class=\"data last\">Li-Ion (Litija-jonu akumulators)<\/td>\n<\/tr>\n<tr class=\"odd\">\n<td>Akumulatora spriegums<\/td>\n<td class=\"data last\">12 V<\/td>\n<\/tr>\n<tr class=\"even\">\n<td>Akumulatora ietilp\u012bba un vienumu skaits<\/td>\n<td class=\"data last\">1&#215;2,0 Ah<\/td>\n<\/tr>\n<tr class=\"odd\">\n<td>Darb\u012bbas laiks<\/td>\n<td class=\"data last\">480 min<\/td>\n<\/tr>\n<tr class=\"even\">\n<td>L\u0101zera klase<\/td>\n<td class=\"data last\">2<\/td>\n<\/tr>\n<tr class=\"odd\">\n<td>Precizit\u0101te<\/td>\n<td class=\"data last\">\u00b1 0,2 mm\/m<\/td>\n<\/tr>\n<tr class=\"even\">\n<td>Izl\u012bdzin\u0101\u0161anas precizit\u0101te<\/td>\n<td class=\"data last\">\u00b1 4\u00b0<\/td>\n<\/tr>\n<tr class=\"odd\">\n<td>Maks. m\u0113r\u012b\u0161anas distance<\/td>\n<td class=\"data last\">30 m<\/td>\n<\/tr>\n<tr class=\"even\">\n<td>Maks. m\u0113r\u012b\u0161anas att\u0101lums ar uztv\u0113r\u0113ju<\/td>\n<td class=\"data last\">120 m<\/td>\n<\/tr>\n<tr class=\"odd\">\n<td>Stara kr\u0101sa<\/td>\n<td class=\"data last\">Sarkans<\/td>\n<\/tr>\n<tr class=\"even\">\n<td>Darb\u012bbas temperat\u016bra<\/td>\n<td class=\"data last\">-10\u00b0C \u2013 40\u00b0C<\/td>\n<\/tr>\n<tr class=\"odd\">\n<td>Autom\u0101tiska l\u012bme\u0146a regul\u0113\u0161ana<\/td>\n<td class=\"data last\">J\u0101<\/td>\n<\/tr>\n<tr class=\"even\">\n<td>V\u012btnes diametrs<\/td>\n<td class=\"data last\">1\/4\u201c; 5\/8\u201c<\/td>\n<\/tr>\n<tr class=\"odd\">\n<td>Savienojums ar IT ier\u012bci<\/td>\n<td class=\"data last\">Bluetooth\u00ae<\/td>\n<\/tr>\n<tr class=\"even\">\n<td>Komplekt\u0101 tureklis<\/td>\n<td class=\"data last\">+<\/td>\n<\/tr>\n<tr class=\"odd\">\n<td>Komplekt\u0101 m\u0113r\u0137a disks<\/td>\n<td class=\"data last\">J\u0101<\/td>\n<\/tr>\n<tr class=\"even\">\n<td>Komplekt\u0101 &#8211; l\u0101d\u0113t\u0101js<\/td>\n<td class=\"data last\">Bosch GAL 1230 CV<\/td>\n<\/tr>\n<tr class=\"odd\">\n<td>Vai komplekt\u0101 ir iek\u013cauts koferis<\/td>\n<td class=\"data last\">J\u0101, M\u012bksta soma, L-Boxx 136<\/td>\n<\/tr>\n<tr class=\"last even\">\n<td>Dro\u0161\u012bbas klase<\/td>\n<td class=\"data last\">IP54<\/td>\n<\/tr>\n<\/tbody>\n<\/table>\n","protected":false},"excerpt":{"rendered":"<p>L\u0101zera nivelieris Bosch GLL 3-80 C Professional; 1&#215;2,0 Ah akum. Komplekt\u0101: koferis somi\u0146a atstarot\u0101js stat\u012bvs BM1 uztv\u0113r\u0113js LR7 ar makstu uztv\u0113r\u0113ja tur\u0113t\u0101js l\u0101d\u0113t\u0101js GAL1230CV akumulators 1&#215;2,0Ah Ra\u017eot\u0101js Bosch Svars 2.564 kg Kop\u0113jais svars ar iepakojumu 3.7 kg Profesion\u0101ls \/ Amatieru Profesion\u0101ls Vai komplekt\u0101 ietilpst akumulators J\u0101 Akumulatora tips Li-Ion (Litija-jonu akumulators) Akumulatora spriegums 12 V [&hellip;]<\/p>\n","protected":false},"featured_media":31348,"comment_status":"closed","ping_status":"closed","template":"","meta":{"inline_featured_image":false,"_uf_show_specific_survey":0,"_uf_disable_surveys":false},"product_brand":[],"product_cat":[2441],"product_tag":[2494,1933,2495,2496],"class_list":{"0":"post-31347","1":"product","2":"type-product","3":"status-publish","4":"has-post-thumbnail","6":"product_cat-dazadi","7":"product_tag-bosch-lazeris","8":"product_tag-bosch-nivelieris","9":"product_tag-celtniecibas-nivelieris","10":"product_tag-sarkanais-linij-lazers","13":"first","14":"outofstock","15":"sale","16":"featured","17":"taxable","18":"shipping-taxable","19":"purchasable","20":"product-type-simple"},"_links":{"self":[{"href":"https:\/\/kraftlager.lv\/ru\/wp-json\/wp\/v2\/product\/31347","targetHints":{"allow":["GET"]}}],"collection":[{"href":"https:\/\/kraftlager.lv\/ru\/wp-json\/wp\/v2\/product"}],"about":[{"href":"https:\/\/kraftlager.lv\/ru\/wp-json\/wp\/v2\/types\/product"}],"replies":[{"embeddable":true,"href":"https:\/\/kraftlager.lv\/ru\/wp-json\/wp\/v2\/comments?post=31347"}],"wp:featuredmedia":[{"embeddable":true,"href":"https:\/\/kraftlager.lv\/ru\/wp-json\/wp\/v2\/media\/31348"}],"wp:attachment":[{"href":"https:\/\/kraftlager.lv\/ru\/wp-json\/wp\/v2\/media?parent=31347"}],"wp:term":[{"taxonomy":"product_brand","embeddable":true,"href":"https:\/\/kraftlager.lv\/ru\/wp-json\/wp\/v2\/product_brand?post=31347"},{"taxonomy":"product_cat","embeddable":true,"href":"https:\/\/kraftlager.lv\/ru\/wp-json\/wp\/v2\/product_cat?post=31347"},{"taxonomy":"product_tag","embeddable":true,"href":"https:\/\/kraftlager.lv\/ru\/wp-json\/wp\/v2\/product_tag?post=31347"}],"curies":[{"name":"wp","href":"https:\/\/api.w.org\/{rel}","templated":true}]}}