{"id":31372,"date":"2024-10-22T13:26:29","date_gmt":"2024-10-22T13:26:29","guid":{"rendered":"https:\/\/kraftlager.lv\/lv\/?post_type=product&#038;p=31372"},"modified":"2024-12-05T10:42:04","modified_gmt":"2024-12-05T10:42:04","slug":"bosch-gll-3-80-cg-professional-liniju-lazers-nivelieris","status":"publish","type":"product","link":"https:\/\/kraftlager.lv\/ru\/products\/bosch-gll-3-80-cg-professional-liniju-lazers-nivelieris\/","title":{"rendered":"Bosch GLL 3-80 CG Professional l\u012bniju l\u0101zers\/nivelieris"},"content":{"rendered":"<h3>BOSCH GLL 3-80 CG + BM1 sienas stat\u012bvs + (akumul. 1&#215;2.0Ah) + LR7 (uztv\u0113r\u0113js) + L-Boxx. Kruststaru l\u0101zerl\u012bme\u0146radis. Tr\u012bsstaru l\u0101zeris Bosch, aizvieto veco modeli BOSCH GLL 3-80 P + BM1. Bosch 0601063RL7<\/h3>\n<h3 class=\"product-detail-stage__headline\">3 x 360\u00b0 platas, za\u013cas l\u0101zera l\u012bnijas nodro\u0161ina optim\u0101lu redzam\u012bbu. Vienk\u0101r\u0161i savienojams.<\/h3>\n<ul class=\"product-detail-stage__list a-list\">\n<li>Spo\u017eas, za\u013cas l\u0101zera l\u012bnijas nodro\u0161ina l\u012bdz pat \u010detr\u0101m reiz\u0113m lab\u0101ku redzam\u012bbu, nek\u0101 t\u0101 ir sarkanaj\u0101m l\u0101zera l\u012bnij\u0101m<\/li>\n<li>\u013boti prec\u012bza kontroles funkcija CAL Guard un t\u0101lvad\u012bba, izmantojot ar Bluetooth\u00ae pievienot\u0101 viedt\u0101lrun\u012b uzst\u0101d\u012btu lietotni<\/li>\n<li>3 x 360\u00b0 l\u0101zera l\u012bnijas \u013cauj vienlaic\u012bgi veikt horizont\u0101lo un vertik\u0101lo izl\u012bdzin\u0101\u0161anu, dodot iesp\u0113ju efekt\u012bvi str\u0101d\u0101t<\/li>\n<\/ul>\n<table class=\"table\">\n<colgroup>\n<col class=\"col-xs-5\" \/>\n<col class=\"col-xs-3\" \/><\/colgroup>\n<thead>\n<tr>\n<th colspan=\"2\">\n<h3 class=\"headline headline__redesign--blue fs16 bsBold\">Vissvar\u012bg\u0101kie dati<\/h3>\n<\/th>\n<\/tr>\n<\/thead>\n<tbody>\n<tr>\n<td>Akumulatora spriegums<\/td>\n<td>12,0 V<\/td>\n<\/tr>\n<tr>\n<td>L\u0101zera diode<\/td>\n<td>500 \u2013 540 nm, < 10 mW<\/td>\n<\/tr>\n<tr>\n<td>Darba temperat\u016bra<\/td>\n<td>-10 \u2013 40 \u00b0C<\/td>\n<\/tr>\n<tr>\n<td>Uzglab\u0101\u0161anas temperat\u016bra<\/td>\n<td>-20 \u2013 70 \u00b0C<\/td>\n<\/tr>\n<tr>\n<td>L\u0101zera klase<\/td>\n<td>2<\/td>\n<\/tr>\n<tr>\n<td>Darb\u012bbas t\u0101lums*<\/td>\n<td>l\u012bdz 30 m<\/td>\n<\/tr>\n<tr>\n<td>Darb\u012bbas t\u0101lums ar l\u0101zera starojuma uztv\u0113r\u0113ju*<\/td>\n<td>l\u012bdz 120 m<\/td>\n<\/tr>\n<tr>\n<td>Nivel\u0113\u0161anas precizit\u0101te*<\/td>\n<td>\u00b1 0,2 mm\/m\u1d43\/**<\/td>\n<\/tr>\n<tr>\n<td>Pa\u0161izl\u012bdzin\u0101\u0161an\u0101s diapazons<\/td>\n<td>\u00b1 4\u00b0<\/td>\n<\/tr>\n<tr>\n<td>Nivel\u0113\u0161anas laiks<\/td>\n<td>4 s<\/td>\n<\/tr>\n<tr>\n<td>Aizsardz\u012bba pret putek\u013ciem un \u016bdens \u0161\u013cakat\u0101m<\/td>\n<td>IP 54*** (***iz\u0146emot litija jonu akumulatoru un AA1 bateriju adapteri)<\/td>\n<\/tr>\n<tr>\n<td>Elektrobaro\u0161ana<\/td>\n<td>12 V litija-jonu akumulators, 4 x 1,5 V LR6 (AA)<\/td>\n<\/tr>\n<tr>\n<td>Maks. darb\u012bbas laiks<\/td>\n<td>6 st. (litija-jonu) un 4 st. (4 x AA) 3 l\u012bniju re\u017e\u012bm\u0101<\/td>\n<\/tr>\n<tr>\n<td>Stiprino\u0161\u0101 v\u012btne<\/td>\n<td>1\/4&#8243;, 5\/8&#8243;<\/td>\n<\/tr>\n<tr>\n<td>Svars, apt.**<\/td>\n<td>0,9 kg<\/td>\n<\/tr>\n<tr>\n<td>L\u0101zera l\u012bniju kr\u0101sa<\/td>\n<td>Za\u013ca<\/td>\n<\/tr>\n<tr>\n<td>Projekcija<\/td>\n<td>3 x 360\u00b0 l\u012bnijas<\/td>\n<\/tr>\n<tr>\n<td>Sader\u012bgi l\u0101zera starojuma uztv\u0113r\u0113ji<\/td>\n<td>LR 7<\/td>\n<\/tr>\n<\/tbody>\n<\/table>\n","protected":false},"excerpt":{"rendered":"<p>BOSCH GLL 3-80 CG + BM1 sienas stat\u012bvs + (akumul. 1&#215;2.0Ah) + LR7 (uztv\u0113r\u0113js) + L-Boxx. Kruststaru l\u0101zerl\u012bme\u0146radis. Tr\u012bsstaru l\u0101zeris Bosch, aizvieto veco modeli BOSCH GLL 3-80 P + BM1. Bosch 0601063RL7 3 x 360\u00b0 platas, za\u013cas l\u0101zera l\u012bnijas nodro\u0161ina optim\u0101lu redzam\u012bbu. Vienk\u0101r\u0161i savienojams. Spo\u017eas, za\u013cas l\u0101zera l\u012bnijas nodro\u0161ina l\u012bdz pat \u010detr\u0101m reiz\u0113m lab\u0101ku redzam\u012bbu, [&hellip;]<\/p>\n","protected":false},"featured_media":31374,"comment_status":"closed","ping_status":"closed","template":"","meta":{"inline_featured_image":false,"_uf_show_specific_survey":0,"_uf_disable_surveys":false},"product_brand":[],"product_cat":[2441],"product_tag":[2494,1933,2497,1935],"class_list":{"0":"post-31372","1":"product","2":"type-product","3":"status-publish","4":"has-post-thumbnail","6":"product_cat-dazadi","7":"product_tag-bosch-lazeris","8":"product_tag-bosch-nivelieris","9":"product_tag-lets-lazeris","10":"product_tag-lets-nivelieris","13":"first","14":"outofstock","15":"sale","16":"taxable","17":"shipping-taxable","18":"purchasable","19":"product-type-simple"},"_links":{"self":[{"href":"https:\/\/kraftlager.lv\/ru\/wp-json\/wp\/v2\/product\/31372","targetHints":{"allow":["GET"]}}],"collection":[{"href":"https:\/\/kraftlager.lv\/ru\/wp-json\/wp\/v2\/product"}],"about":[{"href":"https:\/\/kraftlager.lv\/ru\/wp-json\/wp\/v2\/types\/product"}],"replies":[{"embeddable":true,"href":"https:\/\/kraftlager.lv\/ru\/wp-json\/wp\/v2\/comments?post=31372"}],"wp:featuredmedia":[{"embeddable":true,"href":"https:\/\/kraftlager.lv\/ru\/wp-json\/wp\/v2\/media\/31374"}],"wp:attachment":[{"href":"https:\/\/kraftlager.lv\/ru\/wp-json\/wp\/v2\/media?parent=31372"}],"wp:term":[{"taxonomy":"product_brand","embeddable":true,"href":"https:\/\/kraftlager.lv\/ru\/wp-json\/wp\/v2\/product_brand?post=31372"},{"taxonomy":"product_cat","embeddable":true,"href":"https:\/\/kraftlager.lv\/ru\/wp-json\/wp\/v2\/product_cat?post=31372"},{"taxonomy":"product_tag","embeddable":true,"href":"https:\/\/kraftlager.lv\/ru\/wp-json\/wp\/v2\/product_tag?post=31372"}],"curies":[{"name":"wp","href":"https:\/\/api.w.org\/{rel}","templated":true}]}}