{"id":31376,"date":"2024-10-22T13:34:22","date_gmt":"2024-10-22T13:34:22","guid":{"rendered":"https:\/\/kraftlager.lv\/lv\/?post_type=product&#038;p=31376"},"modified":"2025-08-06T10:35:08","modified_gmt":"2025-08-06T10:35:08","slug":"rotacijas-lazernivelieris-bosch-grl-400-h","status":"publish","type":"product","link":"https:\/\/kraftlager.lv\/ru\/products\/rotacijas-lazernivelieris-bosch-grl-400-h\/","title":{"rendered":"Rot\u0101cijas l\u0101zernivelieris Bosch GRL 400 H"},"content":{"rendered":"<h3>Rot\u0101cijas l\u0101zernivelieris Bosch GRL 400 H + l\u0101zera uztv\u0113r\u0113js LR 45<\/h3>\n<p>&nbsp;<\/p>\n<table id=\"product-attribute-specs-table\" class=\"data-table\" cellspacing=\"0\">\n<tbody>\n<tr class=\"first odd\">\n<td>Ra\u017eot\u0101js<\/td>\n<td class=\"data last\">Bosch<\/td>\n<\/tr>\n<tr class=\"even\">\n<td>Svars<\/td>\n<td class=\"data last\">2 kg<\/td>\n<\/tr>\n<tr class=\"odd\">\n<td>Kop\u0113jais svars ar iepakojumu<\/td>\n<td class=\"data last\">5.51 kg<\/td>\n<\/tr>\n<tr class=\"even\">\n<td>Profesion\u0101ls \/ Amatieru<\/td>\n<td class=\"data last\">Profesion\u0101ls<\/td>\n<\/tr>\n<tr class=\"odd\">\n<td>Vai komplekt\u0101 ietilpst akumulators<\/td>\n<td class=\"data last\">J\u0101<\/td>\n<\/tr>\n<tr class=\"even\">\n<td>Akumulatora spriegums<\/td>\n<td class=\"data last\">1,5 V<\/td>\n<\/tr>\n<tr class=\"odd\">\n<td>Akumulatora ietilp\u012bba un vienumu skaits<\/td>\n<td class=\"data last\">2&#215;1,5 V LR6; 2&#215;1,5 V LR20<\/td>\n<\/tr>\n<tr class=\"even\">\n<td>Bateriju daudzums<\/td>\n<td class=\"data last\">4<\/td>\n<\/tr>\n<tr class=\"odd\">\n<td>Darb\u012bbas laiks<\/td>\n<td class=\"data last\">30 h<\/td>\n<\/tr>\n<tr class=\"even\">\n<td>Tips<\/td>\n<td class=\"data last\">Rot\u0101cijas l\u0101zernivelieris<\/td>\n<\/tr>\n<tr class=\"odd\">\n<td>L\u0101zera tips<\/td>\n<td class=\"data last\">Rot\u0113jo\u0161s stars<\/td>\n<\/tr>\n<tr class=\"even\">\n<td>L\u0101zera klase<\/td>\n<td class=\"data last\">2<\/td>\n<\/tr>\n<tr class=\"odd\">\n<td>L\u0101zera vi\u013c\u0146a garums<\/td>\n<td class=\"data last\">635 nm<\/td>\n<\/tr>\n<tr class=\"even\">\n<td>Precizit\u0101te<\/td>\n<td class=\"data last\">\u00b1 0.08 mm<\/td>\n<\/tr>\n<tr class=\"odd\">\n<td>Izl\u012bdzin\u0101\u0161anas precizit\u0101te<\/td>\n<td class=\"data last\">\u00b1 5\u00b0<\/td>\n<\/tr>\n<tr class=\"even\">\n<td>Maks. m\u0113r\u012b\u0161anas distance<\/td>\n<td class=\"data last\">20 m<\/td>\n<\/tr>\n<tr class=\"odd\">\n<td>Maks. m\u0113r\u012b\u0161anas att\u0101lums ar uztv\u0113r\u0113ju<\/td>\n<td class=\"data last\">400 m<\/td>\n<\/tr>\n<tr class=\"even\">\n<td>Stara kr\u0101sa<\/td>\n<td class=\"data last\">Sarkans<\/td>\n<\/tr>\n<tr class=\"odd\">\n<td>Darb\u012bbas temperat\u016bra<\/td>\n<td class=\"data last\">-10\u00b0C &#8211; +50\u00b0C<\/td>\n<\/tr>\n<tr class=\"even\">\n<td>Autom\u0101tiska l\u012bme\u0146a regul\u0113\u0161ana<\/td>\n<td class=\"data last\">J\u0101<\/td>\n<\/tr>\n<tr class=\"odd\">\n<td>V\u012btnes diametrs<\/td>\n<td class=\"data last\">5\/8&#8243; (15,82 mm)<\/td>\n<\/tr>\n<tr class=\"even\">\n<td>Komplekt\u0101 uztv\u0113r\u0113js<\/td>\n<td class=\"data last\">LR 45<\/td>\n<\/tr>\n<tr class=\"odd\">\n<td>Vai komplekt\u0101 ir iek\u013cauts koferis<\/td>\n<td class=\"data last\">J\u0101, L-Boxx 238<\/td>\n<\/tr>\n<tr class=\"last even\">\n<td>Dro\u0161\u012bbas klase<\/td>\n<td class=\"data last\">IP56<\/td>\n<\/tr>\n<\/tbody>\n<\/table>\n","protected":false},"excerpt":{"rendered":"<p>Rot\u0101cijas l\u0101zernivelieris Bosch GRL 400 H + l\u0101zera uztv\u0113r\u0113js LR 45 &nbsp; Ra\u017eot\u0101js Bosch Svars 2 kg Kop\u0113jais svars ar iepakojumu 5.51 kg Profesion\u0101ls \/ Amatieru Profesion\u0101ls Vai komplekt\u0101 ietilpst akumulators J\u0101 Akumulatora spriegums 1,5 V Akumulatora ietilp\u012bba un vienumu skaits 2&#215;1,5 V LR6; 2&#215;1,5 V LR20 Bateriju daudzums 4 Darb\u012bbas laiks 30 h Tips [&hellip;]<\/p>\n","protected":false},"featured_media":31377,"comment_status":"closed","ping_status":"closed","template":"","meta":{"inline_featured_image":false,"_uf_show_specific_survey":0,"_uf_disable_surveys":false},"product_brand":[],"product_cat":[2441],"product_tag":[],"class_list":{"0":"post-31376","1":"product","2":"type-product","3":"status-publish","4":"has-post-thumbnail","6":"product_cat-dazadi","9":"first","10":"outofstock","11":"sale","12":"taxable","13":"shipping-taxable","14":"purchasable","15":"product-type-simple"},"_links":{"self":[{"href":"https:\/\/kraftlager.lv\/ru\/wp-json\/wp\/v2\/product\/31376","targetHints":{"allow":["GET"]}}],"collection":[{"href":"https:\/\/kraftlager.lv\/ru\/wp-json\/wp\/v2\/product"}],"about":[{"href":"https:\/\/kraftlager.lv\/ru\/wp-json\/wp\/v2\/types\/product"}],"replies":[{"embeddable":true,"href":"https:\/\/kraftlager.lv\/ru\/wp-json\/wp\/v2\/comments?post=31376"}],"wp:featuredmedia":[{"embeddable":true,"href":"https:\/\/kraftlager.lv\/ru\/wp-json\/wp\/v2\/media\/31377"}],"wp:attachment":[{"href":"https:\/\/kraftlager.lv\/ru\/wp-json\/wp\/v2\/media?parent=31376"}],"wp:term":[{"taxonomy":"product_brand","embeddable":true,"href":"https:\/\/kraftlager.lv\/ru\/wp-json\/wp\/v2\/product_brand?post=31376"},{"taxonomy":"product_cat","embeddable":true,"href":"https:\/\/kraftlager.lv\/ru\/wp-json\/wp\/v2\/product_cat?post=31376"},{"taxonomy":"product_tag","embeddable":true,"href":"https:\/\/kraftlager.lv\/ru\/wp-json\/wp\/v2\/product_tag?post=31376"}],"curies":[{"name":"wp","href":"https:\/\/api.w.org\/{rel}","templated":true}]}}