{"id":31402,"date":"2024-11-26T10:05:56","date_gmt":"2024-11-26T10:05:56","guid":{"rendered":"https:\/\/kraftlager.lv\/lv\/?post_type=product&#038;p=31402"},"modified":"2024-12-12T13:09:13","modified_gmt":"2024-12-12T13:09:13","slug":"divans-gulta-flic-142-cm","status":"publish","type":"product","link":"https:\/\/kraftlager.lv\/ru\/products\/divans-gulta-flic-142-cm\/","title":{"rendered":"D\u012bv\u0101ns gulta FLIC 142 cm"},"content":{"rendered":"<h3>D\u012bv\u0101ns gulta FLIC 142 cm<\/h3>\n<p>Kr\u0101sa: Tum\u0161i sarkans<\/p>\n<p>Materi\u0101ls: Vel\u016brs<\/p>\n<p id=\"tw-target-text\" class=\"tw-data-text tw-text-large tw-ta\" dir=\"ltr\" data-placeholder=\"Translation\" data-ved=\"2ahUKEwj5_diQ3_mJAxX9BxAIHXSREHcQ3ewLegQICxAU\" aria-label=\"Translated text: Retro stils vienm\u0113r ir popul\u0101rs, un \u0161\u012b stila m\u0113beles bie\u017ei tiek ievietotas j\u016bsu istab\u0101s. Mums ir v\u0113l viens retro d\u012bv\u0101ns, kas ne tikai izskat\u0101s unik\u0101ls, bet galvenok\u0101rt praktisks. Flic modelis ir ide\u0101li piem\u0113rots j\u016bsu viesistabai vai viesu istabai, k\u0101 ar\u012b z\u0113nu segai.\n\nT\u0101s r\u0101mis ir izgatavots no trim r\u0101mjiem, kas izgatavoti no iztur\u012bga di\u017esk\u0101bar\u017ea un sapl\u0101k\u0161\u0146a. R\u0101mji tiek tur\u0113ti kop\u0101 ar met\u0101la meh\u0101nismiem. Atzveltnes kr\u0113sls ir polster\u0113ts ar elast\u012bg\u0101m put\u0101m, kas nodro\u0161ina komfortu un labsaj\u016btu. D\u012bv\u0101ns st\u0101v uz elegant\u0101m koka k\u0101j\u0101m, kuru augstums ir 13 cm.\n\nRetro stila Flic d\u012bv\u0101ns ar garumu 142 cm ir izv\u0113le jebkurai viesistabai, kur nepiecie\u0161ama papildu gu\u013camvieta, kad ciemos ierodas negaid\u012bti viesi. To var \u0101tri atloc\u012bt un saloc\u012bt. \u012apa\u0161i \u0113rta k\u0101 vieta s\u0113d\u0113\u0161anai, k\u0101 ar\u012b k\u0101 mier\u012bga vieta gul\u0113\u0161anai. Flic m\u0113be\u013cu kolekcij\u0101 ir ar\u012b atzveltnes kr\u0113sls un maz\u0101ki d\u012bv\u0101ni.\"><span class=\"Y2IQFc\" lang=\"lv\">Retro stils vienm\u0113r ir popul\u0101rs, un \u0161\u012b stila m\u0113beles bie\u017ei tiek ievietotas j\u016bsu istab\u0101s. Mums ir v\u0113l viens retro d\u012bv\u0101ns, kas ne tikai izskat\u0101s unik\u0101ls, bet galvenok\u0101rt praktisks. Flic modelis ir ide\u0101li piem\u0113rots j\u016bsu viesistabai vai viesu istabai, k\u0101 ar\u012b z\u0113nu segai. T\u0101s r\u0101mis ir izgatavots no trim r\u0101mjiem, kas izgatavoti no iztur\u012bga di\u017esk\u0101bar\u017ea un sapl\u0101k\u0161\u0146a. R\u0101mji tiek tur\u0113ti kop\u0101 ar met\u0101la meh\u0101nismiem. Atzveltnes kr\u0113sls ir polster\u0113ts ar elast\u012bg\u0101m put\u0101m, kas nodro\u0161ina komfortu un labsaj\u016btu. D\u012bv\u0101ns st\u0101v uz elegant\u0101m koka k\u0101j\u0101m, kuru augstums ir 13 cm. Retro stila Flic d\u012bv\u0101ns ar garumu 142 cm ir izv\u0113le jebkurai viesistabai, kur nepiecie\u0161ama papildu gu\u013camvieta, kad ciemos ierodas negaid\u012bti viesi. To var \u0101tri atloc\u012bt un saloc\u012bt. \u012apa\u0161i \u0113rta k\u0101 vieta s\u0113d\u0113\u0161anai, k\u0101 ar\u012b k\u0101 mier\u012bga vieta gul\u0113\u0161anai. Flic m\u0113be\u013cu kolekcij\u0101 ir ar\u012b atzveltnes kr\u0113sls un maz\u0101ki d\u012bv\u0101ni.<\/span><\/p>\n<pre id=\"tw-target-text\" class=\"tw-data-text tw-text-large tw-ta\" dir=\"ltr\" data-placeholder=\"Translation\" data-ved=\"2ahUKEwj5_diQ3_mJAxX9BxAIHXSREHcQ3ewLegQICxAU\" aria-label=\"Translated text: Platums\r\n142 cm\r\nAugstums\r\n78 cm\r\ndzi\u013cums\r\n90 cm\r\nSvars (neto)\r\n42 kg\r\nS\u0113dek\u013ca platums\r\n142 cm\r\nS\u0113dek\u013ca augstums\r\n42 cm\r\nS\u0113dek\u013ca dzi\u013cums\r\n62 cm\r\nAtzveltnes augstums\r\n42 cm\r\nk\u0101ju augstums\r\n13 cm\r\nGu\u013cu virsmas platums\r\n142 cm\r\nGu\u013cu virsmas dzi\u013cums\r\n182 cm\r\nD\u012bv\u0101na dzi\u013cums p\u0113c izloc\u012b\u0161anas\r\n182 cm\r\nMainiet vien\u012bbas\"><span class=\"Y2IQFc\" lang=\"lv\">Platums\r\n142 cm\r\nAugstums\r\n78 cm\r\ndzi\u013cums\r\n90 cm\r\nSvars (neto)\r\n42 kg\r\nS\u0113dek\u013ca platums\r\n142 cm\r\nS\u0113dek\u013ca augstums\r\n42 cm\r\nS\u0113dek\u013ca dzi\u013cums\r\n62 cm\r\nAtzveltnes augstums\r\n42 cm\r\nk\u0101ju augstums\r\n13 cm\r\nGu\u013cu virsmas platums\r\n142 cm\r\nGu\u013cu virsmas dzi\u013cums\r\n182 cm\r\nD\u012bv\u0101na dzi\u013cums p\u0113c izloc\u012b\u0161anas\r\n182 cm\r\n\r\n<\/span><\/pre>\n","protected":false},"excerpt":{"rendered":"<p>D\u012bv\u0101ns gulta FLIC 142 cm Kr\u0101sa: Tum\u0161i sarkans Materi\u0101ls: Vel\u016brs Retro stils vienm\u0113r ir popul\u0101rs, un \u0161\u012b stila m\u0113beles bie\u017ei tiek ievietotas j\u016bsu istab\u0101s. Mums ir v\u0113l viens retro d\u012bv\u0101ns, kas ne tikai izskat\u0101s unik\u0101ls, bet galvenok\u0101rt praktisks. Flic modelis ir ide\u0101li piem\u0113rots j\u016bsu viesistabai vai viesu istabai, k\u0101 ar\u012b z\u0113nu segai. T\u0101s r\u0101mis ir [&hellip;]<\/p>\n","protected":false},"featured_media":31403,"comment_status":"closed","ping_status":"closed","template":"","meta":{"inline_featured_image":false,"_uf_show_specific_survey":0,"_uf_disable_surveys":false},"product_brand":[],"product_cat":[130],"product_tag":[966,2119,2118,2140,2120],"class_list":{"0":"post-31402","1":"product","2":"type-product","3":"status-publish","4":"has-post-thumbnail","6":"product_cat-mebeles","7":"product_tag-2-vietigs-divans","8":"product_tag-bernu-divans","9":"product_tag-divans-gulta","10":"product_tag-saliekams-divans","11":"product_tag-viesu-divans","14":"first","15":"outofstock","16":"sale","17":"taxable","18":"shipping-taxable","19":"purchasable","20":"product-type-simple"},"_links":{"self":[{"href":"https:\/\/kraftlager.lv\/ru\/wp-json\/wp\/v2\/product\/31402","targetHints":{"allow":["GET"]}}],"collection":[{"href":"https:\/\/kraftlager.lv\/ru\/wp-json\/wp\/v2\/product"}],"about":[{"href":"https:\/\/kraftlager.lv\/ru\/wp-json\/wp\/v2\/types\/product"}],"replies":[{"embeddable":true,"href":"https:\/\/kraftlager.lv\/ru\/wp-json\/wp\/v2\/comments?post=31402"}],"wp:featuredmedia":[{"embeddable":true,"href":"https:\/\/kraftlager.lv\/ru\/wp-json\/wp\/v2\/media\/31403"}],"wp:attachment":[{"href":"https:\/\/kraftlager.lv\/ru\/wp-json\/wp\/v2\/media?parent=31402"}],"wp:term":[{"taxonomy":"product_brand","embeddable":true,"href":"https:\/\/kraftlager.lv\/ru\/wp-json\/wp\/v2\/product_brand?post=31402"},{"taxonomy":"product_cat","embeddable":true,"href":"https:\/\/kraftlager.lv\/ru\/wp-json\/wp\/v2\/product_cat?post=31402"},{"taxonomy":"product_tag","embeddable":true,"href":"https:\/\/kraftlager.lv\/ru\/wp-json\/wp\/v2\/product_tag?post=31402"}],"curies":[{"name":"wp","href":"https:\/\/api.w.org\/{rel}","templated":true}]}}